{"id":42781,"date":"2024-01-19T10:07:51","date_gmt":"2024-01-19T09:07:51","guid":{"rendered":"https:\/\/www.pharmacieonline.lu\/?post_type=product&#038;p=42781"},"modified":"2026-04-11T12:25:20","modified_gmt":"2026-04-11T10:25:20","slug":"bio-marine-naturel-120-caps","status":"publish","type":"product","link":"https:\/\/www.pharmacieonline.lu\/de\/produit\/bio-marine-naturel-120-caps\/","title":{"rendered":"BIO MARINE NATUREL 120 CAPS"},"content":{"rendered":"<p>Nat\u00fcrliches Fisch\u00f6l, reich an EPA und DHA, in reinen Fischgelatinekapseln.<\/p>\n<p>EPA und DHA sind sehr wichtige Fetts\u00e4uren, sie sind am Aufbau von Zellmembranen beteiligt, insbesondere an Gehirnzellen, Synapsen, der Netzhaut, dem Innenohr und den Geschlechtsdr\u00fcsen. Diese Fetts\u00e4uren sind in fettem Fisch enthalten und k\u00f6nnen aus Lein- oder Walnuss\u00f6l hergestellt werden. Leider sind diese Lebensmittel in den Essgewohnheiten vieler Menschen nicht vorhanden. Eine Nahrungserg\u00e4nzung mit Bio-Marine Naturel kann daher f\u00fcr viele Menschen sehr sinnvoll sein.<\/p>\n<p>Bio-Marine Naturel wird bei Pharma Nord selbst aus Fisch\u00f6len hergestellt, die aufgrund ihrer Qualit\u00e4t sorgf\u00e4ltig ausgew\u00e4hlt wurden. Die Reinheitskriterien von Pharma Nord gehen \u00fcber die europ\u00e4ischen Standards in Bezug auf den Mindestgehalt an Schwermetallen, Pestiziden und Peroxiden hinaus. Mit Bio-Marine Naturel entscheiden Sie sich f\u00fcr die beste Qualit\u00e4t.<\/p>","protected":false},"excerpt":{"rendered":"<p>Nat\u00fcrliches Fisch\u00f6l, reich an EPA und DHA, in reinen Fischgelatinekapseln. EPA und DHA sind sehr wichtige Fetts\u00e4uren, sie sind am Aufbau von Zellmembranen beteiligt, insbesondere an Gehirnzellen, Synapsen, der Netzhaut, dem Innenohr und den Geschlechtsdr\u00fcsen. Diese Fetts\u00e4uren sind in fettem Fisch enthalten und k\u00f6nnen aus Lein- oder Walnuss\u00f6l hergestellt werden. Leider sind diese Lebensmittel in [&hellip;]<\/p>\n","protected":false},"featured_media":42784,"template":"","meta":{"_acf_changed":false,"footnotes":""},"product_brand":[],"product_cat":[766,953],"product_tag":[],"class_list":{"0":"post-42781","1":"product","2":"type-product","3":"status-publish","4":"has-post-thumbnail","6":"product_cat-vitamines","7":"product_cat-complements-alimentaires","9":"first","10":"instock","11":"taxable","12":"shipping-taxable","13":"purchasable","14":"product-type-simple"},"acf":[],"_links":{"self":[{"href":"https:\/\/www.pharmacieonline.lu\/de\/wp-json\/wp\/v2\/product\/42781","targetHints":{"allow":["GET"]}}],"collection":[{"href":"https:\/\/www.pharmacieonline.lu\/de\/wp-json\/wp\/v2\/product"}],"about":[{"href":"https:\/\/www.pharmacieonline.lu\/de\/wp-json\/wp\/v2\/types\/product"}],"version-history":[{"count":0,"href":"https:\/\/www.pharmacieonline.lu\/de\/wp-json\/wp\/v2\/product\/42781\/revisions"}],"wp:featuredmedia":[{"embeddable":true,"href":"https:\/\/www.pharmacieonline.lu\/de\/wp-json\/wp\/v2\/media\/42784"}],"wp:attachment":[{"href":"https:\/\/www.pharmacieonline.lu\/de\/wp-json\/wp\/v2\/media?parent=42781"}],"wp:term":[{"taxonomy":"product_brand","embeddable":true,"href":"https:\/\/www.pharmacieonline.lu\/de\/wp-json\/wp\/v2\/product_brand?post=42781"},{"taxonomy":"product_cat","embeddable":true,"href":"https:\/\/www.pharmacieonline.lu\/de\/wp-json\/wp\/v2\/product_cat?post=42781"},{"taxonomy":"product_tag","embeddable":true,"href":"https:\/\/www.pharmacieonline.lu\/de\/wp-json\/wp\/v2\/product_tag?post=42781"}],"curies":[{"name":"wp","href":"https:\/\/api.w.org\/{rel}","templated":true}]}}