{"id":42806,"date":"2024-01-19T10:34:40","date_gmt":"2024-01-19T09:34:40","guid":{"rendered":"https:\/\/www.pharmacieonline.lu\/?post_type=product&#038;p=42806"},"modified":"2026-04-11T14:25:20","modified_gmt":"2026-04-11T12:25:20","slug":"bio-glucosamine-plus-100-cpr","status":"publish","type":"product","link":"https:\/\/www.pharmacieonline.lu\/de\/produit\/bio-glucosamine-plus-100-cpr\/","title":{"rendered":"BIO GLUCOSAMINE PLUS 100 CPR"},"content":{"rendered":"<p>Bio-Glucosamin Plus enth\u00e4lt Glucosamin in Sulfatform. Neben Glucosaminsulfat und Chondroitin enth\u00e4lt Bio-Glucosamin Plus auch Vitamin C, einen N\u00e4hrstoff, der bei der normalen Kollagenbildung des K\u00f6rpers eine Rolle spielt.<\/p>\n<p>Kollagen ist ein vernetztes Protein, das in menschlichen Geweben vorkommt. Wie ein Eisengeflecht, das Geb\u00e4udestrukturen verst\u00e4rkt, verleiht Kollagen Gewebe und Haut Elastizit\u00e4t und Zugfestigkeit. Es bietet eine n\u00fctzliche Unterst\u00fctzung, insbesondere f\u00fcr die Gelenke. Vitamin C ist f\u00fcr den Aufbau und die Erhaltung fast aller Bindegewebe im K\u00f6rper notwendig, einschlie\u00dflich Sehnen, B\u00e4nder, Knorpel, Knochen, Haut usw.<\/p>\n<p>Bei oraler Einnahme diffundiert Bio-Glucosamin Plus schnell in die meisten Gewebe und Organe. Es wird im Knorpel und in den Knochen zur\u00fcckgehalten, wo es eine gro\u00dfe Affinit\u00e4t aufweist. Die regelm\u00e4\u00dfige Einnahme dieses Nahrungserg\u00e4nzungsmittels, insbesondere bei \u00e4lteren Erwachsenen, ist eine sichere und wirksame M\u00f6glichkeit, die Gesundheit und Funktion der Gelenke zu erhalten.<\/p>\n<p>Indikation<\/p>\n<p>Spielt eine wichtige Rolle bei der Kollagensynthese, um die normale Funktion von Knochen und Knorpel sicherzustellen.<\/p>\n<p>Verwenden<\/p>\n<p>3 Tabletten pro Tag, vorzugsweise w\u00e4hrend der Mahlzeiten einzunehmen.<\/p>\n<p>Komposition<\/p>\n<p>Zusammensetzung pro Tablette:<\/p>\n<p>Glucosaminsulfat 2KCL (aus Meeresfr\u00fcchten) 500 mg; Knorpelextrakt (Rinderchondroitinsulfat) 20 mg; Fischprotein 40 mg; F\u00fcllstoff: mikrokristalline Cellulose, Tricalciumphosphat; Spirulina-Konzentrat (Spirulina platensis); L-Ascorbins\u00e4ure (Vitamin C); Trennmittel: Magnesiumsalze der Speisefetts\u00e4uren, Siliciumdioxid. Glanzmittel: Calciumcarbonat, Hydroxypropylmethylcellulose.<\/p>","protected":false},"excerpt":{"rendered":"<p>Bio-Glucosamin Plus enth\u00e4lt Glucosamin in Sulfatform. Neben Glucosaminsulfat und Chondroitin enth\u00e4lt Bio-Glucosamin Plus auch Vitamin C, einen N\u00e4hrstoff, der bei der normalen Kollagenbildung des K\u00f6rpers eine Rolle spielt. Kollagen ist ein vernetztes Protein, das in menschlichen Geweben vorkommt. Wie ein Eisengeflecht, das Geb\u00e4udestrukturen verst\u00e4rkt, verleiht Kollagen Gewebe und Haut Elastizit\u00e4t und Zugfestigkeit. Es bietet eine [&hellip;]<\/p>\n","protected":false},"featured_media":42808,"template":"","meta":{"_acf_changed":false,"footnotes":""},"product_brand":[],"product_cat":[766,953],"product_tag":[],"class_list":{"0":"post-42806","1":"product","2":"type-product","3":"status-publish","4":"has-post-thumbnail","6":"product_cat-vitamines","7":"product_cat-complements-alimentaires","9":"first","10":"instock","11":"taxable","12":"shipping-taxable","13":"purchasable","14":"product-type-simple"},"acf":[],"_links":{"self":[{"href":"https:\/\/www.pharmacieonline.lu\/de\/wp-json\/wp\/v2\/product\/42806","targetHints":{"allow":["GET"]}}],"collection":[{"href":"https:\/\/www.pharmacieonline.lu\/de\/wp-json\/wp\/v2\/product"}],"about":[{"href":"https:\/\/www.pharmacieonline.lu\/de\/wp-json\/wp\/v2\/types\/product"}],"version-history":[{"count":0,"href":"https:\/\/www.pharmacieonline.lu\/de\/wp-json\/wp\/v2\/product\/42806\/revisions"}],"wp:featuredmedia":[{"embeddable":true,"href":"https:\/\/www.pharmacieonline.lu\/de\/wp-json\/wp\/v2\/media\/42808"}],"wp:attachment":[{"href":"https:\/\/www.pharmacieonline.lu\/de\/wp-json\/wp\/v2\/media?parent=42806"}],"wp:term":[{"taxonomy":"product_brand","embeddable":true,"href":"https:\/\/www.pharmacieonline.lu\/de\/wp-json\/wp\/v2\/product_brand?post=42806"},{"taxonomy":"product_cat","embeddable":true,"href":"https:\/\/www.pharmacieonline.lu\/de\/wp-json\/wp\/v2\/product_cat?post=42806"},{"taxonomy":"product_tag","embeddable":true,"href":"https:\/\/www.pharmacieonline.lu\/de\/wp-json\/wp\/v2\/product_tag?post=42806"}],"curies":[{"name":"wp","href":"https:\/\/api.w.org\/{rel}","templated":true}]}}