{"id":42819,"date":"2024-01-19T11:00:38","date_gmt":"2024-01-19T10:00:38","guid":{"rendered":"https:\/\/www.pharmacieonline.lu\/?post_type=product&#038;p=42819"},"modified":"2026-04-11T17:55:13","modified_gmt":"2026-04-11T15:55:13","slug":"bio-q10-gold-100-mg-180-caps","status":"publish","type":"product","link":"https:\/\/www.pharmacieonline.lu\/de\/produit\/bio-q10-gold-100-mg-180-caps\/","title":{"rendered":"BIO Q10 GOLD 100 MG 180 CAPS"},"content":{"rendered":"<p>Form von Q10, identisch mit der nat\u00fcrlichen Form, mit hoher Bioverf\u00fcgbarkeit und garantierter Sicherheit. Mit dem Zusatz von Vitamin B2 (Riboflavin) zur Unterst\u00fctzung der k\u00f6rpereigenen Energieproduktion.<\/p>\n<p>Indikation<\/p>\n<p>Gut f\u00fcr Ihre Energie<\/p>\n<p>Verwenden<\/p>\n<p>1 bis 2 Kapsel(n) pro Tag. Am besten mit Wasser w\u00e4hrend einer Mahlzeit einnehmen.<\/p>\n<p>\u00dcberschreiten Sie nicht die empfohlene Tagesmenge. Kann eine abwechslungsreiche und ausgewogene Ern\u00e4hrung nicht ersetzen. Es ist wichtig, einen gesunden Lebensstil zu haben.<\/p>\n<p>Komposition<\/p>\n<p>Zusammensetzung pro Kapsel:<\/p>\n<p>Soja\u00f6l (Glycine Max) und teilweise hydriertes Soja\u00f6l (Glycine Max); Gelatine; Coenzym Q10 (Ubichinon) 100 mg; Feuchthaltemittel: Glycerin; Antioxidans: Alpha-Tocopherol; Vitamin B2 (Riboflavin) 1,4 mg; Farbstoffe: Eisenoxid und Riboflavin.<\/p>","protected":false},"excerpt":{"rendered":"<p>Form von Q10, identisch mit der nat\u00fcrlichen Form, mit hoher Bioverf\u00fcgbarkeit und garantierter Sicherheit. Mit dem Zusatz von Vitamin B2 (Riboflavin) zur Unterst\u00fctzung der k\u00f6rpereigenen Energieproduktion. Indikation Gut f\u00fcr Ihre Energie Verwenden 1 bis 2 Kapsel(n) pro Tag. Am besten mit Wasser w\u00e4hrend einer Mahlzeit einnehmen. \u00dcberschreiten Sie nicht die empfohlene Tagesmenge. Kann eine abwechslungsreiche [&hellip;]<\/p>\n","protected":false},"featured_media":42821,"template":"","meta":{"_acf_changed":false,"footnotes":""},"product_brand":[],"product_cat":[766,953],"product_tag":[],"class_list":{"0":"post-42819","1":"product","2":"type-product","3":"status-publish","4":"has-post-thumbnail","6":"product_cat-vitamines","7":"product_cat-complements-alimentaires","9":"first","10":"outofstock","11":"taxable","12":"shipping-taxable","13":"purchasable","14":"product-type-simple"},"acf":[],"_links":{"self":[{"href":"https:\/\/www.pharmacieonline.lu\/de\/wp-json\/wp\/v2\/product\/42819","targetHints":{"allow":["GET"]}}],"collection":[{"href":"https:\/\/www.pharmacieonline.lu\/de\/wp-json\/wp\/v2\/product"}],"about":[{"href":"https:\/\/www.pharmacieonline.lu\/de\/wp-json\/wp\/v2\/types\/product"}],"version-history":[{"count":0,"href":"https:\/\/www.pharmacieonline.lu\/de\/wp-json\/wp\/v2\/product\/42819\/revisions"}],"wp:featuredmedia":[{"embeddable":true,"href":"https:\/\/www.pharmacieonline.lu\/de\/wp-json\/wp\/v2\/media\/42821"}],"wp:attachment":[{"href":"https:\/\/www.pharmacieonline.lu\/de\/wp-json\/wp\/v2\/media?parent=42819"}],"wp:term":[{"taxonomy":"product_brand","embeddable":true,"href":"https:\/\/www.pharmacieonline.lu\/de\/wp-json\/wp\/v2\/product_brand?post=42819"},{"taxonomy":"product_cat","embeddable":true,"href":"https:\/\/www.pharmacieonline.lu\/de\/wp-json\/wp\/v2\/product_cat?post=42819"},{"taxonomy":"product_tag","embeddable":true,"href":"https:\/\/www.pharmacieonline.lu\/de\/wp-json\/wp\/v2\/product_tag?post=42819"}],"curies":[{"name":"wp","href":"https:\/\/api.w.org\/{rel}","templated":true}]}}