{"id":42882,"date":"2024-01-22T16:20:51","date_gmt":"2024-01-22T15:20:51","guid":{"rendered":"https:\/\/www.pharmacieonline.lu\/?post_type=product&#038;p=42882"},"modified":"2026-04-02T21:55:11","modified_gmt":"2026-04-02T19:55:11","slug":"couleurs-de-noir-fusion-glow-fdt-04","status":"publish","type":"product","link":"https:\/\/www.pharmacieonline.lu\/de\/produit\/couleurs-de-noir-fusion-glow-fdt-04\/","title":{"rendered":"COULEURS DE NOIR FUSION GLOW FDT 04"},"content":{"rendered":"<p>Eine langanhaltende Creme-\u00d6l-Formel mit mittlerer bis hoher Deckkraft und einem leichten Gef\u00fchl.<\/p>\n<p>\u2198 Centella asiatica: verhindert Alterung.<br \/>\n\u2198 Vitamin C: stimuliert die Kollagenproduktion.<br \/>\n\u2198 Niacinamid: Gleicht die Haut aus und reduziert die Pigmentierung.<\/p>\n<p>VERWENDEN<\/p>\n<p>Auf das gesamte Gesicht und den Hals auftragen. F\u00fcr eine h\u00f6here Deckkraft mehrere d\u00fcnne Schichten auftragen. Mit Pinsel Nr. 32, Pinsel Nr. 31 oder mit dem Beauty Blender.<\/p>\n<p>KOMPOSITION<\/p>\n<p>AQUA \/ WASSER, BUTYLENGLYKOL, DIMETHICONE, POLYGLYCERYL-3-DIISOSTEARAT, NIACINAMID, VP\/EICOSEN-COPOLYMER, KALIUMCETYLPHOSPHAT, PHENYLTRIMETHICON, HYDROGENIERTES LECITHIN, SQUALAAN, HYDROGENIERTES KOKOSNUSS\u00d6L, TRIMETHYLSILOXYSILICAT, HYDROXYACETOPHEN EINS: ASCORBYLTETRAISOPALMITAT, CAPRYLYL GLYKOL, JOJOBA-ESTER , HELIANTHUS ANNUUS SEED CERA \/ HELIANTHUS ANNUUS (SONNENBLUME) SAMENWACHS, BLUMENWACHS VON CERA \/ ACACIA DECURRENS, TOCOPHEROL [+\/-CI 77891 (TITANDIOXID), CI 77491 (EISENOXIDE), CI 77492 (EISENOXIDE), CI 77499 (EISENOXIDE)]<\/p>","protected":false},"excerpt":{"rendered":"<p>Eine langanhaltende Creme-\u00d6l-Formel mit mittlerer bis hoher Deckkraft und einem leichten Gef\u00fchl. \u2198 Centella asiatica: verhindert Alterung. \u2198 Vitamin C: stimuliert die Kollagenproduktion. \u2198 Niacinamid: Gleicht die Haut aus und reduziert die Pigmentierung. VERWENDEN Auf das gesamte Gesicht und den Hals auftragen. F\u00fcr eine h\u00f6here Deckkraft mehrere d\u00fcnne Schichten auftragen. Mit Pinsel Nr. 32, Pinsel [&hellip;]<\/p>\n","protected":false},"featured_media":42883,"template":"","meta":{"_acf_changed":false,"footnotes":""},"product_brand":[],"product_cat":[47,763,42],"product_tag":[],"class_list":{"0":"post-42882","1":"product","2":"type-product","3":"status-publish","4":"has-post-thumbnail","6":"product_cat-dermocosmetique","7":"product_cat-maquillages","8":"product_cat-para-pharmacie","10":"first","11":"instock","12":"sale","13":"taxable","14":"shipping-taxable","15":"purchasable","16":"product-type-simple"},"acf":[],"_links":{"self":[{"href":"https:\/\/www.pharmacieonline.lu\/de\/wp-json\/wp\/v2\/product\/42882","targetHints":{"allow":["GET"]}}],"collection":[{"href":"https:\/\/www.pharmacieonline.lu\/de\/wp-json\/wp\/v2\/product"}],"about":[{"href":"https:\/\/www.pharmacieonline.lu\/de\/wp-json\/wp\/v2\/types\/product"}],"version-history":[{"count":0,"href":"https:\/\/www.pharmacieonline.lu\/de\/wp-json\/wp\/v2\/product\/42882\/revisions"}],"wp:featuredmedia":[{"embeddable":true,"href":"https:\/\/www.pharmacieonline.lu\/de\/wp-json\/wp\/v2\/media\/42883"}],"wp:attachment":[{"href":"https:\/\/www.pharmacieonline.lu\/de\/wp-json\/wp\/v2\/media?parent=42882"}],"wp:term":[{"taxonomy":"product_brand","embeddable":true,"href":"https:\/\/www.pharmacieonline.lu\/de\/wp-json\/wp\/v2\/product_brand?post=42882"},{"taxonomy":"product_cat","embeddable":true,"href":"https:\/\/www.pharmacieonline.lu\/de\/wp-json\/wp\/v2\/product_cat?post=42882"},{"taxonomy":"product_tag","embeddable":true,"href":"https:\/\/www.pharmacieonline.lu\/de\/wp-json\/wp\/v2\/product_tag?post=42882"}],"curies":[{"name":"wp","href":"https:\/\/api.w.org\/{rel}","templated":true}]}}