{"id":42913,"date":"2024-01-23T12:35:55","date_gmt":"2024-01-23T11:35:55","guid":{"rendered":"https:\/\/www.pharmacieonline.lu\/?post_type=product&#038;p=42913"},"modified":"2026-04-11T17:55:12","modified_gmt":"2026-04-11T15:55:12","slug":"couleurs-de-noir-fusion-matte-fdt-04","status":"publish","type":"product","link":"https:\/\/www.pharmacieonline.lu\/de\/produit\/couleurs-de-noir-fusion-matte-fdt-04\/","title":{"rendered":"COULEURS DE NOIR FUSION MATTE FDT 04"},"content":{"rendered":"<p>Eine haut\u00e4hnliche Textur mit mittlerer bis hoher Deckkraft, die die Haut gl\u00e4ttet und einzieht.<\/p>\n<p>\u2198 Centella Asiatica: verhindert Alterung.<br \/>\n\u2198 Ceramide: spenden Feuchtigkeit und st\u00e4rken die Hautbarriere.<br \/>\n\u2198 Mangoblattextrakt: spendet Feuchtigkeit und reduziert die Talgproduktion.<\/p>\n<p>VERWENDEN<\/p>\n<p>Mit Pinsel Nr. 32, Pinsel Nr. 31 oder dem Beauty Blender auf das gesamte Gesicht und den Hals auftragen. F\u00fcr eine h\u00f6here Deckkraft mehrere d\u00fcnne Schichten auftragen.<\/p>\n<p>KOMPOSITION<\/p>\n<p>AQUA \/ WASSER, HYDROGENIERTES PFLANZLICHES \u00d6L, POLYGLYCERYL-3 POLYRICINOLEAT, HYDROGENIERTES OLIVEN\u00d6L<br \/>\nUnverseifbare Stoffe, Propandiol, Kiesels\u00e4ure, Hexyllaurat, Polyglyceryl-3-Diisostearat, Disteardimonium-Hektorit, Polyglyceryl-4-Isostearat, Magnesiumsulfat, Cetearylalkohol, Samenwachs von Helianthus Annuus Seed Cera\/Helianthus Annuus (Sonnenblume), Caprylylglycol, 1,2-Hex ANEDIOL, NATRIUMDEHYDROACETAT, DISODIUM STEAROYL GLUTAMAT, MAGNESIUMSTEARAT, TOCOPHERYLACETAT, NATRIUMPHYTAT, HYDROGENIERTES POLYBUTEN, CERAMIDE NP, SHOREA ROBUSTA HARZ, RHUS VERNICIFLUA PEEL CERA \/ RHUS VERNICIFLUA PEEL WACHS, ALUMINIUMHYDROXID, MANGIFERA INDICA BLATTEXTRAKT \/ MAN GIFERA INDICA (MANGO) BLATT EXTRAKT, CENTELLA ASIATICA BLATT-EXTRAKT [+\/- CI 77891 (TITANDIOXID), CI 77491 (EISENOXIDE), CI 77492 (EISENOXIDE), CI 77499 (EISENOXIDE)]<\/p>","protected":false},"excerpt":{"rendered":"<p>Eine haut\u00e4hnliche Textur mit mittlerer bis hoher Deckkraft, die die Haut gl\u00e4ttet und einzieht. \u2198 Centella Asiatica: verhindert Alterung. \u2198 Ceramide: spenden Feuchtigkeit und st\u00e4rken die Hautbarriere. \u2198 Mangoblattextrakt: spendet Feuchtigkeit und reduziert die Talgproduktion. VERWENDEN Mit Pinsel Nr. 32, Pinsel Nr. 31 oder dem Beauty Blender auf das gesamte Gesicht und den Hals auftragen. [&hellip;]<\/p>\n","protected":false},"featured_media":42914,"template":"","meta":{"_acf_changed":false,"footnotes":""},"product_brand":[],"product_cat":[47,763,42],"product_tag":[],"class_list":{"0":"post-42913","1":"product","2":"type-product","3":"status-publish","4":"has-post-thumbnail","6":"product_cat-dermocosmetique","7":"product_cat-maquillages","8":"product_cat-para-pharmacie","10":"first","11":"instock","12":"sale","13":"taxable","14":"shipping-taxable","15":"purchasable","16":"product-type-simple"},"acf":[],"_links":{"self":[{"href":"https:\/\/www.pharmacieonline.lu\/de\/wp-json\/wp\/v2\/product\/42913","targetHints":{"allow":["GET"]}}],"collection":[{"href":"https:\/\/www.pharmacieonline.lu\/de\/wp-json\/wp\/v2\/product"}],"about":[{"href":"https:\/\/www.pharmacieonline.lu\/de\/wp-json\/wp\/v2\/types\/product"}],"version-history":[{"count":0,"href":"https:\/\/www.pharmacieonline.lu\/de\/wp-json\/wp\/v2\/product\/42913\/revisions"}],"wp:featuredmedia":[{"embeddable":true,"href":"https:\/\/www.pharmacieonline.lu\/de\/wp-json\/wp\/v2\/media\/42914"}],"wp:attachment":[{"href":"https:\/\/www.pharmacieonline.lu\/de\/wp-json\/wp\/v2\/media?parent=42913"}],"wp:term":[{"taxonomy":"product_brand","embeddable":true,"href":"https:\/\/www.pharmacieonline.lu\/de\/wp-json\/wp\/v2\/product_brand?post=42913"},{"taxonomy":"product_cat","embeddable":true,"href":"https:\/\/www.pharmacieonline.lu\/de\/wp-json\/wp\/v2\/product_cat?post=42913"},{"taxonomy":"product_tag","embeddable":true,"href":"https:\/\/www.pharmacieonline.lu\/de\/wp-json\/wp\/v2\/product_tag?post=42913"}],"curies":[{"name":"wp","href":"https:\/\/api.w.org\/{rel}","templated":true}]}}