{"id":42938,"date":"2024-01-23T17:26:05","date_gmt":"2024-01-23T16:26:05","guid":{"rendered":"https:\/\/www.pharmacieonline.lu\/?post_type=product&#038;p=42938"},"modified":"2026-04-04T03:55:11","modified_gmt":"2026-04-04T01:55:11","slug":"caudalie-vinocrush-cr-teint-3-30ml","status":"publish","type":"product","link":"https:\/\/www.pharmacieonline.lu\/de\/produit\/caudalie-vinocrush-cr-teint-3-30ml\/","title":{"rendered":"CAUDALIE VINOCRUSH CR TEINT 3 30ML"},"content":{"rendered":"<p>Die get\u00f6nte Creme von Vinocrush korrigiert und gleicht die Haut aus und unterstreicht gleichzeitig ihre nat\u00fcrliche Sch\u00f6nheit. Seine eingekapselten Pigmente nat\u00fcrlichen Ursprungs verschmelzen beim Auftragen mit der Haut und offenbaren einen Farbton, der Ihrem Hautton entspricht, f\u00fcr einen makellosen Teint und ein ultra-nat\u00fcrliches Finish. Halb Behandlung, halb Make-up: Die saubere und nat\u00fcrliche Formel mit Hyalurons\u00e4ure und Traubenwasser spendet der Haut den ganzen Tag \u00fcber hydratisierte Haut und einen strahlenden Teint.<\/p>\n<p>INDIKATION<\/p>\n<p>Alle Hauttypen<\/p>\n<p>VERWENDEN<\/p>\n<p>Tragen Sie 1 bis 2 Tupfer der Vinocrush Tinted Cream mit dem Finger auf Gesicht und Hals auf. Verteilen Sie die Textur, um die eingekapselten Pigmente freizusetzen. Ihre Farbe ver\u00e4ndert sich auf der Haut von wei\u00df zu get\u00f6nt und sorgt f\u00fcr einen gleichm\u00e4\u00dfigen und nat\u00fcrlichen Teint.<\/p>\n<p>KOMPOSITION<\/p>\n<p>Aqua\/Wasser\/Eau, Ethyloleat, Kokoscaprylat\/Caprat, CI 77891 (Titandioxid), C13-15-Alkan, C15-19-Alkan, Glycerin, Polyglyceryl-3-Polyricinoleat, Propandiol, Squalan, CI 77492 (Eisenoxide), Glycerylbehenat, Methylpropandiol, Disteardimoniumhectorit, Niacinamid, Natriumchlorid, Vitis vinifera (Trauben-)Fruchtwasser, Celluloseacetat, Siliciumdioxid, Magnesiumstearat, Propylenglykolstearat, CI 77491 (Eisenoxide), CI 77499 (Eisenoxide), Caprylylglycol, Cetylalkohol, Xanthangummi, Tocopherol, Helianthus annuus (Sonnenblumen)-Samen\u00f6l, hydrolysierte Hyalurons\u00e4ure, o-Cymen-5-ol, Phenylpropanol, Vitis vinifera (Trauben)-Saft, Zitronens\u00e4ure, Natriumbenzoat, Kaliumsorbat.(358\/010 )<\/p>","protected":false},"excerpt":{"rendered":"<p>Die get\u00f6nte Creme von Vinocrush korrigiert und gleicht die Haut aus und unterstreicht gleichzeitig ihre nat\u00fcrliche Sch\u00f6nheit. Seine eingekapselten Pigmente nat\u00fcrlichen Ursprungs verschmelzen beim Auftragen mit der Haut und offenbaren einen Farbton, der Ihrem Hautton entspricht, f\u00fcr einen makellosen Teint und ein ultra-nat\u00fcrliches Finish. Halb Behandlung, halb Make-up: Die saubere und nat\u00fcrliche Formel mit Hyalurons\u00e4ure [&hellip;]<\/p>\n","protected":false},"featured_media":42939,"template":"","meta":{"_acf_changed":false,"footnotes":""},"product_brand":[],"product_cat":[47,763,42],"product_tag":[],"class_list":{"0":"post-42938","1":"product","2":"type-product","3":"status-publish","4":"has-post-thumbnail","6":"product_cat-dermocosmetique","7":"product_cat-maquillages","8":"product_cat-para-pharmacie","10":"first","11":"instock","12":"taxable","13":"shipping-taxable","14":"purchasable","15":"product-type-simple"},"acf":[],"_links":{"self":[{"href":"https:\/\/www.pharmacieonline.lu\/de\/wp-json\/wp\/v2\/product\/42938","targetHints":{"allow":["GET"]}}],"collection":[{"href":"https:\/\/www.pharmacieonline.lu\/de\/wp-json\/wp\/v2\/product"}],"about":[{"href":"https:\/\/www.pharmacieonline.lu\/de\/wp-json\/wp\/v2\/types\/product"}],"version-history":[{"count":0,"href":"https:\/\/www.pharmacieonline.lu\/de\/wp-json\/wp\/v2\/product\/42938\/revisions"}],"wp:featuredmedia":[{"embeddable":true,"href":"https:\/\/www.pharmacieonline.lu\/de\/wp-json\/wp\/v2\/media\/42939"}],"wp:attachment":[{"href":"https:\/\/www.pharmacieonline.lu\/de\/wp-json\/wp\/v2\/media?parent=42938"}],"wp:term":[{"taxonomy":"product_brand","embeddable":true,"href":"https:\/\/www.pharmacieonline.lu\/de\/wp-json\/wp\/v2\/product_brand?post=42938"},{"taxonomy":"product_cat","embeddable":true,"href":"https:\/\/www.pharmacieonline.lu\/de\/wp-json\/wp\/v2\/product_cat?post=42938"},{"taxonomy":"product_tag","embeddable":true,"href":"https:\/\/www.pharmacieonline.lu\/de\/wp-json\/wp\/v2\/product_tag?post=42938"}],"curies":[{"name":"wp","href":"https:\/\/api.w.org\/{rel}","templated":true}]}}