{"id":42962,"date":"2024-01-25T14:52:06","date_gmt":"2024-01-25T13:52:06","guid":{"rendered":"https:\/\/www.pharmacieonline.lu\/?post_type=product&#038;p=42962"},"modified":"2026-04-09T05:55:16","modified_gmt":"2026-04-09T03:55:16","slug":"bach-original-agrimony-20-ml-nr-1","status":"publish","type":"product","link":"https:\/\/www.pharmacieonline.lu\/de\/produit\/bach-original-agrimony-20-ml-nr-1\/","title":{"rendered":"BACH ORIGINAL AGRIMONY 20 ML        NR 1"},"content":{"rendered":"<p>Ideal, wenn<\/p>\n<p>Ich habe das Gef\u00fchl, dass ich meine wahren Gef\u00fchle hinter einem L\u00e4cheln verstecke!<\/p>\n<p>Zutaten<\/p>\n<p>Traubenalkohol 27 % v\/v, w\u00e4ssrige L\u00f6sung von Bl\u00fcten von Agrimonia eupatoria L. (Verd\u00fcnnung 1\/500)<\/p>\n<p>Beschreibung<\/p>\n<p>Sie verbergen Ihre wahren Gef\u00fchle hinter einer Fassade, Sie m\u00f6gen keine Konflikte und versuchen, sie zu vermeiden.<\/p>\n<p>Agrimony, auf Franz\u00f6sisch Agrimony genannt, ist die Bachblume der Aufrichtigkeit<\/p>\n<p>Agrimony, oder Agrimony auf Englisch, ist eine mehrj\u00e4hrige Pflanze, deren phytotherapeutische Wirkung seit der Antike bekannt ist. Diese zur Gattung Agrimonia und der gro\u00dfen Familie der Rosaceae geh\u00f6rende Art wird von manchen als \u201eSaint-Guillaume-Kraut\u201c, \u201eGriechisches Eupatorium\u201c oder \u201eNordtee\u201c bezeichnet und w\u00e4chst in Europa und Asien. Man findet ihn an Waldr\u00e4ndern, in \u00d6dland oder an Weg- und Pfadr\u00e4ndern, wo er gut gedeiht und eine Wuchsh\u00f6he von 40 bis 80 cm erreicht.<\/p>\n<p>&nbsp;<\/p>\n<p>Agrimony ist eine Pflanze, die im Sommer (Juni bis September) bl\u00fcht und in dieser Zeit geerntet wird. Sie besteht aus haarigen und r\u00f6tlichen Stielen und ist an ihren gezackten Bl\u00e4ttern zu erkennen, auf denen sich kleine gelbe Bl\u00fcten entwickeln, die aus f\u00fcnf in \u00c4hren gruppierten Bl\u00fctenbl\u00e4ttern bestehen. Da er einsame Pl\u00e4tze der N\u00e4he seiner Artgenossen vorzieht, sch\u00e4tzt er besonders sonnige und trockene Umgebungen. Seine St\u00e4ngel bewegen sich tags\u00fcber, um der Bewegung der Sonne zu folgen, und erwecken manchmal den Eindruck, die Gesellschaft von Wanderern zu suchen.<\/p>\n<p>DosageBach\u00ae Original Flowers werden oral eingenommen.<\/p>\n<p>4-mal t\u00e4glich 2 Tropfen in ein Glas Wasser oder auf die Zunge geben.<\/p>","protected":false},"excerpt":{"rendered":"<p>Ideal, wenn Ich habe das Gef\u00fchl, dass ich meine wahren Gef\u00fchle hinter einem L\u00e4cheln verstecke! Zutaten Traubenalkohol 27 % v\/v, w\u00e4ssrige L\u00f6sung von Bl\u00fcten von Agrimonia eupatoria L. (Verd\u00fcnnung 1\/500) Beschreibung Sie verbergen Ihre wahren Gef\u00fchle hinter einer Fassade, Sie m\u00f6gen keine Konflikte und versuchen, sie zu vermeiden. Agrimony, auf Franz\u00f6sisch Agrimony genannt, ist die [&hellip;]<\/p>\n","protected":false},"featured_media":42964,"template":"","meta":{"_acf_changed":false,"footnotes":""},"product_brand":[],"product_cat":[88],"product_tag":[],"class_list":{"0":"post-42962","1":"product","2":"type-product","3":"status-publish","4":"has-post-thumbnail","6":"product_cat-homeopathie","8":"first","9":"instock","10":"taxable","11":"shipping-taxable","12":"purchasable","13":"product-type-simple"},"acf":[],"_links":{"self":[{"href":"https:\/\/www.pharmacieonline.lu\/de\/wp-json\/wp\/v2\/product\/42962","targetHints":{"allow":["GET"]}}],"collection":[{"href":"https:\/\/www.pharmacieonline.lu\/de\/wp-json\/wp\/v2\/product"}],"about":[{"href":"https:\/\/www.pharmacieonline.lu\/de\/wp-json\/wp\/v2\/types\/product"}],"version-history":[{"count":0,"href":"https:\/\/www.pharmacieonline.lu\/de\/wp-json\/wp\/v2\/product\/42962\/revisions"}],"wp:featuredmedia":[{"embeddable":true,"href":"https:\/\/www.pharmacieonline.lu\/de\/wp-json\/wp\/v2\/media\/42964"}],"wp:attachment":[{"href":"https:\/\/www.pharmacieonline.lu\/de\/wp-json\/wp\/v2\/media?parent=42962"}],"wp:term":[{"taxonomy":"product_brand","embeddable":true,"href":"https:\/\/www.pharmacieonline.lu\/de\/wp-json\/wp\/v2\/product_brand?post=42962"},{"taxonomy":"product_cat","embeddable":true,"href":"https:\/\/www.pharmacieonline.lu\/de\/wp-json\/wp\/v2\/product_cat?post=42962"},{"taxonomy":"product_tag","embeddable":true,"href":"https:\/\/www.pharmacieonline.lu\/de\/wp-json\/wp\/v2\/product_tag?post=42962"}],"curies":[{"name":"wp","href":"https:\/\/api.w.org\/{rel}","templated":true}]}}