{"id":42967,"date":"2024-01-25T14:56:53","date_gmt":"2024-01-25T13:56:53","guid":{"rendered":"https:\/\/www.pharmacieonline.lu\/?post_type=product&#038;p=42967"},"modified":"2026-04-09T05:55:15","modified_gmt":"2026-04-09T03:55:15","slug":"bach-original-aspen-20-ml-nr-2","status":"publish","type":"product","link":"https:\/\/www.pharmacieonline.lu\/de\/produit\/bach-original-aspen-20-ml-nr-2\/","title":{"rendered":"BACH ORIGINAL ASPEN 20 ML           NR 2"},"content":{"rendered":"<p>Ideal, wenn<br \/>\nIch habe ein vages Gef\u00fchl der Angst, ohne wirklichen Grund!<\/p>\n<p>Zutaten<br \/>\nTraubenalkohol 27 % v\/v, w\u00e4ssrige L\u00f6sung von Populus tremula L.-Bl\u00fcten (Verd\u00fcnnung 1\/500).<\/p>\n<p>Beschreibung<\/p>\n<p>Man hat das Gef\u00fchl, dass man vor nichts Angst hat und angespannt ist, man hat Intuitionen.<\/p>\n<p>Aspen, auf Franz\u00f6sisch Tremble Poplar genannt, ist der Bachbl\u00fcten-Verb\u00fcndete \u201eSerenity\u201c Nr. 1!<\/p>\n<p>Die Bachbl\u00fcten-Aspen bestehen aus w\u00e4ssrigen Extrakten von Populus tremula und Brandy. Hinter diesem wissenschaftlichen Namen verbirgt sich tats\u00e4chlich ein in Europa, aber auch in Nordamerika und Nordasien relativ weit verbreiteter Baum: die Espe. Dieser zur gro\u00dfen Familie der Salicaceae geh\u00f6rende Baum sch\u00e4tzt besonders sonnendurchflutete Umgebungen. Deshalb ist er in Ebenen und Lichtungen leichter zu finden als im Unterholz. Seine nat\u00fcrliche Widerstandskraft erm\u00f6glicht es ihm sogar, bis in mittlere H\u00f6henlagen zu wachsen.<\/p>\n<p>&nbsp;<\/p>\n<p>Botanisch gesehen weist die Espe, manchmal auch \u201eTremou\u201c oder \u201eTremolin\u201c genannt, eine H\u00f6he auf, die zwischen 20 und 30 Metern schwankt. Sein Stamm und seine \u00c4ste sind mit glatter Rinde bedeckt, auf der sich hier und da rautenf\u00f6rmige Lentizellen bilden. Es ist diese Rinde mit ihren medizinischen Eigenschaften, die seit Jahrhunderten genutzt werden. Seine Bl\u00e4tter zeichnen sich durch ihre abgerundete und gezackte Form aus. Im Herbst nehmen sie eine besonders edle goldene Farbe an. Ihnen verdankt der Baum seinen besonderen Namen, denn sie zittern beim kleinsten Lufthauch, als w\u00fcrden sie um Trost rufen. Die Bl\u00fcten des Baumes wiederum sind in K\u00e4tzchen gruppiert, die sich im Fr\u00fchling entwickeln.<\/p>\n<p>Dosierung<\/p>\n<p>Bach\u00ae Originalbl\u00fcten werden oral eingenommen.<\/p>\n<p>4-mal t\u00e4glich 2 Tropfen in ein Glas Wasser oder auf die Zunge geben.<\/p>","protected":false},"excerpt":{"rendered":"<p>Ideal, wenn Ich habe ein vages Gef\u00fchl der Angst, ohne wirklichen Grund! Zutaten Traubenalkohol 27 % v\/v, w\u00e4ssrige L\u00f6sung von Populus tremula L.-Bl\u00fcten (Verd\u00fcnnung 1\/500). Beschreibung Man hat das Gef\u00fchl, dass man vor nichts Angst hat und angespannt ist, man hat Intuitionen. Aspen, auf Franz\u00f6sisch Tremble Poplar genannt, ist der Bachbl\u00fcten-Verb\u00fcndete \u201eSerenity\u201c Nr. 1! Die [&hellip;]<\/p>\n","protected":false},"featured_media":42968,"template":"","meta":{"_acf_changed":false,"footnotes":""},"product_brand":[],"product_cat":[88],"product_tag":[],"class_list":{"0":"post-42967","1":"product","2":"type-product","3":"status-publish","4":"has-post-thumbnail","6":"product_cat-homeopathie","8":"first","9":"instock","10":"taxable","11":"shipping-taxable","12":"purchasable","13":"product-type-simple"},"acf":[],"_links":{"self":[{"href":"https:\/\/www.pharmacieonline.lu\/de\/wp-json\/wp\/v2\/product\/42967","targetHints":{"allow":["GET"]}}],"collection":[{"href":"https:\/\/www.pharmacieonline.lu\/de\/wp-json\/wp\/v2\/product"}],"about":[{"href":"https:\/\/www.pharmacieonline.lu\/de\/wp-json\/wp\/v2\/types\/product"}],"version-history":[{"count":0,"href":"https:\/\/www.pharmacieonline.lu\/de\/wp-json\/wp\/v2\/product\/42967\/revisions"}],"wp:featuredmedia":[{"embeddable":true,"href":"https:\/\/www.pharmacieonline.lu\/de\/wp-json\/wp\/v2\/media\/42968"}],"wp:attachment":[{"href":"https:\/\/www.pharmacieonline.lu\/de\/wp-json\/wp\/v2\/media?parent=42967"}],"wp:term":[{"taxonomy":"product_brand","embeddable":true,"href":"https:\/\/www.pharmacieonline.lu\/de\/wp-json\/wp\/v2\/product_brand?post=42967"},{"taxonomy":"product_cat","embeddable":true,"href":"https:\/\/www.pharmacieonline.lu\/de\/wp-json\/wp\/v2\/product_cat?post=42967"},{"taxonomy":"product_tag","embeddable":true,"href":"https:\/\/www.pharmacieonline.lu\/de\/wp-json\/wp\/v2\/product_tag?post=42967"}],"curies":[{"name":"wp","href":"https:\/\/api.w.org\/{rel}","templated":true}]}}