{"id":42992,"date":"2024-01-26T14:37:13","date_gmt":"2024-01-26T13:37:13","guid":{"rendered":"https:\/\/www.pharmacieonline.lu\/?post_type=product&#038;p=42992"},"modified":"2026-04-10T04:25:23","modified_gmt":"2026-04-10T02:25:23","slug":"bach-original-cherry-plum-20-ml-nr-6","status":"publish","type":"product","link":"https:\/\/www.pharmacieonline.lu\/de\/produit\/bach-original-cherry-plum-20-ml-nr-6\/","title":{"rendered":"BACH ORIGINAL CHERRY PLUM 20 ML     NR 6"},"content":{"rendered":"<p>Ideal, wenn<\/p>\n<p>Ich habe das Gef\u00fchl, die Kontrolle \u00fcber mein Handeln zu verlieren!<\/p>\n<p>Zutaten<\/p>\n<p>Traubenalkohol 27 % v\/v, w\u00e4ssrige L\u00f6sung von Prunus cerasiferaEhrh-Bl\u00fcten. (1\/500 Verd\u00fcnnung).<\/p>\n<p>Beschreibung<\/p>\n<p>Sie haben das Gef\u00fchl, dass Sie wegen nichts die Fassung verlieren, dass Sie die Kontrolle \u00fcber Ihre Handlungen, Gedanken und Worte verlieren.<\/p>\n<p>Kirschpflaume, auf Franz\u00f6sisch Prunier Myrobalan genannt, ist die Bachbl\u00fcte zur Aufrechterhaltung der Selbstbeherrschung<\/p>\n<p>Bachbl\u00fcten-Kirschpflaume enth\u00e4lt einen w\u00e4ssrigen Extrakt aus Prunus cerasifera. Im Volksmund wird sie Kirschpflaume, Myrobalan-Pflaume oder auch einfach \u201eMyrobalan\u201c genannt. Sie ist in S\u00fcdwestasien und S\u00fcdosteuropa beheimatet und hat die Form eines Strauchs, der im ausgewachsenen Zustand eine H\u00f6he zwischen f\u00fcnf und zehn Metern erreichen kann. Seine f\u00fcnfbl\u00e4ttrigen Bl\u00fcten mit goldenen Staubgef\u00e4\u00dfen, seine ovalen und gezackten Bl\u00e4tter bedecken gegen Ende des Winters oder Anfang des Fr\u00fchlings gleichzeitig seine kahlen Zweige.<\/p>\n<p>&nbsp;<\/p>\n<p>Die B\u00fcschel leuchtend wei\u00dfer Bl\u00fcten bilden im Allgemeinen einen auff\u00e4lligen Kontrast zu den sehr dunklen Zweigen des Myrobalan-Pflaumenbaums: Sie scheinen buchst\u00e4blich die Dunkelheit zu erhellen. Gegen Ende des Sommers tr\u00e4gt der Strauch dann rote Fr\u00fcchte, ganz \u00e4hnlich den Kirschen. Sie sind essbar und werden oft zur Herstellung von Marmeladen verwendet.<\/p>\n<p>&nbsp;<\/p>\n<p>Der winterharte Prunus cerasifera vertr\u00e4gt Temperaturen unter 0\u00b0C gut. Der Anbau ist auf nahezu allen Bodenarten (auch kalkhaltigen B\u00f6den) m\u00f6glich, sofern der Standort sonnig ist. In Frankreich wird es h\u00e4ufig als \u201eWurzelstock\u201c f\u00fcr andere Pflaumenbaumarten verwendet, beispielsweise f\u00fcr den Damaskus-Pflaumenbaum.<\/p>\n<p>Dosierung<\/p>\n<p>Bach\u00ae Originalbl\u00fcten werden oral eingenommen.<\/p>\n<p>4-mal t\u00e4glich 2 Tropfen in ein Glas Wasser oder auf die Zunge geben.<\/p>","protected":false},"excerpt":{"rendered":"<p>Ideal, wenn Ich habe das Gef\u00fchl, die Kontrolle \u00fcber mein Handeln zu verlieren! Zutaten Traubenalkohol 27 % v\/v, w\u00e4ssrige L\u00f6sung von Prunus cerasiferaEhrh-Bl\u00fcten. (1\/500 Verd\u00fcnnung). Beschreibung Sie haben das Gef\u00fchl, dass Sie wegen nichts die Fassung verlieren, dass Sie die Kontrolle \u00fcber Ihre Handlungen, Gedanken und Worte verlieren. Kirschpflaume, auf Franz\u00f6sisch Prunier Myrobalan genannt, ist [&hellip;]<\/p>\n","protected":false},"featured_media":42993,"template":"","meta":{"_acf_changed":false,"footnotes":""},"product_brand":[],"product_cat":[88],"product_tag":[],"class_list":{"0":"post-42992","1":"product","2":"type-product","3":"status-publish","4":"has-post-thumbnail","6":"product_cat-homeopathie","8":"first","9":"instock","10":"taxable","11":"shipping-taxable","12":"purchasable","13":"product-type-simple"},"acf":[],"_links":{"self":[{"href":"https:\/\/www.pharmacieonline.lu\/de\/wp-json\/wp\/v2\/product\/42992","targetHints":{"allow":["GET"]}}],"collection":[{"href":"https:\/\/www.pharmacieonline.lu\/de\/wp-json\/wp\/v2\/product"}],"about":[{"href":"https:\/\/www.pharmacieonline.lu\/de\/wp-json\/wp\/v2\/types\/product"}],"version-history":[{"count":0,"href":"https:\/\/www.pharmacieonline.lu\/de\/wp-json\/wp\/v2\/product\/42992\/revisions"}],"wp:featuredmedia":[{"embeddable":true,"href":"https:\/\/www.pharmacieonline.lu\/de\/wp-json\/wp\/v2\/media\/42993"}],"wp:attachment":[{"href":"https:\/\/www.pharmacieonline.lu\/de\/wp-json\/wp\/v2\/media?parent=42992"}],"wp:term":[{"taxonomy":"product_brand","embeddable":true,"href":"https:\/\/www.pharmacieonline.lu\/de\/wp-json\/wp\/v2\/product_brand?post=42992"},{"taxonomy":"product_cat","embeddable":true,"href":"https:\/\/www.pharmacieonline.lu\/de\/wp-json\/wp\/v2\/product_cat?post=42992"},{"taxonomy":"product_tag","embeddable":true,"href":"https:\/\/www.pharmacieonline.lu\/de\/wp-json\/wp\/v2\/product_tag?post=42992"}],"curies":[{"name":"wp","href":"https:\/\/api.w.org\/{rel}","templated":true}]}}