{"id":43007,"date":"2024-01-26T14:50:55","date_gmt":"2024-01-26T13:50:55","guid":{"rendered":"https:\/\/www.pharmacieonline.lu\/?post_type=product&#038;p=43007"},"modified":"2026-04-15T15:55:14","modified_gmt":"2026-04-15T13:55:14","slug":"bach-original-crab-apple-20-ml-nr10","status":"publish","type":"product","link":"https:\/\/www.pharmacieonline.lu\/de\/produit\/bach-original-crab-apple-20-ml-nr10\/","title":{"rendered":"BACH ORIGINAL CRAB APPLE 20 ML      NR10"},"content":{"rendered":"<p>Ideal, wenn<\/p>\n<p>Ich m\u00f6chte jemanden treffen!<\/p>\n<p>Zutaten<\/p>\n<p>Traubenalkohol 27 % v\/v, w\u00e4ssrige L\u00f6sung aus Bl\u00fcten und Bl\u00e4ttern von Malus sylvestris Mill. (1\/500 Verd\u00fcnnung).<\/p>\n<p>Beschreibung<\/p>\n<p>Manchmal sind Sie mit Ihrem Aussehen unzufrieden, Sie m\u00f6chten Ihren K\u00f6rper akzeptieren.<\/p>\n<p>Holzapfel, auf Franz\u00f6sisch Wild Pommier genannt, ist das Bachbl\u00fctensymbol der Reinheit<\/p>\n<p>Die Holzapfelblume, auf Franz\u00f6sisch auch Mulus Pumila oder Wildapfelblume genannt. Es hat f\u00fcnf wei\u00dfe Bl\u00fctenbl\u00e4tter, manchmal mit einigen Rosat\u00f6nen, eine Farbe, die das Licht gut einf\u00e4ngt und an Reinheit erinnert, die um ein Herz aus gelben Staubgef\u00e4\u00dfen angeordnet sind. Es ist eine Blume mit einem fragilen Aussehen und zarten Bl\u00fctenbl\u00e4ttern, weil ihre Wurzeln flach sind. Sie bl\u00fcht im Fr\u00fchling, in den Monaten Mai und Juni, um dann in den umliegenden Gebieten kleine \u00c4pfel hervorzubringen, die nach dem ersten Frost gepfl\u00fcckt werden.<\/p>\n<p>&nbsp;<\/p>\n<p>Er w\u00e4chst an wilden Apfelb\u00e4umen, B\u00e4umen, die eine H\u00f6he von f\u00fcnf bis zehn Metern erreichen k\u00f6nnen und eine dichte Krone haben, die ihnen ein robustes Aussehen verleiht. Sie w\u00e4chst in ganz Europa und verf\u00fcgt \u00fcber eine ausgepr\u00e4gte Anpassungsf\u00e4higkeit, da sie auf allen Bodenarten wachsen kann. Sie vertragen auch Minustemperaturen sehr gut. Der Zierapfel ist ein recht eigenst\u00e4ndiger Waldbaum, da B\u00e4ume der gleichen Art selten nebeneinander wachsen.<\/p>\n<p>Dosierung<\/p>\n<p>Bach\u00ae Originalbl\u00fcten werden oral eingenommen.<\/p>\n<p>4-mal t\u00e4glich 2 Tropfen in ein Glas Wasser oder auf die Zunge geben.<\/p>","protected":false},"excerpt":{"rendered":"<p>Ideal, wenn Ich m\u00f6chte jemanden treffen! Zutaten Traubenalkohol 27 % v\/v, w\u00e4ssrige L\u00f6sung aus Bl\u00fcten und Bl\u00e4ttern von Malus sylvestris Mill. (1\/500 Verd\u00fcnnung). Beschreibung Manchmal sind Sie mit Ihrem Aussehen unzufrieden, Sie m\u00f6chten Ihren K\u00f6rper akzeptieren. Holzapfel, auf Franz\u00f6sisch Wild Pommier genannt, ist das Bachbl\u00fctensymbol der Reinheit Die Holzapfelblume, auf Franz\u00f6sisch auch Mulus Pumila oder [&hellip;]<\/p>\n","protected":false},"featured_media":43008,"template":"","meta":{"_acf_changed":false,"footnotes":""},"product_brand":[],"product_cat":[88],"product_tag":[],"class_list":{"0":"post-43007","1":"product","2":"type-product","3":"status-publish","4":"has-post-thumbnail","6":"product_cat-homeopathie","8":"first","9":"instock","10":"taxable","11":"shipping-taxable","12":"purchasable","13":"product-type-simple"},"acf":[],"_links":{"self":[{"href":"https:\/\/www.pharmacieonline.lu\/de\/wp-json\/wp\/v2\/product\/43007","targetHints":{"allow":["GET"]}}],"collection":[{"href":"https:\/\/www.pharmacieonline.lu\/de\/wp-json\/wp\/v2\/product"}],"about":[{"href":"https:\/\/www.pharmacieonline.lu\/de\/wp-json\/wp\/v2\/types\/product"}],"version-history":[{"count":0,"href":"https:\/\/www.pharmacieonline.lu\/de\/wp-json\/wp\/v2\/product\/43007\/revisions"}],"wp:featuredmedia":[{"embeddable":true,"href":"https:\/\/www.pharmacieonline.lu\/de\/wp-json\/wp\/v2\/media\/43008"}],"wp:attachment":[{"href":"https:\/\/www.pharmacieonline.lu\/de\/wp-json\/wp\/v2\/media?parent=43007"}],"wp:term":[{"taxonomy":"product_brand","embeddable":true,"href":"https:\/\/www.pharmacieonline.lu\/de\/wp-json\/wp\/v2\/product_brand?post=43007"},{"taxonomy":"product_cat","embeddable":true,"href":"https:\/\/www.pharmacieonline.lu\/de\/wp-json\/wp\/v2\/product_cat?post=43007"},{"taxonomy":"product_tag","embeddable":true,"href":"https:\/\/www.pharmacieonline.lu\/de\/wp-json\/wp\/v2\/product_tag?post=43007"}],"curies":[{"name":"wp","href":"https:\/\/api.w.org\/{rel}","templated":true}]}}