{"id":43014,"date":"2024-01-26T14:55:27","date_gmt":"2024-01-26T13:55:27","guid":{"rendered":"https:\/\/www.pharmacieonline.lu\/?post_type=product&#038;p=43014"},"modified":"2026-04-28T21:55:17","modified_gmt":"2026-04-28T19:55:17","slug":"bach-original-gentian-20-ml-nr12","status":"publish","type":"product","link":"https:\/\/www.pharmacieonline.lu\/de\/produit\/bach-original-gentian-20-ml-nr12\/","title":{"rendered":"BACH ORIGINAL GENTIAN 20 ML         NR12"},"content":{"rendered":"<p>Ideal, wenn<\/p>\n<p>Ich m\u00f6chte meinen sportlichen Wettbewerb gewinnen!<\/p>\n<p>Zutaten<\/p>\n<p>Traubenalkohol 27 % v\/v, w\u00e4ssrige L\u00f6sung von Bl\u00fcten von Gentiana amarilla (L.) Borner (Verd\u00fcnnung 1\/500).<\/p>\n<p>Beschreibung<\/p>\n<p>Sie haben das Gef\u00fchl, dass Sie leicht entmutigt und schnell entt\u00e4uscht werden; Sie haben das Gef\u00fchl, dass es Ihnen angesichts der Schwierigkeiten des Lebens an Durchhalteverm\u00f6gen mangelt.<\/p>\n<p>&nbsp;<\/p>\n<p>Unter Enzian versteht man eigentlich rund drei\u00dfig Blumenarten, die in ganz Europa vorkommen. Sie wird manchmal in G\u00e4rten kultiviert und ist vor allem eine Wildpflanze. Oft hat es eine sehr satte und tiefblaue Farbe und ist ein echter Hingucker. Mit ihrer langen r\u00f6hrenf\u00f6rmigen Bl\u00fctenkrone ist auch ihre Form sehr eigenartig, denn sie \u00e4hnelt einer Trompete. Sie misst meist f\u00fcnfzehn bis zwanzig Zentimeter und w\u00e4chst im Allgemeinen in Gruppen.<\/p>\n<p>&nbsp;<\/p>\n<p>Die Bach-Enzianblume ist eine kr\u00e4ftige Pflanze, die mit teils schwierigen B\u00f6den, insbesondere Kalkstein, zurechtkommt, denn sie kommt vor allem in den Bergen, auf Wiesen, aber auch auf Klippen oder D\u00fcnen vor. Sie verf\u00fcgt au\u00dferdem \u00fcber eine bemerkenswerte Anpassungsf\u00e4higkeit. Tats\u00e4chlich zieht es sich zusammen, wenn es regnet oder eine K\u00e4ltewelle sp\u00fcrt. Eine Bewegung, die bei Bedarf sehr schnell sein kann, nur etwa zwanzig Sekunden. Um zu \u00fcberleben, kann es auch l\u00e4ngere Zeit geschlossen bleiben, bis die Temperatur steigt oder der Regen aufh\u00f6rt. Dann \u00f6ffnet es seine Bl\u00fctenbl\u00e4tter der Sonne entgegen, entschlossen, die Hitze aufzusaugen.<\/p>\n<p>Dosierung<\/p>\n<p>Bach\u00ae Originalbl\u00fcten werden oral eingenommen.<\/p>\n<p>4-mal t\u00e4glich 2 Tropfen in ein Glas Wasser oder auf die Zunge geben.<\/p>","protected":false},"excerpt":{"rendered":"<p>Ideal, wenn Ich m\u00f6chte meinen sportlichen Wettbewerb gewinnen! Zutaten Traubenalkohol 27 % v\/v, w\u00e4ssrige L\u00f6sung von Bl\u00fcten von Gentiana amarilla (L.) Borner (Verd\u00fcnnung 1\/500). Beschreibung Sie haben das Gef\u00fchl, dass Sie leicht entmutigt und schnell entt\u00e4uscht werden; Sie haben das Gef\u00fchl, dass es Ihnen angesichts der Schwierigkeiten des Lebens an Durchhalteverm\u00f6gen mangelt. &nbsp; Unter Enzian [&hellip;]<\/p>\n","protected":false},"featured_media":43016,"template":"","meta":{"_acf_changed":false,"footnotes":""},"product_brand":[],"product_cat":[88],"product_tag":[],"class_list":{"0":"post-43014","1":"product","2":"type-product","3":"status-publish","4":"has-post-thumbnail","6":"product_cat-homeopathie","8":"first","9":"instock","10":"taxable","11":"shipping-taxable","12":"purchasable","13":"product-type-simple"},"acf":[],"_links":{"self":[{"href":"https:\/\/www.pharmacieonline.lu\/de\/wp-json\/wp\/v2\/product\/43014","targetHints":{"allow":["GET"]}}],"collection":[{"href":"https:\/\/www.pharmacieonline.lu\/de\/wp-json\/wp\/v2\/product"}],"about":[{"href":"https:\/\/www.pharmacieonline.lu\/de\/wp-json\/wp\/v2\/types\/product"}],"version-history":[{"count":0,"href":"https:\/\/www.pharmacieonline.lu\/de\/wp-json\/wp\/v2\/product\/43014\/revisions"}],"wp:featuredmedia":[{"embeddable":true,"href":"https:\/\/www.pharmacieonline.lu\/de\/wp-json\/wp\/v2\/media\/43016"}],"wp:attachment":[{"href":"https:\/\/www.pharmacieonline.lu\/de\/wp-json\/wp\/v2\/media?parent=43014"}],"wp:term":[{"taxonomy":"product_brand","embeddable":true,"href":"https:\/\/www.pharmacieonline.lu\/de\/wp-json\/wp\/v2\/product_brand?post=43014"},{"taxonomy":"product_cat","embeddable":true,"href":"https:\/\/www.pharmacieonline.lu\/de\/wp-json\/wp\/v2\/product_cat?post=43014"},{"taxonomy":"product_tag","embeddable":true,"href":"https:\/\/www.pharmacieonline.lu\/de\/wp-json\/wp\/v2\/product_tag?post=43014"}],"curies":[{"name":"wp","href":"https:\/\/api.w.org\/{rel}","templated":true}]}}