{"id":43021,"date":"2024-01-26T15:01:49","date_gmt":"2024-01-26T14:01:49","guid":{"rendered":"https:\/\/www.pharmacieonline.lu\/?post_type=product&#038;p=43021"},"modified":"2026-04-10T04:25:51","modified_gmt":"2026-04-10T02:25:51","slug":"bach-original-heather-20-ml-nr14","status":"publish","type":"product","link":"https:\/\/www.pharmacieonline.lu\/de\/produit\/bach-original-heather-20-ml-nr14\/","title":{"rendered":"BACH ORIGINAL HEATHER 20 ML         NR14"},"content":{"rendered":"<p>Ideal, wenn<\/p>\n<p>Ich f\u00fchle mich von meinen Sorgen zerfressen und suche Gesellschaft zum Reden!<\/p>\n<p>Zutaten<\/p>\n<p>Traubenalkohol 27 % v\/v, w\u00e4ssrige L\u00f6sung aus Bl\u00fcten und Bl\u00e4ttern von Calluna vulgaris (L.) Hull. (1\/500 Verd\u00fcnnung).<\/p>\n<p>Beschreibung<\/p>\n<p>Sie k\u00fcmmern sich sehr um sich selbst und sind sehr gespr\u00e4chig, Sie sind nicht gerne allein, Sie suchen die Gesellschaft anderer.<\/p>\n<p>&nbsp;<\/p>\n<p>Die Bachheidebl\u00fcten wachsen auf Heidekraut, ein Name, der sich tats\u00e4chlich auf mehr als 800 Pflanzenarten bezieht. Diese Bl\u00fcten, deren Farben von Wei\u00df \u00fcber Lila bis hin zu Rosa und Rot reichen, sind in B\u00fcscheln entlang der St\u00e4ngel gruppiert. Sie erscheinen im Juli und bleiben bis November farbenfroh und voller Lebendigkeit. Dann k\u00f6nnen sie sich zwar braun verf\u00e4rben, bleiben aber w\u00e4hrend der Wintermonate an der Pflanze h\u00e4ngen und widerstehen so der K\u00e4lte und dem Regen.<\/p>\n<p>&nbsp;<\/p>\n<p>Heidekraut ist ein kleiner Strauch, der nie mehr als einen Meter hoch wird und besonders silikatische B\u00f6den mag. Obwohl sie h\u00e4ufig an sonnigen Orten vorkommen, ist bekannt, dass sie sich auch in Mooren, Torfmooren und sogar Kiefernw\u00e4ldern ausbreiten. Sie k\u00f6nnen daher problemlos auf kargen B\u00f6den wachsen und bleiben dabei dicht und blumig. Heidekraut ist in Frankreich weit verbreitet und wird mit zahlreichen Mythen und Aberglauben in Verbindung gebracht, da es stets eine positive und sch\u00fctzende Rolle spielt.<\/p>\n<p>Dosierung<\/p>\n<p>Bach\u00ae Originalbl\u00fcten werden oral eingenommen.<\/p>\n<p>4-mal t\u00e4glich 2 Tropfen in ein Glas Wasser oder auf die Zunge geben.<\/p>","protected":false},"excerpt":{"rendered":"<p>Ideal, wenn Ich f\u00fchle mich von meinen Sorgen zerfressen und suche Gesellschaft zum Reden! Zutaten Traubenalkohol 27 % v\/v, w\u00e4ssrige L\u00f6sung aus Bl\u00fcten und Bl\u00e4ttern von Calluna vulgaris (L.) Hull. (1\/500 Verd\u00fcnnung). Beschreibung Sie k\u00fcmmern sich sehr um sich selbst und sind sehr gespr\u00e4chig, Sie sind nicht gerne allein, Sie suchen die Gesellschaft anderer. &nbsp; [&hellip;]<\/p>\n","protected":false},"featured_media":43022,"template":"","meta":{"_acf_changed":false,"footnotes":""},"product_brand":[],"product_cat":[88],"product_tag":[],"class_list":{"0":"post-43021","1":"product","2":"type-product","3":"status-publish","4":"has-post-thumbnail","6":"product_cat-homeopathie","8":"first","9":"instock","10":"taxable","11":"shipping-taxable","12":"purchasable","13":"product-type-simple"},"acf":[],"_links":{"self":[{"href":"https:\/\/www.pharmacieonline.lu\/de\/wp-json\/wp\/v2\/product\/43021","targetHints":{"allow":["GET"]}}],"collection":[{"href":"https:\/\/www.pharmacieonline.lu\/de\/wp-json\/wp\/v2\/product"}],"about":[{"href":"https:\/\/www.pharmacieonline.lu\/de\/wp-json\/wp\/v2\/types\/product"}],"version-history":[{"count":0,"href":"https:\/\/www.pharmacieonline.lu\/de\/wp-json\/wp\/v2\/product\/43021\/revisions"}],"wp:featuredmedia":[{"embeddable":true,"href":"https:\/\/www.pharmacieonline.lu\/de\/wp-json\/wp\/v2\/media\/43022"}],"wp:attachment":[{"href":"https:\/\/www.pharmacieonline.lu\/de\/wp-json\/wp\/v2\/media?parent=43021"}],"wp:term":[{"taxonomy":"product_brand","embeddable":true,"href":"https:\/\/www.pharmacieonline.lu\/de\/wp-json\/wp\/v2\/product_brand?post=43021"},{"taxonomy":"product_cat","embeddable":true,"href":"https:\/\/www.pharmacieonline.lu\/de\/wp-json\/wp\/v2\/product_cat?post=43021"},{"taxonomy":"product_tag","embeddable":true,"href":"https:\/\/www.pharmacieonline.lu\/de\/wp-json\/wp\/v2\/product_tag?post=43021"}],"curies":[{"name":"wp","href":"https:\/\/api.w.org\/{rel}","templated":true}]}}