{"id":43024,"date":"2024-01-26T15:03:10","date_gmt":"2024-01-26T14:03:10","guid":{"rendered":"https:\/\/www.pharmacieonline.lu\/?post_type=product&#038;p=43024"},"modified":"2026-04-10T04:25:51","modified_gmt":"2026-04-10T02:25:51","slug":"bach-original-holly-20-ml-nr15","status":"publish","type":"product","link":"https:\/\/www.pharmacieonline.lu\/de\/produit\/bach-original-holly-20-ml-nr15\/","title":{"rendered":"BACH ORIGINAL HOLLY 20 ML           NR15"},"content":{"rendered":"<p>Ideal, wenn<\/p>\n<p>Ich habe das Gef\u00fchl, dass ich nicht freundlich und verst\u00e4ndnisvoll genug bin!<\/p>\n<p>Zutaten<\/p>\n<p>Traubenalkohol 27 % v\/v, w\u00e4ssrige L\u00f6sung bl\u00fchender Zweige von\u00a0Ilex aquifolium L.\u00a0(Verd\u00fcnnung 1\/500).<\/p>\n<p>Beschreibung<\/p>\n<p>Sie reagieren leicht misstrauisch, Sie versp\u00fcren ein Gef\u00fchl von Neid oder Eifersucht.<\/p>\n<p>Die Bach-Stechpalmenbl\u00fcte stammt von der Stechpalme, einer besonders in der Weihnachtszeit beliebten Pflanze. Tats\u00e4chlich ist dieser Strauch ab November voller Vitalit\u00e4t und bleibt bis M\u00e4rz farbenfroh und voller Leben. Es ist bekannt f\u00fcr seine stacheligen Bl\u00e4tter mit scharfen Spitzen. Letztere k\u00f6nnen wie kleine Herzen aussehen, w\u00e4hrend die Bl\u00fcten, die in den Monaten Mai und Juni erscheinen, sehr reinwei\u00df sind.<\/p>\n<p>&nbsp;<\/p>\n<p>Stechpalme ist eine langsam wachsende Pflanze, die fast dreihundert Jahre alt werden kann. Obwohl dieser Strauch oft mehrere zehn Zentimeter gro\u00df ist, kann er manchmal mehrere Meter hoch werden, insbesondere wenn er sich an andere B\u00e4ume klammert. Die sehr widerstandsf\u00e4hige Stechpalme kann sowohl im Schatten als auch in der Sonne wachsen und ihr immergr\u00fcnes Laub macht sie zu einem Symbol der St\u00e4rke.<\/p>\n<p>Dosierung<\/p>\n<p>Bach\u00ae Originalbl\u00fcten werden oral eingenommen.<\/p>\n<p>4-mal t\u00e4glich 2 Tropfen in ein Glas Wasser oder auf die Zunge geben.<\/p>","protected":false},"excerpt":{"rendered":"<p>Ideal, wenn Ich habe das Gef\u00fchl, dass ich nicht freundlich und verst\u00e4ndnisvoll genug bin! Zutaten Traubenalkohol 27 % v\/v, w\u00e4ssrige L\u00f6sung bl\u00fchender Zweige von\u00a0Ilex aquifolium L.\u00a0(Verd\u00fcnnung 1\/500). Beschreibung Sie reagieren leicht misstrauisch, Sie versp\u00fcren ein Gef\u00fchl von Neid oder Eifersucht. Die Bach-Stechpalmenbl\u00fcte stammt von der Stechpalme, einer besonders in der Weihnachtszeit beliebten Pflanze. Tats\u00e4chlich ist [&hellip;]<\/p>\n","protected":false},"featured_media":43025,"template":"","meta":{"_acf_changed":false,"footnotes":""},"product_brand":[],"product_cat":[88],"product_tag":[],"class_list":{"0":"post-43024","1":"product","2":"type-product","3":"status-publish","4":"has-post-thumbnail","6":"product_cat-homeopathie","8":"first","9":"instock","10":"taxable","11":"shipping-taxable","12":"purchasable","13":"product-type-simple"},"acf":[],"_links":{"self":[{"href":"https:\/\/www.pharmacieonline.lu\/de\/wp-json\/wp\/v2\/product\/43024","targetHints":{"allow":["GET"]}}],"collection":[{"href":"https:\/\/www.pharmacieonline.lu\/de\/wp-json\/wp\/v2\/product"}],"about":[{"href":"https:\/\/www.pharmacieonline.lu\/de\/wp-json\/wp\/v2\/types\/product"}],"version-history":[{"count":0,"href":"https:\/\/www.pharmacieonline.lu\/de\/wp-json\/wp\/v2\/product\/43024\/revisions"}],"wp:featuredmedia":[{"embeddable":true,"href":"https:\/\/www.pharmacieonline.lu\/de\/wp-json\/wp\/v2\/media\/43025"}],"wp:attachment":[{"href":"https:\/\/www.pharmacieonline.lu\/de\/wp-json\/wp\/v2\/media?parent=43024"}],"wp:term":[{"taxonomy":"product_brand","embeddable":true,"href":"https:\/\/www.pharmacieonline.lu\/de\/wp-json\/wp\/v2\/product_brand?post=43024"},{"taxonomy":"product_cat","embeddable":true,"href":"https:\/\/www.pharmacieonline.lu\/de\/wp-json\/wp\/v2\/product_cat?post=43024"},{"taxonomy":"product_tag","embeddable":true,"href":"https:\/\/www.pharmacieonline.lu\/de\/wp-json\/wp\/v2\/product_tag?post=43024"}],"curies":[{"name":"wp","href":"https:\/\/api.w.org\/{rel}","templated":true}]}}