{"id":43027,"date":"2024-01-26T15:06:31","date_gmt":"2024-01-26T14:06:31","guid":{"rendered":"https:\/\/www.pharmacieonline.lu\/?post_type=product&#038;p=43027"},"modified":"2026-04-19T07:55:13","modified_gmt":"2026-04-19T05:55:13","slug":"bach-original-honeysuckle-20-ml-nr16","status":"publish","type":"product","link":"https:\/\/www.pharmacieonline.lu\/de\/produit\/bach-original-honeysuckle-20-ml-nr16\/","title":{"rendered":"BACH ORIGINAL HONEYSUCKLE 20 ML     NR16"},"content":{"rendered":"<p>Ideal, wenn<\/p>\n<p>Ich habe das Gef\u00fchl, mit der Vergangenheit verbunden zu sein und meinen alten Freund zu vermissen!<\/p>\n<p>Zutaten<\/p>\n<p>Traubenalkohol 27 % v\/v, w\u00e4ssrige L\u00f6sung von Bl\u00fctenst\u00e4nden, St\u00e4ngeln und Bl\u00e4ttern von Lonicera caprifolium L. (Verd\u00fcnnung 1\/500).<\/p>\n<p>Beschreibung<\/p>\n<p>Man h\u00e4ngt an der Vergangenheit und hat Heimweh, man hat das Gef\u00fchl, verpasste Chancen zu bereuen<\/p>\n<p>Ganz am Ende des Jahres bildet das Gei\u00dfblatt (Lonicera caprifolium) neue Bl\u00e4tter, als ob es die Erneuerung und die Bedeutung des Fortschritts symbolisieren wolle. Honeysuckle, auf Englisch Honeysuckle, aus der Familie der Caprifoliaceae, ist eine holzige Kletterpflanze, die spontan am Waldrand w\u00e4chst und einzeln oder in einer Hecke, meist an einem Gitter, w\u00e4chst. Das unersch\u00fctterliche Gei\u00dfblatt wird wegen seiner dekorativen und olfaktorischen Vorteile sowie wegen seiner Winterh\u00e4rte sehr gesch\u00e4tzt, da es Temperaturen um -20 \u00b0C standh\u00e4lt.<\/p>\n<p>&nbsp;<\/p>\n<p>Rein botanisch gesehen kann das Gei\u00dfblatt bis zu vier Meter hoch werden. Es hat verschlungene Zweige, Laubbl\u00e4tter, die aus Bl\u00e4ttern mit einer glasigen Unterseite und einer dunkelgr\u00fcnen Vorderseite bestehen. Ihre zahlreichen Bl\u00fcten in Bl\u00fctenkronen von strohgelb bis wei\u00df mit dezent rosa Farbe bl\u00fchen von Mai bis Ende Juli und verstr\u00f6men von Sonnenuntergang bis Sonnenaufgang einen noch st\u00e4rkeren, bet\u00f6renden Duft. Auch nachts sammeln best\u00e4ubende Insekten Nektar auf den Bl\u00fcten des Gei\u00dfblatts.<\/p>\n<p>Dosierung<\/p>\n<p>Bach\u00ae Originalbl\u00fcten werden oral eingenommen.<\/p>\n<p>4-mal t\u00e4glich 2 Tropfen in ein Glas Wasser oder auf die Zunge geben.<\/p>","protected":false},"excerpt":{"rendered":"<p>Ideal, wenn Ich habe das Gef\u00fchl, mit der Vergangenheit verbunden zu sein und meinen alten Freund zu vermissen! Zutaten Traubenalkohol 27 % v\/v, w\u00e4ssrige L\u00f6sung von Bl\u00fctenst\u00e4nden, St\u00e4ngeln und Bl\u00e4ttern von Lonicera caprifolium L. (Verd\u00fcnnung 1\/500). Beschreibung Man h\u00e4ngt an der Vergangenheit und hat Heimweh, man hat das Gef\u00fchl, verpasste Chancen zu bereuen Ganz am [&hellip;]<\/p>\n","protected":false},"featured_media":43028,"template":"","meta":{"_acf_changed":false,"footnotes":""},"product_brand":[],"product_cat":[88],"product_tag":[],"class_list":{"0":"post-43027","1":"product","2":"type-product","3":"status-publish","4":"has-post-thumbnail","6":"product_cat-homeopathie","8":"first","9":"instock","10":"taxable","11":"shipping-taxable","12":"purchasable","13":"product-type-simple"},"acf":[],"_links":{"self":[{"href":"https:\/\/www.pharmacieonline.lu\/de\/wp-json\/wp\/v2\/product\/43027","targetHints":{"allow":["GET"]}}],"collection":[{"href":"https:\/\/www.pharmacieonline.lu\/de\/wp-json\/wp\/v2\/product"}],"about":[{"href":"https:\/\/www.pharmacieonline.lu\/de\/wp-json\/wp\/v2\/types\/product"}],"version-history":[{"count":0,"href":"https:\/\/www.pharmacieonline.lu\/de\/wp-json\/wp\/v2\/product\/43027\/revisions"}],"wp:featuredmedia":[{"embeddable":true,"href":"https:\/\/www.pharmacieonline.lu\/de\/wp-json\/wp\/v2\/media\/43028"}],"wp:attachment":[{"href":"https:\/\/www.pharmacieonline.lu\/de\/wp-json\/wp\/v2\/media?parent=43027"}],"wp:term":[{"taxonomy":"product_brand","embeddable":true,"href":"https:\/\/www.pharmacieonline.lu\/de\/wp-json\/wp\/v2\/product_brand?post=43027"},{"taxonomy":"product_cat","embeddable":true,"href":"https:\/\/www.pharmacieonline.lu\/de\/wp-json\/wp\/v2\/product_cat?post=43027"},{"taxonomy":"product_tag","embeddable":true,"href":"https:\/\/www.pharmacieonline.lu\/de\/wp-json\/wp\/v2\/product_tag?post=43027"}],"curies":[{"name":"wp","href":"https:\/\/api.w.org\/{rel}","templated":true}]}}