{"id":43030,"date":"2024-01-26T15:08:41","date_gmt":"2024-01-26T14:08:41","guid":{"rendered":"https:\/\/www.pharmacieonline.lu\/?post_type=product&#038;p=43030"},"modified":"2026-04-10T02:26:09","modified_gmt":"2026-04-10T00:26:09","slug":"bach-original-hornbeam-20-ml-nr17","status":"publish","type":"product","link":"https:\/\/www.pharmacieonline.lu\/de\/produit\/bach-original-hornbeam-20-ml-nr17\/","title":{"rendered":"BACH ORIGINAL HORNBEAM 20 ML        NR17"},"content":{"rendered":"<p>Ideal, wenn<\/p>\n<p>Ich habe das Gef\u00fchl, ich verschiebe alles auf morgen!<\/p>\n<p>Zutaten<\/p>\n<p>Traubenalkohol 27 % v\/v, w\u00e4ssrige L\u00f6sung von Bl\u00fcten, Knospen und Bl\u00e4ttern von\u00a0Carpinus betulus\u00a0L. (Verd\u00fcnnung 1\/500).<\/p>\n<p>Beschreibung<\/p>\n<p>Ihnen fehlt der n\u00f6tige Enthusiasmus oder Sie haben ein \u201eMontagmorgen-Gef\u00fchl\u201c, Sie m\u00f6chten auf morgen verschieben, was Sie heute tun k\u00f6nnten.<\/p>\n<p>Hainbuche, auf Franz\u00f6sisch Charme genannt, ist eine Bachblume voller \u00dcberraschungen<\/p>\n<p>Die Bach-Hainbuchenbl\u00fcte, auch Hainbuche genannt, ist eine etwas ungew\u00f6hnliche Blume: Sie keimt erst nach zwei bis drei Jahren. Im Gegensatz zu vielen anderen Pflanzen findet die Bl\u00fcte nicht jedes Fr\u00fchjahr statt. Trotz seiner Langsamkeit kann es pl\u00f6tzlich und sehr sch\u00f6n sein. Einige Hainbuchenarten bringen beispielsweise von April bis Juni wundersch\u00f6ne violette Bl\u00fcten hervor. Meistens finden wir jedoch K\u00e4tzchen, eine Art h\u00e4ngende, gelbe und gr\u00fcne Bl\u00fcten am Ende der Hainbuchenzweige, sobald die sonnigen Tage kommen.<\/p>\n<p>Die Hainbuche bleibt zu jeder Jahreszeit sch\u00f6n. W\u00e4hrend die gez\u00e4hnten und gefalteten Bl\u00e4tter im Fr\u00fchling und Sommer zartgr\u00fcn sind, nehmen sie im Herbst wundersch\u00f6ne Gelb- und Oranget\u00f6ne an und bleiben an ihnen h\u00e4ngen, bis sich die Bl\u00e4tter erneuern. Sehr widerstandsf\u00e4hig, passt sich allen B\u00f6den an und ben\u00f6tigt nicht viel Licht. Aufgrund seiner sehr dichten und tief im Boden verankerten Wurzeln kann er bis zu 150 Jahre alt werden und ist sehr wenig anf\u00e4llig f\u00fcr Krankheiten.<\/p>\n<p>&nbsp;<\/p>\n<p>Dosierung<\/p>\n<p>Bach\u00ae Originalbl\u00fcten werden oral eingenommen.<\/p>\n<p>4-mal t\u00e4glich 2 Tropfen in ein Glas Wasser oder auf die Zunge geben.<\/p>","protected":false},"excerpt":{"rendered":"<p>Ideal, wenn Ich habe das Gef\u00fchl, ich verschiebe alles auf morgen! Zutaten Traubenalkohol 27 % v\/v, w\u00e4ssrige L\u00f6sung von Bl\u00fcten, Knospen und Bl\u00e4ttern von\u00a0Carpinus betulus\u00a0L. (Verd\u00fcnnung 1\/500). Beschreibung Ihnen fehlt der n\u00f6tige Enthusiasmus oder Sie haben ein \u201eMontagmorgen-Gef\u00fchl\u201c, Sie m\u00f6chten auf morgen verschieben, was Sie heute tun k\u00f6nnten. Hainbuche, auf Franz\u00f6sisch Charme genannt, ist eine [&hellip;]<\/p>\n","protected":false},"featured_media":43031,"template":"","meta":{"_acf_changed":false,"footnotes":""},"product_brand":[],"product_cat":[88],"product_tag":[],"class_list":{"0":"post-43030","1":"product","2":"type-product","3":"status-publish","4":"has-post-thumbnail","6":"product_cat-homeopathie","8":"first","9":"instock","10":"taxable","11":"shipping-taxable","12":"purchasable","13":"product-type-simple"},"acf":[],"_links":{"self":[{"href":"https:\/\/www.pharmacieonline.lu\/de\/wp-json\/wp\/v2\/product\/43030","targetHints":{"allow":["GET"]}}],"collection":[{"href":"https:\/\/www.pharmacieonline.lu\/de\/wp-json\/wp\/v2\/product"}],"about":[{"href":"https:\/\/www.pharmacieonline.lu\/de\/wp-json\/wp\/v2\/types\/product"}],"version-history":[{"count":0,"href":"https:\/\/www.pharmacieonline.lu\/de\/wp-json\/wp\/v2\/product\/43030\/revisions"}],"wp:featuredmedia":[{"embeddable":true,"href":"https:\/\/www.pharmacieonline.lu\/de\/wp-json\/wp\/v2\/media\/43031"}],"wp:attachment":[{"href":"https:\/\/www.pharmacieonline.lu\/de\/wp-json\/wp\/v2\/media?parent=43030"}],"wp:term":[{"taxonomy":"product_brand","embeddable":true,"href":"https:\/\/www.pharmacieonline.lu\/de\/wp-json\/wp\/v2\/product_brand?post=43030"},{"taxonomy":"product_cat","embeddable":true,"href":"https:\/\/www.pharmacieonline.lu\/de\/wp-json\/wp\/v2\/product_cat?post=43030"},{"taxonomy":"product_tag","embeddable":true,"href":"https:\/\/www.pharmacieonline.lu\/de\/wp-json\/wp\/v2\/product_tag?post=43030"}],"curies":[{"name":"wp","href":"https:\/\/api.w.org\/{rel}","templated":true}]}}