{"id":43037,"date":"2024-01-26T16:42:39","date_gmt":"2024-01-26T15:42:39","guid":{"rendered":"https:\/\/www.pharmacieonline.lu\/?post_type=product&#038;p=43037"},"modified":"2026-04-10T06:25:46","modified_gmt":"2026-04-10T04:25:46","slug":"bach-original-larch-20-ml-nr19","status":"publish","type":"product","link":"https:\/\/www.pharmacieonline.lu\/de\/produit\/bach-original-larch-20-ml-nr19\/","title":{"rendered":"BACH ORIGINAL LARCH 20 ML           NR19"},"content":{"rendered":"<p>Ideal, wenn<\/p>\n<p>Ich m\u00f6chte meinen sportlichen Wettbewerb gewinnen!<\/p>\n<p>Zutaten<\/p>\n<p>Traubenalkohol 27 % v\/v, w\u00e4ssrige L\u00f6sung aus Bl\u00fcten, Bl\u00e4ttern und Rinde von Larix decidua Mill. (1\/500 Verd\u00fcnnung).<\/p>\n<p>Beschreibung<\/p>\n<p>Sie m\u00f6chten mit mehr Selbstvertrauen in eine Aufgabe starten, haben das Gef\u00fchl, ihr nicht gewachsen zu sein.<\/p>\n<p>Bachbl\u00fcten L\u00e4rche enthalten w\u00e4ssrige Extrakte der Gemeinen L\u00e4rche, auch Europ\u00e4ische L\u00e4rche genannt. Im Franz\u00f6sischen sprechen wir eher von europ\u00e4ischer L\u00e4rche, gew\u00f6hnlicher L\u00e4rche oder sogar Brian\u00e7on-Kiefer. Sein wissenschaftlicher Name ist Larix Decidua.<\/p>\n<p>&nbsp;<\/p>\n<p>Dieser Baum ist etwas ganz Besonderes, denn er ist der einzige sommergr\u00fcne Nadelbaum Europas. Sie hat Nadeln, wie die anderen auch, aber sie schaffen es nicht, das ganze Jahr \u00fcber \u201e\u00fcberdauern\u201c zu k\u00f6nnen: Im Fr\u00fchling sind sie hellgr\u00fcn, im Sommer werden sie dunkler, im Herbst nehmen sie eine sehr sch\u00f6ne goldgelbe Farbe an und fallen schlie\u00dflich ab &#8230; Die L\u00e4rche wird In den vielen Fr\u00fchlingen seines Lebens ist er wieder mit Nadeln bedeckt: Unter guten Bedingungen (er mag die Sonne und feuchte, k\u00fchle B\u00f6den) kann er bis zu f\u00fcnfhundert Jahre alt werden. Sein Wachstum ist eher langsam, aber im Laufe der Zeit kann er in einer nat\u00fcrlichen Umgebung eine H\u00f6he von mehr als drei\u00dfig Metern erreichen. Die Rinde ist grau und kann zahlreiche Risse aufweisen.<\/p>\n<p>&nbsp;<\/p>\n<p>Beachten Sie, dass sich viele Menschen daf\u00fcr entscheiden, die Larix decidua in einem Topf in den Schatten zu stellen: Ihre gelben (m\u00e4nnliche Bl\u00fcten) oder rosafarbenen (weibliche Bl\u00fcten) Bl\u00fcten sind bei Bonsai-Liebhabern tats\u00e4chlich sehr beliebt.<\/p>\n<p>Dosierung<\/p>\n<p>Bach\u00ae Originalbl\u00fcten werden oral eingenommen.<\/p>\n<p>4-mal t\u00e4glich 2 Tropfen in ein Glas Wasser oder auf die Zunge geben.<\/p>","protected":false},"excerpt":{"rendered":"<p>Ideal, wenn Ich m\u00f6chte meinen sportlichen Wettbewerb gewinnen! Zutaten Traubenalkohol 27 % v\/v, w\u00e4ssrige L\u00f6sung aus Bl\u00fcten, Bl\u00e4ttern und Rinde von Larix decidua Mill. (1\/500 Verd\u00fcnnung). Beschreibung Sie m\u00f6chten mit mehr Selbstvertrauen in eine Aufgabe starten, haben das Gef\u00fchl, ihr nicht gewachsen zu sein. Bachbl\u00fcten L\u00e4rche enthalten w\u00e4ssrige Extrakte der Gemeinen L\u00e4rche, auch Europ\u00e4ische L\u00e4rche [&hellip;]<\/p>\n","protected":false},"featured_media":43038,"template":"","meta":{"_acf_changed":false,"footnotes":""},"product_brand":[],"product_cat":[88],"product_tag":[],"class_list":{"0":"post-43037","1":"product","2":"type-product","3":"status-publish","4":"has-post-thumbnail","6":"product_cat-homeopathie","8":"first","9":"instock","10":"taxable","11":"shipping-taxable","12":"purchasable","13":"product-type-simple"},"acf":[],"_links":{"self":[{"href":"https:\/\/www.pharmacieonline.lu\/de\/wp-json\/wp\/v2\/product\/43037","targetHints":{"allow":["GET"]}}],"collection":[{"href":"https:\/\/www.pharmacieonline.lu\/de\/wp-json\/wp\/v2\/product"}],"about":[{"href":"https:\/\/www.pharmacieonline.lu\/de\/wp-json\/wp\/v2\/types\/product"}],"version-history":[{"count":0,"href":"https:\/\/www.pharmacieonline.lu\/de\/wp-json\/wp\/v2\/product\/43037\/revisions"}],"wp:featuredmedia":[{"embeddable":true,"href":"https:\/\/www.pharmacieonline.lu\/de\/wp-json\/wp\/v2\/media\/43038"}],"wp:attachment":[{"href":"https:\/\/www.pharmacieonline.lu\/de\/wp-json\/wp\/v2\/media?parent=43037"}],"wp:term":[{"taxonomy":"product_brand","embeddable":true,"href":"https:\/\/www.pharmacieonline.lu\/de\/wp-json\/wp\/v2\/product_brand?post=43037"},{"taxonomy":"product_cat","embeddable":true,"href":"https:\/\/www.pharmacieonline.lu\/de\/wp-json\/wp\/v2\/product_cat?post=43037"},{"taxonomy":"product_tag","embeddable":true,"href":"https:\/\/www.pharmacieonline.lu\/de\/wp-json\/wp\/v2\/product_tag?post=43037"}],"curies":[{"name":"wp","href":"https:\/\/api.w.org\/{rel}","templated":true}]}}