{"id":43057,"date":"2024-01-26T17:29:24","date_gmt":"2024-01-26T16:29:24","guid":{"rendered":"https:\/\/www.pharmacieonline.lu\/?post_type=product&#038;p=43057"},"modified":"2026-04-19T09:55:12","modified_gmt":"2026-04-19T07:55:12","slug":"bach-original-pine-20-ml-nr24","status":"publish","type":"product","link":"https:\/\/www.pharmacieonline.lu\/de\/produit\/bach-original-pine-20-ml-nr24\/","title":{"rendered":"BACH ORIGINAL PINE 20 ML            NR24"},"content":{"rendered":"<p>Ideal, wenn<\/p>\n<p>Ich habe das Gef\u00fchl, dass ich mir selbst die Schuld gebe, dass ich bestimmte Leute nicht zu meiner Hochzeit eingeladen habe!<\/p>\n<p>Zutaten<\/p>\n<p>Traubenalkohol 27 % v\/v, w\u00e4ssrige L\u00f6sung junger Triebe mit Bl\u00fcten von\u00a0Pinus sylvestris\u00a0L.\u00a0(Verd\u00fcnnung 1\/500).<\/p>\n<p>Beschreibung<\/p>\n<p>Du hast oft das Gef\u00fchl, dass du dir selbst die Schuld gibst, du hast das Gef\u00fchl, dass das, was anderen passiert, oft deine Schuld ist.<\/p>\n<p>Die Bachkiefernbl\u00fcte stammt von der Waldkiefer, einer Baumart aus der Familie der Pinaceae, die in Europa bis nach Ostsibirien vorkommt. Die oft als \u201eNordkiefer\u201c bezeichnete Blume hat einen langen, geraden Stamm, wird im Allgemeinen 25 Meter hoch und lebt mehr als zwei Jahrhunderte. Einige Waldkiefern k\u00f6nnen mehr als 700 Jahre alt werden. Der Baum ist leicht an seiner ockerroten Rinde zu erkennen. Seine Bl\u00e4tter sind bl\u00e4ulich gef\u00e4rbte Nadeln mit einer L\u00e4nge zwischen 4 und 7 cm.<\/p>\n<p>&nbsp;<\/p>\n<p>Die Waldkiefer ist die \u00e4lteste Art aller Bl\u00fctenpflanzen. Als Symbol f\u00fcr den tiefgreifenden Wandel im Laufe der Zeit und f\u00fcr aufeinanderfolgende Generationen lassen sich drei Wachstumsstadien in ein und derselben unterscheiden. Waldkiefer ist ein Nadelbaum, dessen Holz h\u00e4ufig verwendet wird, insbesondere im Bauwesen und bei der Herstellung von Papierzellstoff. Aus den Knospen und Nadeln k\u00f6nnen \u00e4therische \u00d6le f\u00fcr die Kr\u00e4uterheilkunde destilliert werden. Dieser Baum ist eine Lichtart, er braucht w\u00e4hrend seines Wachstums viel Licht. Es hat keine Angst vor K\u00e4lte oder Trockenheit und passt sich den meisten B\u00f6den an.<\/p>\n<p>Dosierung<\/p>\n<p>Bach\u00ae Originalbl\u00fcten werden oral eingenommen.<\/p>\n<p>4-mal t\u00e4glich 2 Tropfen in ein Glas Wasser oder auf die Zunge geben.<\/p>","protected":false},"excerpt":{"rendered":"<p>Ideal, wenn Ich habe das Gef\u00fchl, dass ich mir selbst die Schuld gebe, dass ich bestimmte Leute nicht zu meiner Hochzeit eingeladen habe! Zutaten Traubenalkohol 27 % v\/v, w\u00e4ssrige L\u00f6sung junger Triebe mit Bl\u00fcten von\u00a0Pinus sylvestris\u00a0L.\u00a0(Verd\u00fcnnung 1\/500). Beschreibung Du hast oft das Gef\u00fchl, dass du dir selbst die Schuld gibst, du hast das Gef\u00fchl, dass [&hellip;]<\/p>\n","protected":false},"featured_media":43058,"template":"","meta":{"_acf_changed":false,"footnotes":""},"product_brand":[],"product_cat":[88],"product_tag":[],"class_list":{"0":"post-43057","1":"product","2":"type-product","3":"status-publish","4":"has-post-thumbnail","6":"product_cat-homeopathie","8":"first","9":"instock","10":"taxable","11":"shipping-taxable","12":"purchasable","13":"product-type-simple"},"acf":[],"_links":{"self":[{"href":"https:\/\/www.pharmacieonline.lu\/de\/wp-json\/wp\/v2\/product\/43057","targetHints":{"allow":["GET"]}}],"collection":[{"href":"https:\/\/www.pharmacieonline.lu\/de\/wp-json\/wp\/v2\/product"}],"about":[{"href":"https:\/\/www.pharmacieonline.lu\/de\/wp-json\/wp\/v2\/types\/product"}],"version-history":[{"count":0,"href":"https:\/\/www.pharmacieonline.lu\/de\/wp-json\/wp\/v2\/product\/43057\/revisions"}],"wp:featuredmedia":[{"embeddable":true,"href":"https:\/\/www.pharmacieonline.lu\/de\/wp-json\/wp\/v2\/media\/43058"}],"wp:attachment":[{"href":"https:\/\/www.pharmacieonline.lu\/de\/wp-json\/wp\/v2\/media?parent=43057"}],"wp:term":[{"taxonomy":"product_brand","embeddable":true,"href":"https:\/\/www.pharmacieonline.lu\/de\/wp-json\/wp\/v2\/product_brand?post=43057"},{"taxonomy":"product_cat","embeddable":true,"href":"https:\/\/www.pharmacieonline.lu\/de\/wp-json\/wp\/v2\/product_cat?post=43057"},{"taxonomy":"product_tag","embeddable":true,"href":"https:\/\/www.pharmacieonline.lu\/de\/wp-json\/wp\/v2\/product_tag?post=43057"}],"curies":[{"name":"wp","href":"https:\/\/api.w.org\/{rel}","templated":true}]}}