{"id":43149,"date":"2024-02-06T12:44:54","date_gmt":"2024-02-06T11:44:54","guid":{"rendered":"https:\/\/www.pharmacieonline.lu\/?post_type=product&#038;p=43149"},"modified":"2026-04-03T14:25:19","modified_gmt":"2026-04-03T12:25:19","slug":"fortesun-expert-bronzage-gummies","status":"publish","type":"product","link":"https:\/\/www.pharmacieonline.lu\/de\/produit\/fortesun-expert-bronzage-gummies\/","title":{"rendered":"FORTESUN EXPERT BRONZAGE GUMMIES NF 60 GOMMES"},"content":{"rendered":"<p>Fort\u00e9Sun Expert Br\u00e4unungsgummis tragen dazu bei, die Haut zu verbessern und auf die Sonnenexposition vorzubereiten.<\/p>\n<p>Sie sind vegan und ohne Zuckerzusatz!<\/p>\n<p>VERWENDEN<\/p>\n<p>Nehmen Sie 2 Gummib\u00e4rchen pro Tag.<\/p>\n<p>KOMPOSITION<\/p>\n<p>Fructooligosaccharide, Wasser, Geliermittel (Pektin), S\u00e4uerungsmittel (Zitronens\u00e4ure), Vitamin C (L-Ascorbins\u00e4ure), Maltodextrin, Beta-Carotin 10 %, Vitamin E (DL-alpha-Tocopherylacetat), Lutein 20 %, extrahiert aus Tagetes erecta L., L-Tyrosin (30 mg), Karottenextrakt (Daucus carota L.) (25 mg oder 75 mg Pflanzen\u00e4quivalent), Annatto-Extrakt (Bixa orellana L.) (25 mg oder 100 mg Pflanzen\u00e4quivalent), Vitamin B3 (Nicotinamid), Lycopin 20 % Blakeslea trispora-Extrakt, S\u00e4ureregulator (Trinatriumcitrat), Pflanzen\u00f6l, nat\u00fcrliches Aroma, Kupfer (Kupfersulfat), Trennmittel (Carnaubawachs), Selen (Kupferselenit). Natrium).<\/p>","protected":false},"excerpt":{"rendered":"<p>Fort\u00e9Sun Expert Br\u00e4unungsgummis tragen dazu bei, die Haut zu verbessern und auf die Sonnenexposition vorzubereiten. Sie sind vegan und ohne Zuckerzusatz! VERWENDEN Nehmen Sie 2 Gummib\u00e4rchen pro Tag. KOMPOSITION Fructooligosaccharide, Wasser, Geliermittel (Pektin), S\u00e4uerungsmittel (Zitronens\u00e4ure), Vitamin C (L-Ascorbins\u00e4ure), Maltodextrin, Beta-Carotin 10 %, Vitamin E (DL-alpha-Tocopherylacetat), Lutein 20 %, extrahiert aus Tagetes erecta L., L-Tyrosin (30 [&hellip;]<\/p>\n","protected":false},"featured_media":43150,"template":"","meta":{"_acf_changed":false,"footnotes":""},"product_brand":[],"product_cat":[42,1042,953],"product_tag":[],"class_list":{"0":"post-43149","1":"product","2":"type-product","3":"status-publish","4":"has-post-thumbnail","6":"product_cat-para-pharmacie","7":"product_cat-gummies","8":"product_cat-complements-alimentaires","10":"first","11":"instock","12":"sale","13":"taxable","14":"shipping-taxable","15":"purchasable","16":"product-type-simple"},"acf":[],"_links":{"self":[{"href":"https:\/\/www.pharmacieonline.lu\/de\/wp-json\/wp\/v2\/product\/43149","targetHints":{"allow":["GET"]}}],"collection":[{"href":"https:\/\/www.pharmacieonline.lu\/de\/wp-json\/wp\/v2\/product"}],"about":[{"href":"https:\/\/www.pharmacieonline.lu\/de\/wp-json\/wp\/v2\/types\/product"}],"version-history":[{"count":0,"href":"https:\/\/www.pharmacieonline.lu\/de\/wp-json\/wp\/v2\/product\/43149\/revisions"}],"wp:featuredmedia":[{"embeddable":true,"href":"https:\/\/www.pharmacieonline.lu\/de\/wp-json\/wp\/v2\/media\/43150"}],"wp:attachment":[{"href":"https:\/\/www.pharmacieonline.lu\/de\/wp-json\/wp\/v2\/media?parent=43149"}],"wp:term":[{"taxonomy":"product_brand","embeddable":true,"href":"https:\/\/www.pharmacieonline.lu\/de\/wp-json\/wp\/v2\/product_brand?post=43149"},{"taxonomy":"product_cat","embeddable":true,"href":"https:\/\/www.pharmacieonline.lu\/de\/wp-json\/wp\/v2\/product_cat?post=43149"},{"taxonomy":"product_tag","embeddable":true,"href":"https:\/\/www.pharmacieonline.lu\/de\/wp-json\/wp\/v2\/product_tag?post=43149"}],"curies":[{"name":"wp","href":"https:\/\/api.w.org\/{rel}","templated":true}]}}