{"id":43310,"date":"2024-02-14T15:18:55","date_gmt":"2024-02-14T14:18:55","guid":{"rendered":"https:\/\/www.pharmacieonline.lu\/?post_type=product&#038;p=43310"},"modified":"2026-04-03T19:55:11","modified_gmt":"2026-04-03T17:55:11","slug":"immunite-manadrine-60-gommes","status":"publish","type":"product","link":"https:\/\/www.pharmacieonline.lu\/de\/produit\/immunite-manadrine-60-gommes\/","title":{"rendered":"IMMUNITE MANADRINE 60 GOMMES"},"content":{"rendered":"<p>Die Vitamine C, D, Selen und Zink tragen zu einer normalen Funktion des Immunsystems bei.<\/p>\n<p>INDIKATION<\/p>\n<p>Immun Gummib\u00e4rchen mit k\u00f6stlichem Zitrusgeschmack f\u00fcr die ganze Familie.<\/p>\n<p>VERWENDEN<\/p>\n<p>2 Gummib\u00e4rchen pro Tag.<\/p>\n<p>KOMPOSITION<\/p>\n<p>Inhaltsstoffform Menge % RI<br \/>\nVitamin D Cholecalciferol 10 \u00b5g (400 IE) 200 %*<br \/>\nVitamin C Ascorbins\u00e4ure 40 mg 50 %*<br \/>\nZink Zinkcitrat 2 mg 20 %*<br \/>\nSelen Natriumselenit 10 \u00b5g 18 %*<\/p>","protected":false},"excerpt":{"rendered":"<p>Die Vitamine C, D, Selen und Zink tragen zu einer normalen Funktion des Immunsystems bei. INDIKATION Immun Gummib\u00e4rchen mit k\u00f6stlichem Zitrusgeschmack f\u00fcr die ganze Familie. VERWENDEN 2 Gummib\u00e4rchen pro Tag. KOMPOSITION Inhaltsstoffform Menge % RI Vitamin D Cholecalciferol 10 \u00b5g (400 IE) 200 %* Vitamin C Ascorbins\u00e4ure 40 mg 50 %* Zink Zinkcitrat 2 mg [&hellip;]<\/p>\n","protected":false},"featured_media":43311,"template":"","meta":{"_acf_changed":false,"footnotes":""},"product_brand":[],"product_cat":[1042,953],"product_tag":[],"class_list":{"0":"post-43310","1":"product","2":"type-product","3":"status-publish","4":"has-post-thumbnail","6":"product_cat-gummies","7":"product_cat-complements-alimentaires","9":"first","10":"outofstock","11":"taxable","12":"shipping-taxable","13":"purchasable","14":"product-type-simple"},"acf":[],"_links":{"self":[{"href":"https:\/\/www.pharmacieonline.lu\/de\/wp-json\/wp\/v2\/product\/43310","targetHints":{"allow":["GET"]}}],"collection":[{"href":"https:\/\/www.pharmacieonline.lu\/de\/wp-json\/wp\/v2\/product"}],"about":[{"href":"https:\/\/www.pharmacieonline.lu\/de\/wp-json\/wp\/v2\/types\/product"}],"version-history":[{"count":0,"href":"https:\/\/www.pharmacieonline.lu\/de\/wp-json\/wp\/v2\/product\/43310\/revisions"}],"wp:featuredmedia":[{"embeddable":true,"href":"https:\/\/www.pharmacieonline.lu\/de\/wp-json\/wp\/v2\/media\/43311"}],"wp:attachment":[{"href":"https:\/\/www.pharmacieonline.lu\/de\/wp-json\/wp\/v2\/media?parent=43310"}],"wp:term":[{"taxonomy":"product_brand","embeddable":true,"href":"https:\/\/www.pharmacieonline.lu\/de\/wp-json\/wp\/v2\/product_brand?post=43310"},{"taxonomy":"product_cat","embeddable":true,"href":"https:\/\/www.pharmacieonline.lu\/de\/wp-json\/wp\/v2\/product_cat?post=43310"},{"taxonomy":"product_tag","embeddable":true,"href":"https:\/\/www.pharmacieonline.lu\/de\/wp-json\/wp\/v2\/product_tag?post=43310"}],"curies":[{"name":"wp","href":"https:\/\/api.w.org\/{rel}","templated":true}]}}