{"id":43352,"date":"2024-02-14T15:28:11","date_gmt":"2024-02-14T14:28:11","guid":{"rendered":"https:\/\/www.pharmacieonline.lu\/?post_type=product&#038;p=43352"},"modified":"2026-04-03T19:55:10","modified_gmt":"2026-04-03T17:55:10","slug":"vitamine-b12-500mcg-framboise-60-gommes","status":"publish","type":"product","link":"https:\/\/www.pharmacieonline.lu\/de\/produit\/vitamine-b12-500mcg-framboise-60-gommes\/","title":{"rendered":"VITAMINE B12 500MCG FRAMBOISE 60 GOMMES"},"content":{"rendered":"<p>Vitamin B12 tr\u00e4gt zu einem normalen Energiestoffwechsel bei.<\/p>\n<p>INDIKATION<\/p>\n<p>Energief\u00f6rdernde Gummib\u00e4rchen mit k\u00f6stlichem Himbeergeschmack.<\/p>\n<p>VERWENDEN<\/p>\n<p>1-2 Gummib\u00e4rchen pro Tag.<\/p>\n<p>KOMPOSITION<\/p>\n<p>Inhaltsstoffform Menge % RI<br \/>\nVitamin B12 Methylcobalamin 500 \u00b5g 20000 %*<br \/>\nVitamin B6 Pyridoxinhydrochlorid 2 mg 143 %*<\/p>\n<p>Fructo-Oligosaccharide (FOS) aus Zichorienwurzelfasern (Cichorium intybus L.); Wasser; Pektin; Agar-Agar; Tapiokast\u00e4rke; Himbeeraroma; Zitronens\u00e4ure; Trinatriumcitrat; schwarzes Karottenkonzentrat (Daucus carota); Carnaubawachs<\/p>","protected":false},"excerpt":{"rendered":"<p>Vitamin B12 tr\u00e4gt zu einem normalen Energiestoffwechsel bei. INDIKATION Energief\u00f6rdernde Gummib\u00e4rchen mit k\u00f6stlichem Himbeergeschmack. VERWENDEN 1-2 Gummib\u00e4rchen pro Tag. KOMPOSITION Inhaltsstoffform Menge % RI Vitamin B12 Methylcobalamin 500 \u00b5g 20000 %* Vitamin B6 Pyridoxinhydrochlorid 2 mg 143 %* Fructo-Oligosaccharide (FOS) aus Zichorienwurzelfasern (Cichorium intybus L.); Wasser; Pektin; Agar-Agar; Tapiokast\u00e4rke; Himbeeraroma; Zitronens\u00e4ure; Trinatriumcitrat; schwarzes Karottenkonzentrat (Daucus [&hellip;]<\/p>\n","protected":false},"featured_media":43353,"template":"","meta":{"_acf_changed":false,"footnotes":""},"product_brand":[],"product_cat":[1042,953],"product_tag":[],"class_list":{"0":"post-43352","1":"product","2":"type-product","3":"status-publish","4":"has-post-thumbnail","6":"product_cat-gummies","7":"product_cat-complements-alimentaires","9":"first","10":"outofstock","11":"taxable","12":"shipping-taxable","13":"purchasable","14":"product-type-simple"},"acf":[],"_links":{"self":[{"href":"https:\/\/www.pharmacieonline.lu\/de\/wp-json\/wp\/v2\/product\/43352","targetHints":{"allow":["GET"]}}],"collection":[{"href":"https:\/\/www.pharmacieonline.lu\/de\/wp-json\/wp\/v2\/product"}],"about":[{"href":"https:\/\/www.pharmacieonline.lu\/de\/wp-json\/wp\/v2\/types\/product"}],"version-history":[{"count":0,"href":"https:\/\/www.pharmacieonline.lu\/de\/wp-json\/wp\/v2\/product\/43352\/revisions"}],"wp:featuredmedia":[{"embeddable":true,"href":"https:\/\/www.pharmacieonline.lu\/de\/wp-json\/wp\/v2\/media\/43353"}],"wp:attachment":[{"href":"https:\/\/www.pharmacieonline.lu\/de\/wp-json\/wp\/v2\/media?parent=43352"}],"wp:term":[{"taxonomy":"product_brand","embeddable":true,"href":"https:\/\/www.pharmacieonline.lu\/de\/wp-json\/wp\/v2\/product_brand?post=43352"},{"taxonomy":"product_cat","embeddable":true,"href":"https:\/\/www.pharmacieonline.lu\/de\/wp-json\/wp\/v2\/product_cat?post=43352"},{"taxonomy":"product_tag","embeddable":true,"href":"https:\/\/www.pharmacieonline.lu\/de\/wp-json\/wp\/v2\/product_tag?post=43352"}],"curies":[{"name":"wp","href":"https:\/\/api.w.org\/{rel}","templated":true}]}}