{"id":43358,"date":"2024-02-14T17:47:27","date_gmt":"2024-02-14T16:47:27","guid":{"rendered":"https:\/\/www.pharmacieonline.lu\/?post_type=product&#038;p=43358"},"modified":"2026-04-03T19:55:10","modified_gmt":"2026-04-03T17:55:10","slug":"vitamine-c-orange-60-gommes","status":"publish","type":"product","link":"https:\/\/www.pharmacieonline.lu\/de\/produit\/vitamine-c-orange-60-gommes\/","title":{"rendered":"VITAMINE C ORANGE 60 GOMMES"},"content":{"rendered":"<p>Vitamin C tr\u00e4gt zu einem normalen Energiestoffwechsel bei.<\/p>\n<p>INDIKATION<\/p>\n<p>Vitalit\u00e4tskaugummi mit k\u00f6stlichem Orangengeschmack.<\/p>\n<p>VERWENDEN<\/p>\n<p>1 Gummib\u00e4rchen pro Tag.<\/p>\n<p>KOMPOSITION<\/p>\n<p>Inhaltsstoffform Menge % RI<br \/>\nVitamin C<br \/>\n80 mg 100 %*<\/p>\n<p>Maltitsirup; Sorbitolsirup; Pektin; Sorbit; Zitronens\u00e4ure; Orangenaroma; Kokospalmen\u00f6l (Cocos nucifera L.); Trinatriumcitrat; Pfefferextrakt; Carnaubawachs.<\/p>","protected":false},"excerpt":{"rendered":"<p>Vitamin C tr\u00e4gt zu einem normalen Energiestoffwechsel bei. INDIKATION Vitalit\u00e4tskaugummi mit k\u00f6stlichem Orangengeschmack. VERWENDEN 1 Gummib\u00e4rchen pro Tag. KOMPOSITION Inhaltsstoffform Menge % RI Vitamin C 80 mg 100 %* Maltitsirup; Sorbitolsirup; Pektin; Sorbit; Zitronens\u00e4ure; Orangenaroma; Kokospalmen\u00f6l (Cocos nucifera L.); Trinatriumcitrat; Pfefferextrakt; Carnaubawachs.<\/p>\n","protected":false},"featured_media":43359,"template":"","meta":{"_acf_changed":false,"footnotes":""},"product_brand":[],"product_cat":[1042,953],"product_tag":[],"class_list":{"0":"post-43358","1":"product","2":"type-product","3":"status-publish","4":"has-post-thumbnail","6":"product_cat-gummies","7":"product_cat-complements-alimentaires","9":"first","10":"outofstock","11":"taxable","12":"shipping-taxable","13":"purchasable","14":"product-type-simple"},"acf":[],"_links":{"self":[{"href":"https:\/\/www.pharmacieonline.lu\/de\/wp-json\/wp\/v2\/product\/43358","targetHints":{"allow":["GET"]}}],"collection":[{"href":"https:\/\/www.pharmacieonline.lu\/de\/wp-json\/wp\/v2\/product"}],"about":[{"href":"https:\/\/www.pharmacieonline.lu\/de\/wp-json\/wp\/v2\/types\/product"}],"version-history":[{"count":0,"href":"https:\/\/www.pharmacieonline.lu\/de\/wp-json\/wp\/v2\/product\/43358\/revisions"}],"wp:featuredmedia":[{"embeddable":true,"href":"https:\/\/www.pharmacieonline.lu\/de\/wp-json\/wp\/v2\/media\/43359"}],"wp:attachment":[{"href":"https:\/\/www.pharmacieonline.lu\/de\/wp-json\/wp\/v2\/media?parent=43358"}],"wp:term":[{"taxonomy":"product_brand","embeddable":true,"href":"https:\/\/www.pharmacieonline.lu\/de\/wp-json\/wp\/v2\/product_brand?post=43358"},{"taxonomy":"product_cat","embeddable":true,"href":"https:\/\/www.pharmacieonline.lu\/de\/wp-json\/wp\/v2\/product_cat?post=43358"},{"taxonomy":"product_tag","embeddable":true,"href":"https:\/\/www.pharmacieonline.lu\/de\/wp-json\/wp\/v2\/product_tag?post=43358"}],"curies":[{"name":"wp","href":"https:\/\/api.w.org\/{rel}","templated":true}]}}