{"id":43391,"date":"2024-02-16T16:26:01","date_gmt":"2024-02-16T15:26:01","guid":{"rendered":"https:\/\/www.pharmacieonline.lu\/?post_type=product&#038;p=43391"},"modified":"2026-04-03T23:55:09","modified_gmt":"2026-04-03T21:55:09","slug":"nuxe-rdthe-gelee-douche-750ml","status":"publish","type":"product","link":"https:\/\/www.pharmacieonline.lu\/de\/produit\/nuxe-rdthe-gelee-douche-750ml\/","title":{"rendered":"NUXE RDTHE GELEE DOUCHE 750ML"},"content":{"rendered":"<p>K\u00f6rperduschgel \u2013 reinigt, macht weich, erfrischt.<\/p>\n<p>INDIKATION<\/p>\n<p>Alle Hauttypen.<\/p>\n<p>VERWENDEN<\/p>\n<p>Massieren Sie morgens und\/oder abends einen Tupfer Duschgel auf die feuchte K\u00f6rperhaut. Genie\u00dfen Sie die schmelzende Textur und den k\u00f6stlichen Schaum und sp\u00fclen Sie es anschlie\u00dfend aus.<br \/>\nBei Kontakt mit den Augen aussp\u00fclen.<\/p>\n<p>KOMPOSITION<\/p>\n<p>AQUA\/WASSER, CAPRYLYL\/CAPRYL GLUCOSID, COCAMIDOPROPYL BETAINE, GLYCERIN, NATRIUM COCOYL GLUTAMAT, PARFUM\/DUFT, ACRYLATE\/C10-30 ALKYL ACRYLAT CROSSPOLYMER, NATRIUM BENZOAT, PROPYLEN GLYCOL, TOCOPHERYL ACETAT, NATRIUM HYDROXID, CAMELLIA S INENSIS FLOW ER-EXTRAKT, LIMONEN , LINALOOL, ALPHA-ISOMETHYLIONON, GERANIOL.<\/p>","protected":false},"excerpt":{"rendered":"<p>K\u00f6rperduschgel \u2013 reinigt, macht weich, erfrischt. INDIKATION Alle Hauttypen. VERWENDEN Massieren Sie morgens und\/oder abends einen Tupfer Duschgel auf die feuchte K\u00f6rperhaut. Genie\u00dfen Sie die schmelzende Textur und den k\u00f6stlichen Schaum und sp\u00fclen Sie es anschlie\u00dfend aus. Bei Kontakt mit den Augen aussp\u00fclen. KOMPOSITION AQUA\/WASSER, CAPRYLYL\/CAPRYL GLUCOSID, COCAMIDOPROPYL BETAINE, GLYCERIN, NATRIUM COCOYL GLUTAMAT, PARFUM\/DUFT, ACRYLATE\/C10-30 [&hellip;]<\/p>\n","protected":false},"featured_media":43395,"template":"","meta":{"_acf_changed":false,"footnotes":""},"product_brand":[],"product_cat":[47,42,112],"product_tag":[],"class_list":{"0":"post-43391","1":"product","2":"type-product","3":"status-publish","4":"has-post-thumbnail","6":"product_cat-dermocosmetique","7":"product_cat-para-pharmacie","8":"product_cat-douche-bain","10":"first","11":"instock","12":"sale","13":"taxable","14":"shipping-taxable","15":"purchasable","16":"product-type-simple"},"acf":[],"_links":{"self":[{"href":"https:\/\/www.pharmacieonline.lu\/de\/wp-json\/wp\/v2\/product\/43391","targetHints":{"allow":["GET"]}}],"collection":[{"href":"https:\/\/www.pharmacieonline.lu\/de\/wp-json\/wp\/v2\/product"}],"about":[{"href":"https:\/\/www.pharmacieonline.lu\/de\/wp-json\/wp\/v2\/types\/product"}],"version-history":[{"count":0,"href":"https:\/\/www.pharmacieonline.lu\/de\/wp-json\/wp\/v2\/product\/43391\/revisions"}],"wp:featuredmedia":[{"embeddable":true,"href":"https:\/\/www.pharmacieonline.lu\/de\/wp-json\/wp\/v2\/media\/43395"}],"wp:attachment":[{"href":"https:\/\/www.pharmacieonline.lu\/de\/wp-json\/wp\/v2\/media?parent=43391"}],"wp:term":[{"taxonomy":"product_brand","embeddable":true,"href":"https:\/\/www.pharmacieonline.lu\/de\/wp-json\/wp\/v2\/product_brand?post=43391"},{"taxonomy":"product_cat","embeddable":true,"href":"https:\/\/www.pharmacieonline.lu\/de\/wp-json\/wp\/v2\/product_cat?post=43391"},{"taxonomy":"product_tag","embeddable":true,"href":"https:\/\/www.pharmacieonline.lu\/de\/wp-json\/wp\/v2\/product_tag?post=43391"}],"curies":[{"name":"wp","href":"https:\/\/api.w.org\/{rel}","templated":true}]}}