{"id":43398,"date":"2024-02-16T17:13:29","date_gmt":"2024-02-16T16:13:29","guid":{"rendered":"https:\/\/www.pharmacieonline.lu\/?post_type=product&#038;p=43398"},"modified":"2026-04-09T03:55:19","modified_gmt":"2026-04-09T01:55:19","slug":"nuxe-sun-shampooing-douche-apres-soleil-200ml","status":"publish","type":"product","link":"https:\/\/www.pharmacieonline.lu\/de\/produit\/nuxe-sun-shampooing-douche-apres-soleil-200ml\/","title":{"rendered":"NUXE SUN SHAMPOOING DOUCHE APRES SOLEIL 200ML"},"content":{"rendered":"<p>Das After-Sun-Duschshampoo reinigt sanft. Es macht Ihre Haut weich und Ihr Haar hell und gl\u00e4nzend. UV-Filter, Salz, Chlor und Sand verschwinden unter seinem cremigen Schaum und duften k\u00f6stlich nach s\u00fc\u00dfer Orange, Tiare und Vanille. Ein intensives Gef\u00fchl der Flucht bei jedem Gebrauch. Das Plus: 25 % weniger Plastik* in unseren Tuben!<\/p>\n<p>In Frankreich formulierte und hergestellte Behandlung.<\/p>\n<p>*Im Vergleich zu unseren alten R\u00f6hren.<\/p>\n<p>Auf die feuchte Haut und das Haar aufsch\u00e4umen und anschlie\u00dfend gr\u00fcndlich aussp\u00fclen. Ideal nach dem Strand oder Schwimmbad.<\/p>\n<p>Sanfte sulfatfreie* Formel.<\/p>\n<p>&#8211; Bio-Kokos\u00f6l.<\/p>\n<p>*Kein sulfatiertes Tensid.<\/p>\n<p>*Gem\u00e4\u00df der Norm ISO 16128 tragen die restlichen % zur Integrit\u00e4t und Sinnlichkeit der Formel bei<\/p>\n<p>Zutatenliste<\/p>\n<p>Die Listen der Inhaltsstoffe, aus denen die Produkte unserer Marke bestehen, werden regelm\u00e4\u00dfig aktualisiert. Bevor Sie ein Produkt unserer Marke verwenden, lesen Sie bitte die Zutatenliste auf der Verpackung durch, um sicherzustellen, dass die Inhaltsstoffe f\u00fcr Ihren pers\u00f6nlichen Gebrauch geeignet sind.<\/p>\n<p>AQUA\/WASSER, LAURYL GLUCOSID, NATRIUMLAUROYLSARCOSINAT, COCAMIDOPROPYL BETAINE, DIGLYCERIN, GLYCERIN, POLYACRYLAT CROSSPOLYMER-6, ZITRONENS\u00c4URE, PARFUM\/DUFTSTOFF, COCOS NUCIF ER A (KOKOSNUSS) \u00d6L, S O D I UM BE NZ O A T E, G U AR HYDROXYPRO PYLTRIMONIUM CHLOR IDE , NATRIUMDEHYDROACETAT, KARAMELL, LIMONEN, LINALOOL, CITRONELLOL, GERANIOL [N5107\/A].<\/p>","protected":false},"excerpt":{"rendered":"<p>Das After-Sun-Duschshampoo reinigt sanft. Es macht Ihre Haut weich und Ihr Haar hell und gl\u00e4nzend. UV-Filter, Salz, Chlor und Sand verschwinden unter seinem cremigen Schaum und duften k\u00f6stlich nach s\u00fc\u00dfer Orange, Tiare und Vanille. Ein intensives Gef\u00fchl der Flucht bei jedem Gebrauch. Das Plus: 25 % weniger Plastik* in unseren Tuben! In Frankreich formulierte und [&hellip;]<\/p>\n","protected":false},"featured_media":43399,"template":"","meta":{"_acf_changed":false,"footnotes":""},"product_brand":[],"product_cat":[47,42,112],"product_tag":[],"class_list":{"0":"post-43398","1":"product","2":"type-product","3":"status-publish","4":"has-post-thumbnail","6":"product_cat-dermocosmetique","7":"product_cat-para-pharmacie","8":"product_cat-douche-bain","10":"first","11":"outofstock","12":"sale","13":"taxable","14":"shipping-taxable","15":"purchasable","16":"product-type-simple"},"acf":[],"_links":{"self":[{"href":"https:\/\/www.pharmacieonline.lu\/de\/wp-json\/wp\/v2\/product\/43398","targetHints":{"allow":["GET"]}}],"collection":[{"href":"https:\/\/www.pharmacieonline.lu\/de\/wp-json\/wp\/v2\/product"}],"about":[{"href":"https:\/\/www.pharmacieonline.lu\/de\/wp-json\/wp\/v2\/types\/product"}],"version-history":[{"count":0,"href":"https:\/\/www.pharmacieonline.lu\/de\/wp-json\/wp\/v2\/product\/43398\/revisions"}],"wp:featuredmedia":[{"embeddable":true,"href":"https:\/\/www.pharmacieonline.lu\/de\/wp-json\/wp\/v2\/media\/43399"}],"wp:attachment":[{"href":"https:\/\/www.pharmacieonline.lu\/de\/wp-json\/wp\/v2\/media?parent=43398"}],"wp:term":[{"taxonomy":"product_brand","embeddable":true,"href":"https:\/\/www.pharmacieonline.lu\/de\/wp-json\/wp\/v2\/product_brand?post=43398"},{"taxonomy":"product_cat","embeddable":true,"href":"https:\/\/www.pharmacieonline.lu\/de\/wp-json\/wp\/v2\/product_cat?post=43398"},{"taxonomy":"product_tag","embeddable":true,"href":"https:\/\/www.pharmacieonline.lu\/de\/wp-json\/wp\/v2\/product_tag?post=43398"}],"curies":[{"name":"wp","href":"https:\/\/api.w.org\/{rel}","templated":true}]}}