{"id":43415,"date":"2024-02-17T16:45:23","date_gmt":"2024-02-17T15:45:23","guid":{"rendered":"https:\/\/www.pharmacieonline.lu\/?post_type=product&#038;p=43415"},"modified":"2026-04-02T15:55:15","modified_gmt":"2026-04-02T13:55:15","slug":"bach-original-rescue-alcohol-spray-20ml","status":"publish","type":"product","link":"https:\/\/www.pharmacieonline.lu\/de\/produit\/bach-original-rescue-alcohol-spray-20ml\/","title":{"rendered":"BACH ORIGINAL RESCUE ALCOHOL SPRAY 20ML"},"content":{"rendered":"<p>Nehmen Sie es \u00fcberall hin mit!<\/p>\n<p>Ein kleiner Schock, Stress, Angst, ein wichtiges Meeting? Das Rescue Spray wird Ihnen helfen, gelassener durch diese schlimmen Zeiten zu kommen und Ihre Emotionen besser in den Griff zu bekommen.<br \/>\nN\u00fctzlich, praktisch und diskret, machen Sie es wie wir und nehmen Sie es \u00fcberall hin mit! Sobald Sie Ihren Seelenfrieden wiedergefunden haben, werden Sie guten Fu\u00dfes, friedlich und friedlich abreisen.<\/p>\n<p>Eigenschaften<br \/>\nDas Original Bach Rescue in einer Spr\u00fchflasche<br \/>\nSofort einsatzbereit bei Sorgen und Stresssituationen<br \/>\nPraktisch im Auto, in der Handtasche oder bei der Arbeit<br \/>\nEinfache und diskrete Anwendung<br \/>\nNat\u00fcrliches Produkt<br \/>\nAuch f\u00fcr Kinder geeignet<br \/>\nKann beliebig oft verwendet werden<br \/>\nKann in Kombination mit anderen Produkten verwendet werden<br \/>\nDosierung<br \/>\nBringen Sie das Spray auf Mundh\u00f6he und spr\u00fchen Sie es zweimal in den Mund, um Ruhe und Gelassenheit zu finden.<br \/>\nSpritzen Sie Rescue Spray nicht in die Augen.<br \/>\nKomposition<br \/>\nAlkohol (27 Vol.-%), Helianthemum nummularium, Clematis vitalba, Impatiens Glandulifera, Prunus cerasifera, Ornithogalum umbellatum.<br \/>\nKonditionierung<br \/>\n20 ml Spr\u00fchflasche<br \/>\nRettung<\/p>","protected":false},"excerpt":{"rendered":"<p>Nehmen Sie es \u00fcberall hin mit! Ein kleiner Schock, Stress, Angst, ein wichtiges Meeting? Das Rescue Spray wird Ihnen helfen, gelassener durch diese schlimmen Zeiten zu kommen und Ihre Emotionen besser in den Griff zu bekommen. N\u00fctzlich, praktisch und diskret, machen Sie es wie wir und nehmen Sie es \u00fcberall hin mit! Sobald Sie Ihren [&hellip;]<\/p>\n","protected":false},"featured_media":43416,"template":"","meta":{"_acf_changed":false,"footnotes":""},"product_brand":[],"product_cat":[88],"product_tag":[],"class_list":{"0":"post-43415","1":"product","2":"type-product","3":"status-publish","4":"has-post-thumbnail","6":"product_cat-homeopathie","8":"first","9":"instock","10":"taxable","11":"shipping-taxable","12":"purchasable","13":"product-type-simple"},"acf":[],"_links":{"self":[{"href":"https:\/\/www.pharmacieonline.lu\/de\/wp-json\/wp\/v2\/product\/43415","targetHints":{"allow":["GET"]}}],"collection":[{"href":"https:\/\/www.pharmacieonline.lu\/de\/wp-json\/wp\/v2\/product"}],"about":[{"href":"https:\/\/www.pharmacieonline.lu\/de\/wp-json\/wp\/v2\/types\/product"}],"version-history":[{"count":0,"href":"https:\/\/www.pharmacieonline.lu\/de\/wp-json\/wp\/v2\/product\/43415\/revisions"}],"wp:featuredmedia":[{"embeddable":true,"href":"https:\/\/www.pharmacieonline.lu\/de\/wp-json\/wp\/v2\/media\/43416"}],"wp:attachment":[{"href":"https:\/\/www.pharmacieonline.lu\/de\/wp-json\/wp\/v2\/media?parent=43415"}],"wp:term":[{"taxonomy":"product_brand","embeddable":true,"href":"https:\/\/www.pharmacieonline.lu\/de\/wp-json\/wp\/v2\/product_brand?post=43415"},{"taxonomy":"product_cat","embeddable":true,"href":"https:\/\/www.pharmacieonline.lu\/de\/wp-json\/wp\/v2\/product_cat?post=43415"},{"taxonomy":"product_tag","embeddable":true,"href":"https:\/\/www.pharmacieonline.lu\/de\/wp-json\/wp\/v2\/product_tag?post=43415"}],"curies":[{"name":"wp","href":"https:\/\/api.w.org\/{rel}","templated":true}]}}