{"id":43465,"date":"2024-02-22T11:43:54","date_gmt":"2024-02-22T10:43:54","guid":{"rendered":"https:\/\/www.pharmacieonline.lu\/?post_type=product&#038;p=43465"},"modified":"2026-04-08T17:55:11","modified_gmt":"2026-04-08T15:55:11","slug":"cerave-pommade-rep-intense-88ml","status":"publish","type":"product","link":"https:\/\/www.pharmacieonline.lu\/de\/produit\/cerave-pommade-rep-intense-88ml\/","title":{"rendered":"CERAVE POMMADE REP INTENSE 88ML"},"content":{"rendered":"<p>Mehrzweckbehandlung, die sehr trockene, gesch\u00e4digte und rissige Haut beruhigt, sch\u00fctzt und sofort repariert. Diese regenerierende Behandlung wird auf Gesicht, K\u00f6rper und Lippen angewendet.<\/p>\n<p>Angereichert mit 3 essentiellen Ceramiden, die nat\u00fcrlicherweise in der Haut vorkommen, und Hyalurons\u00e4ure stellt diese Behandlung die Hautbarriere wieder her. Seine semi-okklusive Salbentextur bildet eine Schutzbarriere, \u00e4hnlich einem \u201eVerbandeffekt\u201c, um gesch\u00e4digte Haut zu sch\u00fctzen und ihr gleichzeitig das \u201eAtmen\u201c zu erm\u00f6glichen. Schlie\u00dflich hilft Panthenol, Unwohlsein sofort zu lindern.<\/p>\n<p>INDIKATION<\/p>\n<p>Intensive Reparatur trockener, sehr trockener, gesch\u00e4digter und rissiger Haut.<\/p>\n<p>Ideal f\u00fcr die ganze Familie ab 1 Monat.<\/p>\n<p>VERWENDEN<\/p>\n<p>Bei Bedarf auf Gesicht, K\u00f6rper und Lippen auftragen. Vermeiden Sie direkten Kontakt mit den Augen. Bei Kontakt mit reichlich Wasser absp\u00fclen. Auf gesunde Haut auftragen.<\/p>\n<p>KOMPOSITION<\/p>\n<p>PETROLATUM, PARAFFINUM LIQUIDUM \/ MINERAL OIL, CERA MICROCRISTALLINA \/ MICROCRYSTALLINE WAX, PARAFFIN, CAPRYLIC\/CAPRIC TRIGLYCERIDE, DIMETHICONE, AQUA \/ WATER, CERAMIDE NP, CERAMIDE AP, CERAMIDE EOP, CARBOMER, TRIETHYL CITRATE, SODIUM LAUROYL LACTYLATE, SODIUM HYALURONATE, CHOLESTEROL, TOCOPHERYLACETAT, OCOPHEROL, CAPRYLYL GLYCOL, SYNTHETISCHES WACHS, PANTHENOL, PHYTOSPHINGOSIN, XANTHANGUMMI, BENZOS\u00c4URE (F.I.L. Y70029424\/1).<\/p>","protected":false},"excerpt":{"rendered":"<p>Mehrzweckbehandlung, die sehr trockene, gesch\u00e4digte und rissige Haut beruhigt, sch\u00fctzt und sofort repariert. Diese regenerierende Behandlung wird auf Gesicht, K\u00f6rper und Lippen angewendet. Angereichert mit 3 essentiellen Ceramiden, die nat\u00fcrlicherweise in der Haut vorkommen, und Hyalurons\u00e4ure stellt diese Behandlung die Hautbarriere wieder her. Seine semi-okklusive Salbentextur bildet eine Schutzbarriere, \u00e4hnlich einem \u201eVerbandeffekt\u201c, um gesch\u00e4digte Haut [&hellip;]<\/p>\n","protected":false},"featured_media":43467,"template":"","meta":{"_acf_changed":false,"footnotes":""},"product_brand":[],"product_cat":[47,42,54],"product_tag":[],"class_list":{"0":"post-43465","1":"product","2":"type-product","3":"status-publish","4":"has-post-thumbnail","6":"product_cat-dermocosmetique","7":"product_cat-para-pharmacie","8":"product_cat-soins-du-visage","10":"first","11":"outofstock","12":"taxable","13":"shipping-taxable","14":"purchasable","15":"product-type-simple"},"acf":[],"_links":{"self":[{"href":"https:\/\/www.pharmacieonline.lu\/de\/wp-json\/wp\/v2\/product\/43465","targetHints":{"allow":["GET"]}}],"collection":[{"href":"https:\/\/www.pharmacieonline.lu\/de\/wp-json\/wp\/v2\/product"}],"about":[{"href":"https:\/\/www.pharmacieonline.lu\/de\/wp-json\/wp\/v2\/types\/product"}],"version-history":[{"count":0,"href":"https:\/\/www.pharmacieonline.lu\/de\/wp-json\/wp\/v2\/product\/43465\/revisions"}],"wp:featuredmedia":[{"embeddable":true,"href":"https:\/\/www.pharmacieonline.lu\/de\/wp-json\/wp\/v2\/media\/43467"}],"wp:attachment":[{"href":"https:\/\/www.pharmacieonline.lu\/de\/wp-json\/wp\/v2\/media?parent=43465"}],"wp:term":[{"taxonomy":"product_brand","embeddable":true,"href":"https:\/\/www.pharmacieonline.lu\/de\/wp-json\/wp\/v2\/product_brand?post=43465"},{"taxonomy":"product_cat","embeddable":true,"href":"https:\/\/www.pharmacieonline.lu\/de\/wp-json\/wp\/v2\/product_cat?post=43465"},{"taxonomy":"product_tag","embeddable":true,"href":"https:\/\/www.pharmacieonline.lu\/de\/wp-json\/wp\/v2\/product_tag?post=43465"}],"curies":[{"name":"wp","href":"https:\/\/api.w.org\/{rel}","templated":true}]}}