{"id":43556,"date":"2024-02-29T13:57:59","date_gmt":"2024-02-29T12:57:59","guid":{"rendered":"https:\/\/www.pharmacieonline.lu\/?post_type=product&#038;p=43556"},"modified":"2026-04-02T10:25:21","modified_gmt":"2026-04-02T08:25:21","slug":"bach-original-vervain-20-ml-nr31","status":"publish","type":"product","link":"https:\/\/www.pharmacieonline.lu\/de\/produit\/bach-original-vervain-20-ml-nr31\/","title":{"rendered":"BACH ORIGINAL VERVAIN 20 ML         NR31"},"content":{"rendered":"<p>Beschreibung<\/p>\n<p>Ihr Enthusiasmus f\u00fchrt manchmal zu Exzessen, Sie k\u00f6nnen Ungerechtigkeit nicht ertragen und sind bereit zu k\u00e4mpfen<\/p>\n<p>Eisenkraut, auf Franz\u00f6sisch Verbena genannt, ist die Bachbl\u00fcte mit kanalisierter Lebensenergie<\/p>\n<p>Die eigensinnige und robuste Eisenkraut bl\u00fcht im Sommer in voller Bl\u00fcte. Es kann auf sehr kargen B\u00f6den wachsen und extremen Bedingungen standhalten. Diese Pflanze zeichnet sich durch ihre d\u00fcnnen, geraden St\u00e4ngel aus, die reichlich Laub tragen. Eisenkraut bezieht seine Kraft aus seinen Wurzeln. Sie sind zahlreich und fein, sie dehnen sich aus und verflechten sich, um sich mit dem Boden zu verbinden. Diese gut in der Erde verankerte Pflanze ist in der Lage, knappe nat\u00fcrliche Ressourcen in \u00fcppiges Blattwerk mit einem leicht zitronigen Duft zu verwandeln. Dieser lebenswichtige Impuls scheint Wunder zu bewirken. Es ist auch anstrengend, denn wenn das Eisenkraut nicht beschnitten wird, erstickt es am Ende.<\/p>\n<p>&nbsp;<\/p>\n<p>Die Bach-Eisenkrautbl\u00fcte entsteht durch ihre Bl\u00fcten, die von Juni bis September erscheinen. Mit ihrem spitz zulaufenden, dezenten und zarten Profil kontrastieren die Bl\u00fcten der Eisenkraut mit dem Laub der Pflanze. Sie kanalisieren die \u00fcberstr\u00f6mende Energie der Pflanze, die sie tr\u00e4gt, und scheinen zum Nachdenken und zur Zur\u00fcckhaltung einzuladen, um effektiver handeln zu k\u00f6nnen.<\/p>\n<p>Dosierung<\/p>\n<p>Bach\u00ae Originalbl\u00fcten werden oral eingenommen.<\/p>\n<p>4-mal t\u00e4glich 2 Tropfen in ein Glas Wasser oder auf die Zunge geben.<\/p>","protected":false},"excerpt":{"rendered":"<p>Beschreibung Ihr Enthusiasmus f\u00fchrt manchmal zu Exzessen, Sie k\u00f6nnen Ungerechtigkeit nicht ertragen und sind bereit zu k\u00e4mpfen Eisenkraut, auf Franz\u00f6sisch Verbena genannt, ist die Bachbl\u00fcte mit kanalisierter Lebensenergie Die eigensinnige und robuste Eisenkraut bl\u00fcht im Sommer in voller Bl\u00fcte. Es kann auf sehr kargen B\u00f6den wachsen und extremen Bedingungen standhalten. Diese Pflanze zeichnet sich durch [&hellip;]<\/p>\n","protected":false},"featured_media":43557,"template":"","meta":{"_acf_changed":false,"footnotes":""},"product_brand":[],"product_cat":[88],"product_tag":[],"class_list":{"0":"post-43556","1":"product","2":"type-product","3":"status-publish","4":"has-post-thumbnail","6":"product_cat-homeopathie","8":"first","9":"instock","10":"taxable","11":"shipping-taxable","12":"purchasable","13":"product-type-simple"},"acf":[],"_links":{"self":[{"href":"https:\/\/www.pharmacieonline.lu\/de\/wp-json\/wp\/v2\/product\/43556","targetHints":{"allow":["GET"]}}],"collection":[{"href":"https:\/\/www.pharmacieonline.lu\/de\/wp-json\/wp\/v2\/product"}],"about":[{"href":"https:\/\/www.pharmacieonline.lu\/de\/wp-json\/wp\/v2\/types\/product"}],"version-history":[{"count":0,"href":"https:\/\/www.pharmacieonline.lu\/de\/wp-json\/wp\/v2\/product\/43556\/revisions"}],"wp:featuredmedia":[{"embeddable":true,"href":"https:\/\/www.pharmacieonline.lu\/de\/wp-json\/wp\/v2\/media\/43557"}],"wp:attachment":[{"href":"https:\/\/www.pharmacieonline.lu\/de\/wp-json\/wp\/v2\/media?parent=43556"}],"wp:term":[{"taxonomy":"product_brand","embeddable":true,"href":"https:\/\/www.pharmacieonline.lu\/de\/wp-json\/wp\/v2\/product_brand?post=43556"},{"taxonomy":"product_cat","embeddable":true,"href":"https:\/\/www.pharmacieonline.lu\/de\/wp-json\/wp\/v2\/product_cat?post=43556"},{"taxonomy":"product_tag","embeddable":true,"href":"https:\/\/www.pharmacieonline.lu\/de\/wp-json\/wp\/v2\/product_tag?post=43556"}],"curies":[{"name":"wp","href":"https:\/\/api.w.org\/{rel}","templated":true}]}}