{"id":43562,"date":"2024-02-29T14:04:41","date_gmt":"2024-02-29T13:04:41","guid":{"rendered":"https:\/\/www.pharmacieonline.lu\/?post_type=product&#038;p=43562"},"modified":"2026-04-10T00:25:28","modified_gmt":"2026-04-09T22:25:28","slug":"bach-original-walnut-20-ml-nr33","status":"publish","type":"product","link":"https:\/\/www.pharmacieonline.lu\/de\/produit\/bach-original-walnut-20-ml-nr33\/","title":{"rendered":"BACH ORIGINAL WALNUT 20 ML          NR33"},"content":{"rendered":"<p>Ideal, wenn<\/p>\n<p>Ich m\u00f6chte mich gut an meinen neuen Job anpassen!<\/p>\n<p>Beschreibung<\/p>\n<p>Sie haben den Eindruck, dass Ihnen Ver\u00e4nderungen nicht leicht fallen und Sie wollen Ver\u00e4nderungen gut erleben.<\/p>\n<p>Walnuss, auf Franz\u00f6sisch Walnuss genannt, ist die Bachblume der Anpassung an Ver\u00e4nderungen<\/p>\n<p>Bachbl\u00fcten-Walnuss enth\u00e4lt w\u00e4ssrige Extrakte aus gew\u00f6hnlicher Walnuss, auch Schwarznuss genannt. Im Franz\u00f6sischen sprechen wir im Allgemeinen von \u201egemeiner Walnuss\u201c, aber dieser sch\u00f6ne Baum hat viele andere Namen: Persische Walnuss, k\u00f6nigliche Walnuss, Walnuss \u2026 Sein wissenschaftlicher Name ist Juglans regia<\/p>\n<p>&nbsp;<\/p>\n<p>Niemand kennt den genauen Ursprung der Walnuss. Einige erw\u00e4hnen die L\u00e4nder Osteuropas, w\u00e4hrend andere glauben, dass er eher aus Asien stammt, da dieser Baum dort seit langem wegen seiner medizinischen Eigenschaften genutzt wird&#8230; Auf jeden Fall ist Juglans regia mittlerweile in Frankreich sehr verbreitet.<br \/>\nBei Ihren Spazierg\u00e4ngen erkennen Sie die Walnuss an ihren gro\u00dfen, bis zu 20 bis 30 cm gro\u00dfen Laubbl\u00e4ttern. Der aschegraue Stamm ist bei jungen Walnussb\u00e4umen sehr glatt, wird aber mit zunehmendem Alter mit tiefen Rissen bedeckt: Die \u00e4ltesten Walnussb\u00e4ume k\u00f6nnen bis zu 300 Jahre alt werden und eine H\u00f6he von 25 bis 30 Metern erreichen.<\/p>\n<p>&nbsp;<\/p>\n<p>Im Sommer ist der Walnussbaum mit Blumen bedeckt. Die m\u00e4nnlichen Bl\u00fcten, die bis zu 36 Staubbl\u00e4tter haben k\u00f6nnen, wachsen gruppiert in l\u00e4nglichen K\u00e4tzchen. Mit anderen Worten: Sie bilden eine Art Spitze. Weibliche Bl\u00fcten wachsen in kleineren Gruppen (2 bis 4 Bl\u00fcten). Sie haben eine ganz besondere Form, die an den sch\u00fctzenden Kokon der Geb\u00e4rmutterh\u00f6hle erinnert: ein idealer Ort, um sich in Sicherheit zu entwickeln &#8230; Die Fr\u00fcchte der Walnuss (die ber\u00fchmten Waln\u00fcsse) erscheinen im Herbst.<\/p>\n<p>Dosierung<\/p>\n<p>Bach\u00ae Originalbl\u00fcten werden oral eingenommen.<\/p>\n<p>4-mal t\u00e4glich 2 Tropfen in ein Glas Wasser oder auf die Zunge geben.<\/p>","protected":false},"excerpt":{"rendered":"<p>Ideal, wenn Ich m\u00f6chte mich gut an meinen neuen Job anpassen! Beschreibung Sie haben den Eindruck, dass Ihnen Ver\u00e4nderungen nicht leicht fallen und Sie wollen Ver\u00e4nderungen gut erleben. Walnuss, auf Franz\u00f6sisch Walnuss genannt, ist die Bachblume der Anpassung an Ver\u00e4nderungen Bachbl\u00fcten-Walnuss enth\u00e4lt w\u00e4ssrige Extrakte aus gew\u00f6hnlicher Walnuss, auch Schwarznuss genannt. Im Franz\u00f6sischen sprechen wir im [&hellip;]<\/p>\n","protected":false},"featured_media":43563,"template":"","meta":{"_acf_changed":false,"footnotes":""},"product_brand":[],"product_cat":[88],"product_tag":[],"class_list":{"0":"post-43562","1":"product","2":"type-product","3":"status-publish","4":"has-post-thumbnail","6":"product_cat-homeopathie","8":"first","9":"instock","10":"taxable","11":"shipping-taxable","12":"purchasable","13":"product-type-simple"},"acf":[],"_links":{"self":[{"href":"https:\/\/www.pharmacieonline.lu\/de\/wp-json\/wp\/v2\/product\/43562","targetHints":{"allow":["GET"]}}],"collection":[{"href":"https:\/\/www.pharmacieonline.lu\/de\/wp-json\/wp\/v2\/product"}],"about":[{"href":"https:\/\/www.pharmacieonline.lu\/de\/wp-json\/wp\/v2\/types\/product"}],"version-history":[{"count":0,"href":"https:\/\/www.pharmacieonline.lu\/de\/wp-json\/wp\/v2\/product\/43562\/revisions"}],"wp:featuredmedia":[{"embeddable":true,"href":"https:\/\/www.pharmacieonline.lu\/de\/wp-json\/wp\/v2\/media\/43563"}],"wp:attachment":[{"href":"https:\/\/www.pharmacieonline.lu\/de\/wp-json\/wp\/v2\/media?parent=43562"}],"wp:term":[{"taxonomy":"product_brand","embeddable":true,"href":"https:\/\/www.pharmacieonline.lu\/de\/wp-json\/wp\/v2\/product_brand?post=43562"},{"taxonomy":"product_cat","embeddable":true,"href":"https:\/\/www.pharmacieonline.lu\/de\/wp-json\/wp\/v2\/product_cat?post=43562"},{"taxonomy":"product_tag","embeddable":true,"href":"https:\/\/www.pharmacieonline.lu\/de\/wp-json\/wp\/v2\/product_tag?post=43562"}],"curies":[{"name":"wp","href":"https:\/\/api.w.org\/{rel}","templated":true}]}}