{"id":43598,"date":"2024-03-01T17:17:55","date_gmt":"2024-03-01T16:17:55","guid":{"rendered":"https:\/\/www.pharmacieonline.lu\/?post_type=product&#038;p=43598"},"modified":"2026-04-03T23:55:09","modified_gmt":"2026-04-03T21:55:09","slug":"dercos-aminexil-clin-5-woman-21-amp6-ml","status":"publish","type":"product","link":"https:\/\/www.pharmacieonline.lu\/de\/produit\/dercos-aminexil-clin-5-woman-21-amp6-ml\/","title":{"rendered":"DERCOS AMINEXIL CLIN 5 WOMAN 21 AMP*6 ML"},"content":{"rendered":"<p>ANTI-FALL-INNOVATION: AMINEXIL CLINICAL 5.<\/p>\n<p>Exklusive Verbindung von Aminexil, einem Referenzmolek\u00fcl gegen Haarausfall mit klinischer Wirksamkeit, mit 5 Wirkstoffen f\u00fcr vollst\u00e4ndige Wirkung.<\/p>\n<p>[VON DER WURZELN] St\u00e4rkt die Verankerung in der Kopfhaut.<\/p>\n<p>[ZUM TIPP] F\u00f6rdert eine starke und widerstandsf\u00e4hige Faser.<\/p>\n<p>[+ NEUE KOPFHAUTST\u00c4RKENDE AKTION] Reduziert Mikroungleichgewichte der Kopfhaut und st\u00e4rkt ihre Widerstandsf\u00e4higkeit.<\/p>\n<p>VERWENDEN<\/p>\n<p>Intensivbehandlung: 1 Ampulle pro Tag f\u00fcr 6 Wochen. Kann auf trockenes oder nasses Haar aufgetragen werden.<br \/>\nAls Erhaltungstherapie: 3 Fl\u00e4schchen pro Woche.<\/p>\n<p>KOMPOSITION<\/p>\n<p>AQUA \/ WASSER &#8211; ALKOHOL DENAT. &#8211; DIAMINOPYRIMIDINOXID &#8211; ACRYLATE\/BEHENETH-25-METHACRYLAT-COPOLYMER &#8211; AMINOMETHYLPROPANOL &#8211; ARGININ &#8211; BHT &#8211; KOFFEIN &#8211; MILCHS\u00c4URE &#8211; NIACINAMID &#8211; PEG-40 HYDROGENIERTES RIZINUS\u00d6L &#8211; PIROCTONE OLAMIN &#8211; PYRIDOXIN HCl &#8211; DISTELGLUCOSID &#8211; NATRIUMCITRAT &#8211; COPHEROL &#8211; PARF\u00dcM \/ DUFT<\/p>","protected":false},"excerpt":{"rendered":"<p>ANTI-FALL-INNOVATION: AMINEXIL CLINICAL 5. Exklusive Verbindung von Aminexil, einem Referenzmolek\u00fcl gegen Haarausfall mit klinischer Wirksamkeit, mit 5 Wirkstoffen f\u00fcr vollst\u00e4ndige Wirkung. [VON DER WURZELN] St\u00e4rkt die Verankerung in der Kopfhaut. [ZUM TIPP] F\u00f6rdert eine starke und widerstandsf\u00e4hige Faser. [+ NEUE KOPFHAUTST\u00c4RKENDE AKTION] Reduziert Mikroungleichgewichte der Kopfhaut und st\u00e4rkt ihre Widerstandsf\u00e4higkeit. VERWENDEN Intensivbehandlung: 1 Ampulle pro [&hellip;]<\/p>\n","protected":false},"featured_media":43600,"template":"","meta":{"_acf_changed":false,"footnotes":""},"product_brand":[],"product_cat":[802,42,53],"product_tag":[],"class_list":{"0":"post-43598","1":"product","2":"type-product","3":"status-publish","4":"has-post-thumbnail","6":"product_cat-vitamines-cheveux-et-ongles","7":"product_cat-para-pharmacie","8":"product_cat-cheveux","10":"first","11":"instock","12":"taxable","13":"shipping-taxable","14":"purchasable","15":"product-type-simple"},"acf":[],"_links":{"self":[{"href":"https:\/\/www.pharmacieonline.lu\/de\/wp-json\/wp\/v2\/product\/43598","targetHints":{"allow":["GET"]}}],"collection":[{"href":"https:\/\/www.pharmacieonline.lu\/de\/wp-json\/wp\/v2\/product"}],"about":[{"href":"https:\/\/www.pharmacieonline.lu\/de\/wp-json\/wp\/v2\/types\/product"}],"version-history":[{"count":0,"href":"https:\/\/www.pharmacieonline.lu\/de\/wp-json\/wp\/v2\/product\/43598\/revisions"}],"wp:featuredmedia":[{"embeddable":true,"href":"https:\/\/www.pharmacieonline.lu\/de\/wp-json\/wp\/v2\/media\/43600"}],"wp:attachment":[{"href":"https:\/\/www.pharmacieonline.lu\/de\/wp-json\/wp\/v2\/media?parent=43598"}],"wp:term":[{"taxonomy":"product_brand","embeddable":true,"href":"https:\/\/www.pharmacieonline.lu\/de\/wp-json\/wp\/v2\/product_brand?post=43598"},{"taxonomy":"product_cat","embeddable":true,"href":"https:\/\/www.pharmacieonline.lu\/de\/wp-json\/wp\/v2\/product_cat?post=43598"},{"taxonomy":"product_tag","embeddable":true,"href":"https:\/\/www.pharmacieonline.lu\/de\/wp-json\/wp\/v2\/product_tag?post=43598"}],"curies":[{"name":"wp","href":"https:\/\/api.w.org\/{rel}","templated":true}]}}