{"id":43734,"date":"2024-03-12T15:52:34","date_gmt":"2024-03-12T14:52:34","guid":{"rendered":"https:\/\/www.pharmacieonline.lu\/?post_type=product&#038;p=43734"},"modified":"2026-04-09T22:25:40","modified_gmt":"2026-04-09T20:25:40","slug":"roche-posay-hb5-aqua-gel-spf-30-50ml","status":"publish","type":"product","link":"https:\/\/www.pharmacieonline.lu\/de\/produit\/roche-posay-hb5-aqua-gel-spf-30-50ml\/","title":{"rendered":"ROCHE POSAY HB5 AQUA GEL SPF 30 50ML"},"content":{"rendered":"<p>HYALU B5 SPF30 AQUAGEL<\/p>\n<p>ANTI-PHOTOVAGING-FEUCHTIGKEITSGELCREME MIT HYALURONS\u00c4URE UND LSF30-SONNENSCHUTZ.<\/p>\n<p>Feuchtigkeitsspendende Anti-Photoaging-Gelcreme mit Hyalurons\u00e4ure und Sonnenschutzfaktor 30.<\/p>\n<p>VORTEILE<br \/>\nFeuchtigkeitsspendende Gel-Gesichtscreme mit hohem Schutz, reparierender und aufpolsternder Wirkung, die reine Hyalurons\u00e4ure und Vitamin B5 kombiniert.<\/p>\n<p>INDIKATION<br \/>\nF\u00fcr Haut, die Anzeichen von Lichtalterung zeigt, die durch \u00e4u\u00dfere Einfl\u00fcsse (UVB- und UVA-Strahlen und Umweltverschmutzung) verursacht wird.<br \/>\nVolumen- und Elastizit\u00e4tsverlust, fahler und m\u00fcder Teint.<\/p>\n<p>Gezielte Probleme:<\/p>\n<p>Fotoalterung<br \/>\nVolumen- und Elastizit\u00e4tsverlust<br \/>\nstumpfer und m\u00fcder Teint<\/p>\n<p>Hauttyp:<\/p>\n<p>Alle Hauttypen<br \/>\nGeeignet f\u00fcr empfindliche Haut<\/p>\n<p>1\/ F\u00dcLLT DIE HAUT AUF<br \/>\nHYALURONS\u00c4URE, die in dieser Tagescreme mit UV-Schutz enthalten ist, ist das Referenzmolek\u00fcl im Anti-Aging-Bereich und spendet der Haut Feuchtigkeit und polstert sie auf.<\/p>\n<p>2\/ REPARIERT DIE HAUTBARRIERE<br \/>\nVITAMIN B5\u00a0ist f\u00fcr seine beruhigenden und regenerierenden Eigenschaften auf der Haut bekannt. Es regt die Regeneration und Widerstandskraft der Haut an.<\/p>\n<p>3\/ SCH\u00dcTZT VOR \u00c4USSEREN AGGRESSIONEN<br \/>\nDie Kombination aus einem Filtersystem und einem konzentrierten Antioxidantienkomplex (Vitamin E + Thermalwasser von La Roche-Posay) bietet wirksamen Schutz vor \u00e4u\u00dferen Einfl\u00fcssen (UVB- und UVA-Strahlen sowie Umweltverschmutzung).<\/p>\n<p>Zutaten:<\/p>\n<p>REINE HYALURONS\u00c4URE: Wird von Dermatologen bei kosmetischen Eingriffen verwendet, um die Bedenken von Frauen hinsichtlich Falten und Volumenverlust der Haut auszur\u00e4umen. Hyalurons\u00e4ure ist das Referenzmolek\u00fcl im Anti-Aging.<\/p>\n<p>VITAMIN B5: Vitamin B5 ist f\u00fcr seine beruhigenden und regenerierenden Eigenschaften auf der Haut bekannt. Es regt die Regeneration und Widerstandskraft der Haut an.<\/p>\n<p>ANTIOXIDANT-KOMPLEX: Konzentriert (Vitamin E + Thermalwasser von La Roche-Posay) zum wirksamen Schutz vor \u00e4u\u00dferen Einfl\u00fcssen (UVB- und UVA-Strahlen sowie Umweltverschmutzung).<\/p>\n<p>TEXTUR<br \/>\nSeine innovative Textur bietet nach dem Auftragen einen k\u00fchlenden Effekt von -3,6\u00b0C.<br \/>\nUnsichtbare Textur f\u00fcr alle Hauttypen.<\/p>\n<p>WIE IST ES ANWENDBAR?<br \/>\nTragen Sie eine Tagescreme mit Lichtschutzfaktor 30 auf Gesicht und Hals auf die saubere, trockene Haut auf. Hervorragende Make-up-Basis. Um die volle Wirksamkeit zu erzielen, verwenden Sie Hyalu B5 Serum vor Hyalu B5 SPF30 Aquagel.<\/p>","protected":false},"excerpt":{"rendered":"<p>HYALU B5 SPF30 AQUAGEL ANTI-PHOTOVAGING-FEUCHTIGKEITSGELCREME MIT HYALURONS\u00c4URE UND LSF30-SONNENSCHUTZ. Feuchtigkeitsspendende Anti-Photoaging-Gelcreme mit Hyalurons\u00e4ure und Sonnenschutzfaktor 30. VORTEILE Feuchtigkeitsspendende Gel-Gesichtscreme mit hohem Schutz, reparierender und aufpolsternder Wirkung, die reine Hyalurons\u00e4ure und Vitamin B5 kombiniert. INDIKATION F\u00fcr Haut, die Anzeichen von Lichtalterung zeigt, die durch \u00e4u\u00dfere Einfl\u00fcsse (UVB- und UVA-Strahlen und Umweltverschmutzung) verursacht wird. Volumen- und Elastizit\u00e4tsverlust, [&hellip;]<\/p>\n","protected":false},"featured_media":43735,"template":"","meta":{"_acf_changed":false,"footnotes":""},"product_brand":[],"product_cat":[47,54],"product_tag":[],"class_list":{"0":"post-43734","1":"product","2":"type-product","3":"status-publish","4":"has-post-thumbnail","6":"product_cat-dermocosmetique","7":"product_cat-soins-du-visage","9":"first","10":"instock","11":"taxable","12":"shipping-taxable","13":"purchasable","14":"product-type-simple"},"acf":[],"_links":{"self":[{"href":"https:\/\/www.pharmacieonline.lu\/de\/wp-json\/wp\/v2\/product\/43734","targetHints":{"allow":["GET"]}}],"collection":[{"href":"https:\/\/www.pharmacieonline.lu\/de\/wp-json\/wp\/v2\/product"}],"about":[{"href":"https:\/\/www.pharmacieonline.lu\/de\/wp-json\/wp\/v2\/types\/product"}],"version-history":[{"count":0,"href":"https:\/\/www.pharmacieonline.lu\/de\/wp-json\/wp\/v2\/product\/43734\/revisions"}],"wp:featuredmedia":[{"embeddable":true,"href":"https:\/\/www.pharmacieonline.lu\/de\/wp-json\/wp\/v2\/media\/43735"}],"wp:attachment":[{"href":"https:\/\/www.pharmacieonline.lu\/de\/wp-json\/wp\/v2\/media?parent=43734"}],"wp:term":[{"taxonomy":"product_brand","embeddable":true,"href":"https:\/\/www.pharmacieonline.lu\/de\/wp-json\/wp\/v2\/product_brand?post=43734"},{"taxonomy":"product_cat","embeddable":true,"href":"https:\/\/www.pharmacieonline.lu\/de\/wp-json\/wp\/v2\/product_cat?post=43734"},{"taxonomy":"product_tag","embeddable":true,"href":"https:\/\/www.pharmacieonline.lu\/de\/wp-json\/wp\/v2\/product_tag?post=43734"}],"curies":[{"name":"wp","href":"https:\/\/api.w.org\/{rel}","templated":true}]}}