{"id":43876,"date":"2024-03-21T14:14:05","date_gmt":"2024-03-21T13:14:05","guid":{"rendered":"https:\/\/www.pharmacieonline.lu\/?post_type=product&#038;p=43876"},"modified":"2026-04-10T23:55:11","modified_gmt":"2026-04-10T21:55:11","slug":"nuxe-sun-mousse-auto-bronzante-150ml","status":"publish","type":"product","link":"https:\/\/www.pharmacieonline.lu\/de\/produit\/nuxe-sun-mousse-auto-bronzante-150ml\/","title":{"rendered":"NUXE SUN MOUSSE AUTO BRONZANTE 150ML"},"content":{"rendered":"<p>Goldene, nat\u00fcrliche und streifenfreie Br\u00e4une.<\/p>\n<p>Gesicht und K\u00f6rper.<\/p>\n<p>INDIKATION<\/p>\n<p>Spr\u00fchbr\u00e4une.<\/p>\n<p>VERWENDEN<\/p>\n<p>F\u00fchren Sie am Vortag ein sorgf\u00e4ltiges Peeling an den zu behandelnden Stellen durch, um abgestorbene Zellen zu entfernen und die Hautstruktur zu gl\u00e4tten.<\/p>\n<p>Sch\u00fctteln Sie das Produkt am gro\u00dfen Tag gut und nehmen Sie einen Pumpsto\u00df Selbstbr\u00e4uner f\u00fcr jeden K\u00f6rperbereich oder einen halben Pumpsto\u00df f\u00fcr das Gesicht. Tragen Sie ihn dann gleichm\u00e4\u00dfig auf und massieren Sie ihn gut ein, um ihn einzudringen und ein gleichm\u00e4\u00dfiges Ergebnis zu gew\u00e4hrleisten.<\/p>\n<p>Vermeiden Sie den Kontakt mit den Augen und waschen Sie Ihre Handfl\u00e4chen nach der Anwendung gr\u00fcndlich.<\/p>\n<p>Warten Sie 10 Minuten, bis die Haut vollst\u00e4ndig trocken ist, bevor Sie sich anziehen.<\/p>\n<p>Um die Br\u00e4une zu intensivieren, wiederholen Sie die Anwendung 2 bis 3 Mal pro Woche, bis Sie die gew\u00fcnschte Br\u00e4une erreicht haben. Ideal das ganze Jahr \u00fcber, Sommer und Winter. Sch\u00fctzt nicht vor der Sonne.<\/p>\n<p>KOMPOSITION<\/p>\n<p>AQUA\/WASSER, DIHYDROXYACETONE, GLYCERIN, PROPANEDIOL, KARAMELL, PENTYLEN GLYCOL, COCO-GLUCOSID, PARFUM\/DUFT, CAPRYLYL\/CAPRYL GLUCOSID, 1,2-HEXANDIOL, CAPRYLYL GLYCOL, NATRIUM GLUCONAT, NATRIUMHYALURONAT, ZITRONENS\u00c4URE, LIMONEN, LINALOOL, CITRONELLOL, GERANIOL [N5601\/A]<\/p>","protected":false},"excerpt":{"rendered":"<p>Goldene, nat\u00fcrliche und streifenfreie Br\u00e4une. Gesicht und K\u00f6rper. INDIKATION Spr\u00fchbr\u00e4une. VERWENDEN F\u00fchren Sie am Vortag ein sorgf\u00e4ltiges Peeling an den zu behandelnden Stellen durch, um abgestorbene Zellen zu entfernen und die Hautstruktur zu gl\u00e4tten. Sch\u00fctteln Sie das Produkt am gro\u00dfen Tag gut und nehmen Sie einen Pumpsto\u00df Selbstbr\u00e4uner f\u00fcr jeden K\u00f6rperbereich oder einen halben Pumpsto\u00df [&hellip;]<\/p>\n","protected":false},"featured_media":43878,"template":"","meta":{"_acf_changed":false,"footnotes":""},"product_brand":[],"product_cat":[42,69,52],"product_tag":[],"class_list":{"0":"post-43876","1":"product","2":"type-product","3":"status-publish","4":"has-post-thumbnail","6":"product_cat-para-pharmacie","7":"product_cat-autobronzants","8":"product_cat-produits-solaires","10":"first","11":"instock","12":"sale","13":"taxable","14":"shipping-taxable","15":"purchasable","16":"product-type-simple"},"acf":[],"_links":{"self":[{"href":"https:\/\/www.pharmacieonline.lu\/de\/wp-json\/wp\/v2\/product\/43876","targetHints":{"allow":["GET"]}}],"collection":[{"href":"https:\/\/www.pharmacieonline.lu\/de\/wp-json\/wp\/v2\/product"}],"about":[{"href":"https:\/\/www.pharmacieonline.lu\/de\/wp-json\/wp\/v2\/types\/product"}],"version-history":[{"count":0,"href":"https:\/\/www.pharmacieonline.lu\/de\/wp-json\/wp\/v2\/product\/43876\/revisions"}],"wp:featuredmedia":[{"embeddable":true,"href":"https:\/\/www.pharmacieonline.lu\/de\/wp-json\/wp\/v2\/media\/43878"}],"wp:attachment":[{"href":"https:\/\/www.pharmacieonline.lu\/de\/wp-json\/wp\/v2\/media?parent=43876"}],"wp:term":[{"taxonomy":"product_brand","embeddable":true,"href":"https:\/\/www.pharmacieonline.lu\/de\/wp-json\/wp\/v2\/product_brand?post=43876"},{"taxonomy":"product_cat","embeddable":true,"href":"https:\/\/www.pharmacieonline.lu\/de\/wp-json\/wp\/v2\/product_cat?post=43876"},{"taxonomy":"product_tag","embeddable":true,"href":"https:\/\/www.pharmacieonline.lu\/de\/wp-json\/wp\/v2\/product_tag?post=43876"}],"curies":[{"name":"wp","href":"https:\/\/api.w.org\/{rel}","templated":true}]}}