{"id":43915,"date":"2024-03-25T10:32:01","date_gmt":"2024-03-25T09:32:01","guid":{"rendered":"https:\/\/www.pharmacieonline.lu\/?post_type=product&#038;p=43915"},"modified":"2026-04-10T18:25:33","modified_gmt":"2026-04-10T16:25:33","slug":"mouskito-bye-bye-pick-roller","status":"publish","type":"product","link":"https:\/\/www.pharmacieonline.lu\/de\/produit\/mouskito-bye-bye-pick-roller\/","title":{"rendered":"MOUSKITO BYE BYE PICK ROLLER"},"content":{"rendered":"<p>Der Mouskito Bye Bye Pick sorgt f\u00fcr ein angenehmes und erfrischendes Gef\u00fchl.<\/p>\n<p>Das Gel enth\u00e4lt 3 % Menthol, 1 % Kamillenextrakt und 1 % Arnika-Extrakt.<\/p>\n<p>Matricaria chamomilla oder deutsche Kamille und Arnika sind Kr\u00e4uter, die seit Jahrhunderten zur Bek\u00e4mpfung juckender und gereizter Haut eingesetzt werden.<\/p>\n<p>Menthol, Menthyllactat und Benzylalkohol werden zur K\u00fchlung und Linderung des Juckreizes eingesetzt.<\/p>\n<p>&nbsp;<\/p>\n<p>Dexpanthenol (Provitamin B5) lindert den Juckreiz.<\/p>\n<p>Alkohol hat eine k\u00fchlende Wirkung.<\/p>\n<p>Wann sollte man es verwenden:<br \/>\nErfrischt, beruhigt und lindert Juckreiz<br \/>\nBei Insektenstichen<\/p>\n<p>Indikation<br \/>\nErfrischt und mildert Insektenstiche. Lindert Juckreiz.<\/p>\n<p>&nbsp;<\/p>\n<p>Mehrmals t\u00e4glich lokal auf den Biss auftragen.<\/p>\n<p>Zutaten<br \/>\nAqua, Alkohol, Menthol, Panthenol, Acrylamid\/Natriumacryloyldimethyltaurat-Copolymer, Isohexadecan, Menthyllactat, Benzylalkohol, Chamomilla Recutita-Bl\u00fctenextrakt, Propylenglykol, Polysorbat 80, Maltodextrin, Sorbitanoleat, Dinatrium-EDTA, Arnica Montana-Bl\u00fctenextrakt, Glucose, Acacia Senegal Gummi, Natriumbenzoat, Kaliumsorbat, Kiesels\u00e4ure.<\/p>\n<p>Warnung<br \/>\nMouskito Bye Bye Pick kann nicht auf offenen Wunden angewendet werden.<br \/>\nKontakt mit Augen, Mund und Schleimh\u00e4uten vermeiden.<\/p>","protected":false},"excerpt":{"rendered":"<p>Der Mouskito Bye Bye Pick sorgt f\u00fcr ein angenehmes und erfrischendes Gef\u00fchl. Das Gel enth\u00e4lt 3 % Menthol, 1 % Kamillenextrakt und 1 % Arnika-Extrakt. Matricaria chamomilla oder deutsche Kamille und Arnika sind Kr\u00e4uter, die seit Jahrhunderten zur Bek\u00e4mpfung juckender und gereizter Haut eingesetzt werden. Menthol, Menthyllactat und Benzylalkohol werden zur K\u00fchlung und Linderung des [&hellip;]<\/p>\n","protected":false},"featured_media":43916,"template":"","meta":{"_acf_changed":false,"footnotes":""},"product_brand":[],"product_cat":[42,929],"product_tag":[],"class_list":{"0":"post-43915","1":"product","2":"type-product","3":"status-publish","4":"has-post-thumbnail","6":"product_cat-para-pharmacie","7":"product_cat-anti-moustique","9":"first","10":"instock","11":"taxable","12":"shipping-taxable","13":"purchasable","14":"product-type-simple"},"acf":[],"_links":{"self":[{"href":"https:\/\/www.pharmacieonline.lu\/de\/wp-json\/wp\/v2\/product\/43915","targetHints":{"allow":["GET"]}}],"collection":[{"href":"https:\/\/www.pharmacieonline.lu\/de\/wp-json\/wp\/v2\/product"}],"about":[{"href":"https:\/\/www.pharmacieonline.lu\/de\/wp-json\/wp\/v2\/types\/product"}],"version-history":[{"count":0,"href":"https:\/\/www.pharmacieonline.lu\/de\/wp-json\/wp\/v2\/product\/43915\/revisions"}],"wp:featuredmedia":[{"embeddable":true,"href":"https:\/\/www.pharmacieonline.lu\/de\/wp-json\/wp\/v2\/media\/43916"}],"wp:attachment":[{"href":"https:\/\/www.pharmacieonline.lu\/de\/wp-json\/wp\/v2\/media?parent=43915"}],"wp:term":[{"taxonomy":"product_brand","embeddable":true,"href":"https:\/\/www.pharmacieonline.lu\/de\/wp-json\/wp\/v2\/product_brand?post=43915"},{"taxonomy":"product_cat","embeddable":true,"href":"https:\/\/www.pharmacieonline.lu\/de\/wp-json\/wp\/v2\/product_cat?post=43915"},{"taxonomy":"product_tag","embeddable":true,"href":"https:\/\/www.pharmacieonline.lu\/de\/wp-json\/wp\/v2\/product_tag?post=43915"}],"curies":[{"name":"wp","href":"https:\/\/api.w.org\/{rel}","templated":true}]}}