{"id":44009,"date":"2024-04-04T12:44:08","date_gmt":"2024-04-04T10:44:08","guid":{"rendered":"https:\/\/www.pharmacieonline.lu\/?post_type=product&#038;p=44009"},"modified":"2026-04-16T01:55:09","modified_gmt":"2026-04-15T23:55:09","slug":"mosquito-heat-it-usb-c-insektenstichheiler","status":"publish","type":"product","link":"https:\/\/www.pharmacieonline.lu\/de\/produit\/mosquito-heat-it-usb-c-insektenstichheiler\/","title":{"rendered":"MOSQUITO HEAT IT USB C INSEKTENSTICHHEILER"},"content":{"rendered":"<p>Intelligente Hilfe bei Insektenstichen f\u00fcr Android und Iphone 15.<\/p>\n<p>INDIKATION<\/p>\n<p>M\u00fccken \u2022 Bremsen \u2022 Wespen \u2022 Bienen;<\/p>\n<p>VERWENDEN<\/p>\n<p>Schlie\u00dfen Sie die M\u00fccke an, indem Sie sie in Ihrem Smartphone erhitzen. Die Anwendung \u00f6ffnet sich und die LED der M\u00fccke leuchtet beim Erhitzen gr\u00fcn.<br \/>\nW\u00e4hlen Sie im Men\u00fc die gew\u00fcnschten Einstellungen aus. Bitte beachten Sie Abschnitt 3.<br \/>\nDr\u00fccken Sie die Ein-\/Aus-Taste oder eine Leiser-Taste. Der Hitzek\u00e4ferbiss-Heiler w\u00e4rmt ihn nun f\u00fcr ein paar Sekunden. W\u00e4hrend dieser Zeit keine Hitze auf die Haut aus\u00fcben.<br \/>\nDas Ende des Vorheizens wird auf dem Bildschirm angezeigt. Dr\u00fccken Sie die M\u00fccke durch Erhitzen mit Ihrem Smartphone auf die betroffene Hautstelle. Um die Behandlung vorzeitig abzubrechen, entfernen Sie die M\u00fccke durch Hitze aus ihrem Insektenstichheiler.<br \/>\nDas Ende der Behandlung wird Ihnen \u00fcber den Bildschirm mitgeteilt.<br \/>\nBei Bedarf kann die Behandlung an derselben Stelle nach einer Pause von mindestens 2 Minuten wiederholt werden.<br \/>\nUm das Ger\u00e4t auszuschalten, muss es vom Smartphone getrennt werden.<\/p>","protected":false},"excerpt":{"rendered":"<p>Intelligente Hilfe bei Insektenstichen f\u00fcr Android und Iphone 15. INDIKATION M\u00fccken \u2022 Bremsen \u2022 Wespen \u2022 Bienen; VERWENDEN Schlie\u00dfen Sie die M\u00fccke an, indem Sie sie in Ihrem Smartphone erhitzen. Die Anwendung \u00f6ffnet sich und die LED der M\u00fccke leuchtet beim Erhitzen gr\u00fcn. W\u00e4hlen Sie im Men\u00fc die gew\u00fcnschten Einstellungen aus. Bitte beachten Sie Abschnitt [&hellip;]<\/p>\n","protected":false},"featured_media":44006,"template":"","meta":{"_acf_changed":false,"footnotes":""},"product_brand":[],"product_cat":[42,929],"product_tag":[],"class_list":{"0":"post-44009","1":"product","2":"type-product","3":"status-publish","4":"has-post-thumbnail","6":"product_cat-para-pharmacie","7":"product_cat-anti-moustique","9":"first","10":"instock","11":"taxable","12":"shipping-taxable","13":"purchasable","14":"product-type-simple"},"acf":[],"_links":{"self":[{"href":"https:\/\/www.pharmacieonline.lu\/de\/wp-json\/wp\/v2\/product\/44009","targetHints":{"allow":["GET"]}}],"collection":[{"href":"https:\/\/www.pharmacieonline.lu\/de\/wp-json\/wp\/v2\/product"}],"about":[{"href":"https:\/\/www.pharmacieonline.lu\/de\/wp-json\/wp\/v2\/types\/product"}],"version-history":[{"count":0,"href":"https:\/\/www.pharmacieonline.lu\/de\/wp-json\/wp\/v2\/product\/44009\/revisions"}],"wp:featuredmedia":[{"embeddable":true,"href":"https:\/\/www.pharmacieonline.lu\/de\/wp-json\/wp\/v2\/media\/44006"}],"wp:attachment":[{"href":"https:\/\/www.pharmacieonline.lu\/de\/wp-json\/wp\/v2\/media?parent=44009"}],"wp:term":[{"taxonomy":"product_brand","embeddable":true,"href":"https:\/\/www.pharmacieonline.lu\/de\/wp-json\/wp\/v2\/product_brand?post=44009"},{"taxonomy":"product_cat","embeddable":true,"href":"https:\/\/www.pharmacieonline.lu\/de\/wp-json\/wp\/v2\/product_cat?post=44009"},{"taxonomy":"product_tag","embeddable":true,"href":"https:\/\/www.pharmacieonline.lu\/de\/wp-json\/wp\/v2\/product_tag?post=44009"}],"curies":[{"name":"wp","href":"https:\/\/api.w.org\/{rel}","templated":true}]}}