{"id":44090,"date":"2024-04-11T10:49:12","date_gmt":"2024-04-11T08:49:12","guid":{"rendered":"https:\/\/www.pharmacieonline.lu\/?post_type=product&#038;p=44090"},"modified":"2026-04-09T01:55:11","modified_gmt":"2026-04-08T23:55:11","slug":"bach-original-wild-rose-20-ml-nr37","status":"publish","type":"product","link":"https:\/\/www.pharmacieonline.lu\/de\/produit\/bach-original-wild-rose-20-ml-nr37\/","title":{"rendered":"BACH ORIGINAL WILD ROSE 20 ML       NR37"},"content":{"rendered":"<p>Beschreibung<\/p>\n<p>Du reagierst gleichg\u00fcltig, bist resigniert und redest dir ein, dass du nichts \u00e4ndern kannst<\/p>\n<p>Wildrose, auf Franz\u00f6sisch Eglantier genannt, ist die Bachblume aller M\u00f6glichkeiten<\/p>\n<p>Die Hagebutte (oder Rosa canina) ist ein sehr verbreiteter Wildrosenstrauch, aus dem die Bach-Wildrose-Bl\u00fcte gewonnen wird. Mit seinen mit gewaltigen Dornen bewehrten St\u00e4ngeln ist er in der Lage, hohe und undurchdringliche Hecken zu bilden. Es stimmt, dass seine Zweige ebenso undiszipliniert wie m\u00e4chtig sind. Manchmal scheint die Hagebutte unter ihrem eigenen Gewicht kurz davor zu stehen, zusammenzubrechen. Dann ist man versucht, den Strauch zu untersch\u00e4tzen. In Wirklichkeit ist er voller Ressourcen. Und hinter seiner wilden, chaotischen und manchmal m\u00fcden Erscheinung zeigt er gro\u00dfe Energie und gro\u00dfe Kreativit\u00e4t.<\/p>\n<p>&nbsp;<\/p>\n<p>Die Bl\u00fcten k\u00f6nnen wei\u00df oder h\u00fcbsch blassrosa sein. Sie bl\u00fchen den ganzen Sommer \u00fcber in hellen B\u00fcscheln. Sie produzieren einen Duft, der in der Parf\u00fcmerie sehr beliebt ist. Am Ende dieser \u00fcppigen Bl\u00fcte bringt die Hagebutte Hagebutten hervor. Das ber\u00fchmte \u201ejuckende Haar\u201c schmeckt in Sirup genauso lecker wie in Gelee. Es eignet sich hervorragend getrocknet, als Aufguss oder als Abkochung. Die Hagebutte ist ein bemerkenswerter Wurzelstock, der es Ihnen erm\u00f6glicht, erhabene Rosenb\u00fcsche zu z\u00fcchten.<\/p>\n<p>Dosierung<\/p>\n<p>Bach\u00ae Originalbl\u00fcten werden oral eingenommen.<\/p>\n<p>4-mal t\u00e4glich 2 Tropfen in ein Glas Wasser oder auf die Zunge geben.<\/p>\n<p>Verbraucherinformation<\/p>\n<p>Nahrungserg\u00e4nzungsmittel.<\/p>\n<p>Aufgrund des Alkoholgehalts sind diese Nahrungserg\u00e4nzungsmittel f\u00fcr Menschen mit Alkoholismus nicht zu empfehlen. Schwangere und stillende Frauen lassen sich von einer medizinischen Fachkraft (Arzt, Apotheker, Hebamme) beraten.<\/p>\n<p>Vor Hitze und Licht gesch\u00fctzt aufbewahren.<\/p>\n<p>Glutenfrei.<\/p>\n<p>Ein Nahrungserg\u00e4nzungsmittel sollte eine ausgewogene, abwechslungsreiche Ern\u00e4hrung und eine gesunde Lebensweise nicht ersetzen. Au\u00dferhalb der Reichweite von kleinen Kindern aufbewahren. \u00dcberschreiten Sie nicht die empfohlene Tagesdosis.<\/p>","protected":false},"excerpt":{"rendered":"<p>Beschreibung Du reagierst gleichg\u00fcltig, bist resigniert und redest dir ein, dass du nichts \u00e4ndern kannst Wildrose, auf Franz\u00f6sisch Eglantier genannt, ist die Bachblume aller M\u00f6glichkeiten Die Hagebutte (oder Rosa canina) ist ein sehr verbreiteter Wildrosenstrauch, aus dem die Bach-Wildrose-Bl\u00fcte gewonnen wird. Mit seinen mit gewaltigen Dornen bewehrten St\u00e4ngeln ist er in der Lage, hohe und [&hellip;]<\/p>\n","protected":false},"featured_media":44091,"template":"","meta":{"_acf_changed":false,"footnotes":""},"product_brand":[],"product_cat":[88],"product_tag":[],"class_list":{"0":"post-44090","1":"product","2":"type-product","3":"status-publish","4":"has-post-thumbnail","6":"product_cat-homeopathie","8":"first","9":"instock","10":"taxable","11":"shipping-taxable","12":"purchasable","13":"product-type-simple"},"acf":[],"_links":{"self":[{"href":"https:\/\/www.pharmacieonline.lu\/de\/wp-json\/wp\/v2\/product\/44090","targetHints":{"allow":["GET"]}}],"collection":[{"href":"https:\/\/www.pharmacieonline.lu\/de\/wp-json\/wp\/v2\/product"}],"about":[{"href":"https:\/\/www.pharmacieonline.lu\/de\/wp-json\/wp\/v2\/types\/product"}],"version-history":[{"count":0,"href":"https:\/\/www.pharmacieonline.lu\/de\/wp-json\/wp\/v2\/product\/44090\/revisions"}],"wp:featuredmedia":[{"embeddable":true,"href":"https:\/\/www.pharmacieonline.lu\/de\/wp-json\/wp\/v2\/media\/44091"}],"wp:attachment":[{"href":"https:\/\/www.pharmacieonline.lu\/de\/wp-json\/wp\/v2\/media?parent=44090"}],"wp:term":[{"taxonomy":"product_brand","embeddable":true,"href":"https:\/\/www.pharmacieonline.lu\/de\/wp-json\/wp\/v2\/product_brand?post=44090"},{"taxonomy":"product_cat","embeddable":true,"href":"https:\/\/www.pharmacieonline.lu\/de\/wp-json\/wp\/v2\/product_cat?post=44090"},{"taxonomy":"product_tag","embeddable":true,"href":"https:\/\/www.pharmacieonline.lu\/de\/wp-json\/wp\/v2\/product_tag?post=44090"}],"curies":[{"name":"wp","href":"https:\/\/api.w.org\/{rel}","templated":true}]}}