{"id":44095,"date":"2024-04-11T11:04:17","date_gmt":"2024-04-11T09:04:17","guid":{"rendered":"https:\/\/www.pharmacieonline.lu\/?post_type=product&#038;p=44095"},"modified":"2026-04-06T11:55:10","modified_gmt":"2026-04-06T09:55:10","slug":"bachblueten-nr-1-notfall-glob-10-g-vet","status":"publish","type":"product","link":"https:\/\/www.pharmacieonline.lu\/de\/produit\/bachblueten-nr-1-notfall-glob-10-g-vet\/","title":{"rendered":"BACHBLUETEN NR 1 NOTFALL GLOB 10 G VET"},"content":{"rendered":"<p>Es dient als erste Unterst\u00fctzungsma\u00dfnahme bei Unf\u00e4llen oder Ersch\u00fctterungen. F\u00fcr Hunde, Katzen, Pferde und Kleintiere.<\/p>\n<p>&nbsp;<\/p>\n<p>Canina PETVITAL Bachbl\u00fcten Nr. 1 Haustier-Notfall<\/p>\n<p>Blutzellen f\u00fcr Hunde, Katzen, Pferde und Kleintiere von Canina.<\/p>\n<p>Nach der Lehre von Dr. Edward Bach kann diese Mischung einen positiven Einfluss auf emotional belastende Situationen (z. B. in einem Notfall) haben.<\/p>\n<p>Wird als erste Unterst\u00fctzungsma\u00dfnahme bei Unf\u00e4llen und Ersch\u00fctterungen eingesetzt<br \/>\nAlkoholfrei<br \/>\nEs sind keine Nebenwirkungen bekannt.<\/p>\n<p>Zusammensetzung der PETVITAL Canina Notfallk\u00fcgelchen Bachbl\u00fcten Nr. 1:<\/p>\n<p>Saccharose, Produkte aus der Verarbeitung von Pflanzen: Stern von Bethlehem, Zistrose, Impatiens, Kirschpflaume, Clematis. Gekocht, verfl\u00fcssigt und gefiltert.<\/p>\n<p>Zutaten :<br \/>\nRohasche &lt;0,5 %; Rohfaser &lt;0,3 %; Fettgehalt &lt;1,0 %; Protein &lt;0,5 %<\/p>\n<p>Empfohlene Verwendung der Bachbl\u00fcten-Notfallk\u00fcgelchen Nr. 1 von Canina PETVITAL<\/p>\n<p>Die Globuli direkt verf\u00fcttern, im Trinkwasser aufl\u00f6sen oder unter das Futter mischen.<br \/>\nHunde\/Katzen:<br \/>\n2 Globuli pro 5 kg K\u00f6rpergewicht, 2 bis 3 mal t\u00e4glich.<br \/>\nNagetiere\/V\u00f6gel:<br \/>\n1 bis 3 Granulat, 2 bis 3 Mal t\u00e4glich.<br \/>\nPferde:<br \/>\n10 Granulat 2 bis 3 mal t\u00e4glich.<\/p>","protected":false},"excerpt":{"rendered":"<p>Es dient als erste Unterst\u00fctzungsma\u00dfnahme bei Unf\u00e4llen oder Ersch\u00fctterungen. F\u00fcr Hunde, Katzen, Pferde und Kleintiere. &nbsp; Canina PETVITAL Bachbl\u00fcten Nr. 1 Haustier-Notfall Blutzellen f\u00fcr Hunde, Katzen, Pferde und Kleintiere von Canina. Nach der Lehre von Dr. Edward Bach kann diese Mischung einen positiven Einfluss auf emotional belastende Situationen (z. B. in einem Notfall) haben. Wird [&hellip;]<\/p>\n","protected":false},"featured_media":44096,"template":"","meta":{"_acf_changed":false,"footnotes":""},"product_brand":[],"product_cat":[151,150,46],"product_tag":[],"class_list":{"0":"post-44095","1":"product","2":"type-product","3":"status-publish","4":"has-post-thumbnail","6":"product_cat-chiens","7":"product_cat-chats","8":"product_cat-veterinaire","10":"first","11":"outofstock","12":"taxable","13":"shipping-taxable","14":"purchasable","15":"product-type-simple"},"acf":[],"_links":{"self":[{"href":"https:\/\/www.pharmacieonline.lu\/de\/wp-json\/wp\/v2\/product\/44095","targetHints":{"allow":["GET"]}}],"collection":[{"href":"https:\/\/www.pharmacieonline.lu\/de\/wp-json\/wp\/v2\/product"}],"about":[{"href":"https:\/\/www.pharmacieonline.lu\/de\/wp-json\/wp\/v2\/types\/product"}],"version-history":[{"count":0,"href":"https:\/\/www.pharmacieonline.lu\/de\/wp-json\/wp\/v2\/product\/44095\/revisions"}],"wp:featuredmedia":[{"embeddable":true,"href":"https:\/\/www.pharmacieonline.lu\/de\/wp-json\/wp\/v2\/media\/44096"}],"wp:attachment":[{"href":"https:\/\/www.pharmacieonline.lu\/de\/wp-json\/wp\/v2\/media?parent=44095"}],"wp:term":[{"taxonomy":"product_brand","embeddable":true,"href":"https:\/\/www.pharmacieonline.lu\/de\/wp-json\/wp\/v2\/product_brand?post=44095"},{"taxonomy":"product_cat","embeddable":true,"href":"https:\/\/www.pharmacieonline.lu\/de\/wp-json\/wp\/v2\/product_cat?post=44095"},{"taxonomy":"product_tag","embeddable":true,"href":"https:\/\/www.pharmacieonline.lu\/de\/wp-json\/wp\/v2\/product_tag?post=44095"}],"curies":[{"name":"wp","href":"https:\/\/api.w.org\/{rel}","templated":true}]}}