{"id":44106,"date":"2024-04-11T11:17:21","date_gmt":"2024-04-11T09:17:21","guid":{"rendered":"https:\/\/www.pharmacieonline.lu\/?post_type=product&#038;p=44106"},"modified":"2026-04-06T11:55:09","modified_gmt":"2026-04-06T09:55:09","slug":"bachblueten-nr-6-verlust-trauer-vet","status":"publish","type":"product","link":"https:\/\/www.pharmacieonline.lu\/de\/produit\/bachblueten-nr-6-verlust-trauer-vet\/","title":{"rendered":"BACHBLUETEN NR 6 VERLUST TRAUER VET"},"content":{"rendered":"<p>F\u00fcr Hunde, Katzen, Pferde und Kleintiere. Wird bei Trauer, Verlust und Verzweiflung verwendet.<\/p>\n<p>&nbsp;<\/p>\n<p>Canina PETVITAL Bachbl\u00fctenmittel Nr. 6 Blutk\u00f6rperchenverlust<\/p>\n<p>Nach den Lehren von Dr. Edward Bach kann diese Mischung einen positiven Einfluss auf Trauer, Verlust und Verzweiflung haben.<\/p>\n<p>Hilfe bei Verlust einer Pflegeperson<br \/>\nAlkoholfrei<br \/>\nEs sind keine Nebenwirkungen bekannt<\/p>\n<p>Zusammensetzung der Bachbl\u00fcten-Verlustk\u00fcgelchen Nr. 6 von Canina PETVITAL:<\/p>\n<p>Saccharose, Produkte aus der Pflanzenverarbeitung: L\u00e4rche (L\u00e4rche), Gei\u00dfblatt (Gei\u00dfblatt), Senf (Feldsenf), Heidekraut (Schottische Heide). Gekocht, verfl\u00fcssigt und gefiltert.<\/p>\n<p>Zutaten :<br \/>\nRohasche &lt;0,5 %; Rohfaser &lt;0,3 %; Fettgehalt &lt;1,0 %; Protein &lt;0,5 %<\/p>\n<p>Empfohlene Verwendung von Canina PETVITAL Bachbl\u00fcten Nr. 6 Verlustk\u00fcgelchen:<\/p>\n<p>Die Globuli direkt verf\u00fcttern, im Trinkwasser aufl\u00f6sen oder unter das Futter mischen.<br \/>\nHunde\/Katzen:<br \/>\n2 Globuli pro 5 kg K\u00f6rpergewicht, 2 bis 3 Mal t\u00e4glich<br \/>\nNagetiere\/V\u00f6gel:<br \/>\n1 bis 3 Granulat, 2 bis 3 Mal t\u00e4glich<br \/>\nPferde:<br \/>\n20 Granulat, 2 bis 3 mal t\u00e4glich<\/p>","protected":false},"excerpt":{"rendered":"<p>F\u00fcr Hunde, Katzen, Pferde und Kleintiere. Wird bei Trauer, Verlust und Verzweiflung verwendet. &nbsp; Canina PETVITAL Bachbl\u00fctenmittel Nr. 6 Blutk\u00f6rperchenverlust Nach den Lehren von Dr. Edward Bach kann diese Mischung einen positiven Einfluss auf Trauer, Verlust und Verzweiflung haben. Hilfe bei Verlust einer Pflegeperson Alkoholfrei Es sind keine Nebenwirkungen bekannt Zusammensetzung der Bachbl\u00fcten-Verlustk\u00fcgelchen Nr. 6 [&hellip;]<\/p>\n","protected":false},"featured_media":44107,"template":"","meta":{"_acf_changed":false,"footnotes":""},"product_brand":[],"product_cat":[151,150,46],"product_tag":[],"class_list":{"0":"post-44106","1":"product","2":"type-product","3":"status-publish","4":"has-post-thumbnail","6":"product_cat-chiens","7":"product_cat-chats","8":"product_cat-veterinaire","10":"first","11":"outofstock","12":"taxable","13":"shipping-taxable","14":"purchasable","15":"product-type-simple"},"acf":[],"_links":{"self":[{"href":"https:\/\/www.pharmacieonline.lu\/de\/wp-json\/wp\/v2\/product\/44106","targetHints":{"allow":["GET"]}}],"collection":[{"href":"https:\/\/www.pharmacieonline.lu\/de\/wp-json\/wp\/v2\/product"}],"about":[{"href":"https:\/\/www.pharmacieonline.lu\/de\/wp-json\/wp\/v2\/types\/product"}],"version-history":[{"count":0,"href":"https:\/\/www.pharmacieonline.lu\/de\/wp-json\/wp\/v2\/product\/44106\/revisions"}],"wp:featuredmedia":[{"embeddable":true,"href":"https:\/\/www.pharmacieonline.lu\/de\/wp-json\/wp\/v2\/media\/44107"}],"wp:attachment":[{"href":"https:\/\/www.pharmacieonline.lu\/de\/wp-json\/wp\/v2\/media?parent=44106"}],"wp:term":[{"taxonomy":"product_brand","embeddable":true,"href":"https:\/\/www.pharmacieonline.lu\/de\/wp-json\/wp\/v2\/product_brand?post=44106"},{"taxonomy":"product_cat","embeddable":true,"href":"https:\/\/www.pharmacieonline.lu\/de\/wp-json\/wp\/v2\/product_cat?post=44106"},{"taxonomy":"product_tag","embeddable":true,"href":"https:\/\/www.pharmacieonline.lu\/de\/wp-json\/wp\/v2\/product_tag?post=44106"}],"curies":[{"name":"wp","href":"https:\/\/api.w.org\/{rel}","templated":true}]}}