{"id":44177,"date":"2024-04-11T17:02:11","date_gmt":"2024-04-11T15:02:11","guid":{"rendered":"https:\/\/www.pharmacieonline.lu\/?post_type=product&#038;p=44177"},"modified":"2026-04-09T05:55:14","modified_gmt":"2026-04-09T03:55:14","slug":"bactiol-ib-30-caps","status":"publish","type":"product","link":"https:\/\/www.pharmacieonline.lu\/de\/produit\/bactiol-ib-30-caps\/","title":{"rendered":"BACTIOL IB 30 CAPS"},"content":{"rendered":"<p>Allgemeine Beschreibung<\/p>\n<p>Bactiol\u00ae IB enth\u00e4lt Vitamin D zur Unterst\u00fctzung der nat\u00fcrlichen Abwehrkr\u00e4fte.<\/p>\n<p>Indikation<\/p>\n<p>Hohe Dosierung von L. Acidophilus NCFM\u00ae und B. Lactis Bi-07\u00ae<\/p>\n<p>Hilft bei der Entwicklung nat\u00fcrlicher Abwehrkr\u00e4fte<\/p>\n<p>Verwenden<\/p>\n<p>1 Kapsel pro Tag<\/p>\n<p>Komposition<\/p>\n<p>Zutaten<\/p>\n<p>Inhaltsstoffform Menge % RI<br \/>\nLebende Bakterien<\/p>\n<p>&nbsp;<\/p>\n<p>Lactobacillus acidophilus NCFM\u00ae 30 mld.<\/p>\n<p>Bifidobacterium lactis Bi-07\u00ae 30 mld.<\/p>\n<p>Vitamin D Cholecalciferol 2,5 \u00b5g 50 %*<\/p>\n<p>Hilfsstoffe<\/p>\n<p>Hydroxypropylmethylcellulose<br \/>\nMikrokristalline Cellulose<br \/>\nSiliciumdioxid<br \/>\nMagnesiumsalze von Fetts\u00e4uren<\/p>\n<p>Eigenschaften<\/p>\n<p>Sehr hohe Dosierung: 60 Milliarden lebende Bakterien<br \/>\nPro Kapsel: 30 Milliarden L. acidophilus NCFM\u00ae und 30 Milliarden B. lactis Bi-07\u00ae<br \/>\nHilft bei der Entwicklung nat\u00fcrlicher Abwehrkr\u00e4fte<br \/>\nDie Kombination von L. Acidophilus und B. Lactis wirkt synergistisch<br \/>\nBest\u00e4ndig gegen Gallensalze und Magens\u00e4ure<br \/>\nSt\u00e4mme menschlichen Ursprungs<br \/>\nStabil bei Raumtemperatur dank ProtectAir\u00ae-Produktionstechnologie<br \/>\nGeeignet beim Stillen<br \/>\nGlutenfrei<br \/>\nLaktosefrei<br \/>\nGeeignet w\u00e4hrend der Schwangerschaft<br \/>\nSojafrei<br \/>\nGeeignet f\u00fcr Vegetarier<\/p>","protected":false},"excerpt":{"rendered":"<p>Allgemeine Beschreibung Bactiol\u00ae IB enth\u00e4lt Vitamin D zur Unterst\u00fctzung der nat\u00fcrlichen Abwehrkr\u00e4fte. Indikation Hohe Dosierung von L. Acidophilus NCFM\u00ae und B. Lactis Bi-07\u00ae Hilft bei der Entwicklung nat\u00fcrlicher Abwehrkr\u00e4fte Verwenden 1 Kapsel pro Tag Komposition Zutaten Inhaltsstoffform Menge % RI Lebende Bakterien &nbsp; Lactobacillus acidophilus NCFM\u00ae 30 mld. Bifidobacterium lactis Bi-07\u00ae 30 mld. Vitamin D [&hellip;]<\/p>\n","protected":false},"featured_media":44178,"template":"","meta":{"_acf_changed":false,"footnotes":""},"product_brand":[],"product_cat":[953,1045],"product_tag":[],"class_list":{"0":"post-44177","1":"product","2":"type-product","3":"status-publish","4":"has-post-thumbnail","6":"product_cat-complements-alimentaires","7":"product_cat-probiotiques","9":"first","10":"instock","11":"taxable","12":"shipping-taxable","13":"purchasable","14":"product-type-simple"},"acf":[],"_links":{"self":[{"href":"https:\/\/www.pharmacieonline.lu\/de\/wp-json\/wp\/v2\/product\/44177","targetHints":{"allow":["GET"]}}],"collection":[{"href":"https:\/\/www.pharmacieonline.lu\/de\/wp-json\/wp\/v2\/product"}],"about":[{"href":"https:\/\/www.pharmacieonline.lu\/de\/wp-json\/wp\/v2\/types\/product"}],"version-history":[{"count":0,"href":"https:\/\/www.pharmacieonline.lu\/de\/wp-json\/wp\/v2\/product\/44177\/revisions"}],"wp:featuredmedia":[{"embeddable":true,"href":"https:\/\/www.pharmacieonline.lu\/de\/wp-json\/wp\/v2\/media\/44178"}],"wp:attachment":[{"href":"https:\/\/www.pharmacieonline.lu\/de\/wp-json\/wp\/v2\/media?parent=44177"}],"wp:term":[{"taxonomy":"product_brand","embeddable":true,"href":"https:\/\/www.pharmacieonline.lu\/de\/wp-json\/wp\/v2\/product_brand?post=44177"},{"taxonomy":"product_cat","embeddable":true,"href":"https:\/\/www.pharmacieonline.lu\/de\/wp-json\/wp\/v2\/product_cat?post=44177"},{"taxonomy":"product_tag","embeddable":true,"href":"https:\/\/www.pharmacieonline.lu\/de\/wp-json\/wp\/v2\/product_tag?post=44177"}],"curies":[{"name":"wp","href":"https:\/\/api.w.org\/{rel}","templated":true}]}}