{"id":44190,"date":"2024-04-11T17:23:48","date_gmt":"2024-04-11T15:23:48","guid":{"rendered":"https:\/\/www.pharmacieonline.lu\/?post_type=product&#038;p=44190"},"modified":"2026-04-06T17:55:10","modified_gmt":"2026-04-06T15:55:10","slug":"bactiol-junior-30-caps","status":"publish","type":"product","link":"https:\/\/www.pharmacieonline.lu\/de\/produit\/bactiol-junior-30-caps\/","title":{"rendered":"BACTIOL JUNIOR 30 CAPS"},"content":{"rendered":"<p>Bactiol\u00ae Junior enth\u00e4lt Vitamin D zur Unterst\u00fctzung der nat\u00fcrlichen Abwehrkr\u00e4fte von Kindern.<\/p>\n<p>Indikation<\/p>\n<p>Quelle von L. acidophilus NCFM\u00ae und B. lactis Bi-07\u00ae<br \/>\nUnterst\u00fctzt die nat\u00fcrlichen Abwehrkr\u00e4fte von Kindern<\/p>\n<p>Verwenden<\/p>\n<p>1 Kapsel pro Tag<\/p>\n<p>Komposition<\/p>\n<p>Zutaten<\/p>\n<p>Inhaltsstoffform Menge % RI<br \/>\nLebende Bakterien Lactobacillus acidophilus NCFM\u00ae 5 mld.<\/p>\n<p>Lebende Bakterien Bifidobacterium lactis Bi-07\u00ae 5 mld.<\/p>\n<p>Vitamin D Cholecalciferol 1 \u00b5g 20 %*<\/p>\n<p>Hilfsstoffe<\/p>\n<p>Hydroxypropylmethylcellulose<br \/>\nMikrokristalline Cellulose<br \/>\nMagnesiumsalze von Fetts\u00e4uren<\/p>\n<p>Eigenschaften<\/p>\n<p>F\u00fcr Kinder (3-12 Jahre)<br \/>\nKindergerechte Hochdosierung: 10 Milliarden stammspezifische Bakterien pro Kapsel<br \/>\nPro Kapsel: 5 Milliarden L. acidophilus NCFM\u00ae und 5 Milliarden B. lactis Bi-07\u00ae<br \/>\nDie Kombination von L. Acidophilus und B. Lactis wirkt synergistisch<br \/>\nHilft bei der Entwicklung nat\u00fcrlicher Abwehrkr\u00e4fte<br \/>\nBest\u00e4ndig gegen Gallensalze und Magens\u00e4ure<br \/>\nSt\u00e4mme menschlichen Ursprungs<br \/>\nStabil bei Raumtemperatur dank ProtectAir\u00ae-Produktionstechnologie<br \/>\nGeeignet beim Stillen<br \/>\nGlutenfrei<br \/>\nLaktosefrei<br \/>\nGeeignet w\u00e4hrend der Schwangerschaft<br \/>\nSojafrei<br \/>\nGeeignet f\u00fcr Vegetarier<\/p>","protected":false},"excerpt":{"rendered":"<p>Bactiol\u00ae Junior enth\u00e4lt Vitamin D zur Unterst\u00fctzung der nat\u00fcrlichen Abwehrkr\u00e4fte von Kindern. Indikation Quelle von L. acidophilus NCFM\u00ae und B. lactis Bi-07\u00ae Unterst\u00fctzt die nat\u00fcrlichen Abwehrkr\u00e4fte von Kindern Verwenden 1 Kapsel pro Tag Komposition Zutaten Inhaltsstoffform Menge % RI Lebende Bakterien Lactobacillus acidophilus NCFM\u00ae 5 mld. Lebende Bakterien Bifidobacterium lactis Bi-07\u00ae 5 mld. Vitamin D [&hellip;]<\/p>\n","protected":false},"featured_media":44191,"template":"","meta":{"_acf_changed":false,"footnotes":""},"product_brand":[],"product_cat":[953,1045],"product_tag":[],"class_list":{"0":"post-44190","1":"product","2":"type-product","3":"status-publish","4":"has-post-thumbnail","6":"product_cat-complements-alimentaires","7":"product_cat-probiotiques","9":"first","10":"outofstock","11":"taxable","12":"shipping-taxable","13":"purchasable","14":"product-type-simple"},"acf":[],"_links":{"self":[{"href":"https:\/\/www.pharmacieonline.lu\/de\/wp-json\/wp\/v2\/product\/44190","targetHints":{"allow":["GET"]}}],"collection":[{"href":"https:\/\/www.pharmacieonline.lu\/de\/wp-json\/wp\/v2\/product"}],"about":[{"href":"https:\/\/www.pharmacieonline.lu\/de\/wp-json\/wp\/v2\/types\/product"}],"version-history":[{"count":0,"href":"https:\/\/www.pharmacieonline.lu\/de\/wp-json\/wp\/v2\/product\/44190\/revisions"}],"wp:featuredmedia":[{"embeddable":true,"href":"https:\/\/www.pharmacieonline.lu\/de\/wp-json\/wp\/v2\/media\/44191"}],"wp:attachment":[{"href":"https:\/\/www.pharmacieonline.lu\/de\/wp-json\/wp\/v2\/media?parent=44190"}],"wp:term":[{"taxonomy":"product_brand","embeddable":true,"href":"https:\/\/www.pharmacieonline.lu\/de\/wp-json\/wp\/v2\/product_brand?post=44190"},{"taxonomy":"product_cat","embeddable":true,"href":"https:\/\/www.pharmacieonline.lu\/de\/wp-json\/wp\/v2\/product_cat?post=44190"},{"taxonomy":"product_tag","embeddable":true,"href":"https:\/\/www.pharmacieonline.lu\/de\/wp-json\/wp\/v2\/product_tag?post=44190"}],"curies":[{"name":"wp","href":"https:\/\/api.w.org\/{rel}","templated":true}]}}