{"id":44206,"date":"2024-04-12T09:35:15","date_gmt":"2024-04-12T07:35:15","guid":{"rendered":"https:\/\/www.pharmacieonline.lu\/?post_type=product&#038;p=44206"},"modified":"2026-04-10T02:25:32","modified_gmt":"2026-04-10T00:25:32","slug":"bactiol-plus-120-caps","status":"publish","type":"product","link":"https:\/\/www.pharmacieonline.lu\/de\/produit\/bactiol-plus-120-caps\/","title":{"rendered":"BACTIOL PLUS 120 CAPS"},"content":{"rendered":"<p>Bactiol\u00ae Plus enth\u00e4lt Vitamin D zur Unterst\u00fctzung der nat\u00fcrlichen Abwehrkr\u00e4fte und Vitamin A, das zur Erhaltung normaler Schleimh\u00e4ute, beispielsweise im Darm, beitr\u00e4gt<\/p>\n<p>Indikation<br \/>\nTr\u00e4gt zu normalen Schleimh\u00e4uten z.B. im Darm bei und unterst\u00fctzt die nat\u00fcrlichen Abwehrkr\u00e4fte<\/p>\n<p>&nbsp;<\/p>\n<p>Verwenden<\/p>\n<p>1 Kapsel pro Tag<\/p>\n<p>Komposition<br \/>\nZutaten<br \/>\nInhaltsstoffform Menge % RI<br \/>\nLebende Bakterien<\/p>\n<p>&nbsp;<\/p>\n<p>Lactobacillus acidophilus NCFM\u00ae 12,5 ml.<\/p>\n<p>Bifidobacterium lactis Bi-07\u00ae 12,5 mld.<\/p>\n<p>Vitamin D Cholecalciferol 2,5 \u00b5g 50 %*<br \/>\nVitamin A Beta-Carotin 160 \u00b5g 20 %*<br \/>\nHilfsstoffe<br \/>\nHydroxypropylmethylcellulose<br \/>\nMikrokristalline Cellulose<br \/>\nSiliciumdioxid<br \/>\nMagnesiumsalze von Fetts\u00e4uren<br \/>\nKalziumkarbonat<\/p>","protected":false},"excerpt":{"rendered":"<p>Bactiol\u00ae Plus enth\u00e4lt Vitamin D zur Unterst\u00fctzung der nat\u00fcrlichen Abwehrkr\u00e4fte und Vitamin A, das zur Erhaltung normaler Schleimh\u00e4ute, beispielsweise im Darm, beitr\u00e4gt Indikation Tr\u00e4gt zu normalen Schleimh\u00e4uten z.B. im Darm bei und unterst\u00fctzt die nat\u00fcrlichen Abwehrkr\u00e4fte &nbsp; Verwenden 1 Kapsel pro Tag Komposition Zutaten Inhaltsstoffform Menge % RI Lebende Bakterien &nbsp; Lactobacillus acidophilus NCFM\u00ae 12,5 [&hellip;]<\/p>\n","protected":false},"featured_media":44207,"template":"","meta":{"_acf_changed":false,"footnotes":""},"product_brand":[],"product_cat":[953,1045],"product_tag":[],"class_list":{"0":"post-44206","1":"product","2":"type-product","3":"status-publish","4":"has-post-thumbnail","6":"product_cat-complements-alimentaires","7":"product_cat-probiotiques","9":"first","10":"instock","11":"taxable","12":"shipping-taxable","13":"purchasable","14":"product-type-simple"},"acf":[],"_links":{"self":[{"href":"https:\/\/www.pharmacieonline.lu\/de\/wp-json\/wp\/v2\/product\/44206","targetHints":{"allow":["GET"]}}],"collection":[{"href":"https:\/\/www.pharmacieonline.lu\/de\/wp-json\/wp\/v2\/product"}],"about":[{"href":"https:\/\/www.pharmacieonline.lu\/de\/wp-json\/wp\/v2\/types\/product"}],"version-history":[{"count":0,"href":"https:\/\/www.pharmacieonline.lu\/de\/wp-json\/wp\/v2\/product\/44206\/revisions"}],"wp:featuredmedia":[{"embeddable":true,"href":"https:\/\/www.pharmacieonline.lu\/de\/wp-json\/wp\/v2\/media\/44207"}],"wp:attachment":[{"href":"https:\/\/www.pharmacieonline.lu\/de\/wp-json\/wp\/v2\/media?parent=44206"}],"wp:term":[{"taxonomy":"product_brand","embeddable":true,"href":"https:\/\/www.pharmacieonline.lu\/de\/wp-json\/wp\/v2\/product_brand?post=44206"},{"taxonomy":"product_cat","embeddable":true,"href":"https:\/\/www.pharmacieonline.lu\/de\/wp-json\/wp\/v2\/product_cat?post=44206"},{"taxonomy":"product_tag","embeddable":true,"href":"https:\/\/www.pharmacieonline.lu\/de\/wp-json\/wp\/v2\/product_tag?post=44206"}],"curies":[{"name":"wp","href":"https:\/\/api.w.org\/{rel}","templated":true}]}}