{"id":44227,"date":"2024-04-12T10:40:56","date_gmt":"2024-04-12T08:40:56","guid":{"rendered":"https:\/\/www.pharmacieonline.lu\/?post_type=product&#038;p=44227"},"modified":"2026-04-15T15:55:12","modified_gmt":"2026-04-15T13:55:12","slug":"baktolin-sensitive-ph-neutral-500-ml","status":"publish","type":"product","link":"https:\/\/www.pharmacieonline.lu\/de\/produit\/baktolin-sensitive-ph-neutral-500-ml\/","title":{"rendered":"BAKTOLIN SENSITIVE PH-NEUTRAL 500 ML"},"content":{"rendered":"<p>reinigt mit einem weichen, cremigen Schaum<br \/>\nSanfte Reinigungslotion mit hautneutralem pH-Wert 5,5, ohne Farbstoffe<br \/>\nhat eine fein duftende Formel<br \/>\nenth\u00e4lt \u00f6lreparierende und pflegende Substanzen<br \/>\nausgezeichnete Hautvertr\u00e4glichkeit<br \/>\nenth\u00e4lt hautfreundliche Tenside<br \/>\nohne Parabene<\/p>","protected":false},"excerpt":{"rendered":"<p>reinigt mit einem weichen, cremigen Schaum Sanfte Reinigungslotion mit hautneutralem pH-Wert 5,5, ohne Farbstoffe hat eine fein duftende Formel enth\u00e4lt \u00f6lreparierende und pflegende Substanzen ausgezeichnete Hautvertr\u00e4glichkeit enth\u00e4lt hautfreundliche Tenside ohne Parabene<\/p>\n","protected":false},"featured_media":44228,"template":"","meta":{"_acf_changed":false,"footnotes":""},"product_brand":[],"product_cat":[42],"product_tag":[],"class_list":{"0":"post-44227","1":"product","2":"type-product","3":"status-publish","4":"has-post-thumbnail","6":"product_cat-para-pharmacie","8":"first","9":"instock","10":"taxable","11":"shipping-taxable","12":"purchasable","13":"product-type-simple"},"acf":[],"_links":{"self":[{"href":"https:\/\/www.pharmacieonline.lu\/de\/wp-json\/wp\/v2\/product\/44227","targetHints":{"allow":["GET"]}}],"collection":[{"href":"https:\/\/www.pharmacieonline.lu\/de\/wp-json\/wp\/v2\/product"}],"about":[{"href":"https:\/\/www.pharmacieonline.lu\/de\/wp-json\/wp\/v2\/types\/product"}],"version-history":[{"count":0,"href":"https:\/\/www.pharmacieonline.lu\/de\/wp-json\/wp\/v2\/product\/44227\/revisions"}],"wp:featuredmedia":[{"embeddable":true,"href":"https:\/\/www.pharmacieonline.lu\/de\/wp-json\/wp\/v2\/media\/44228"}],"wp:attachment":[{"href":"https:\/\/www.pharmacieonline.lu\/de\/wp-json\/wp\/v2\/media?parent=44227"}],"wp:term":[{"taxonomy":"product_brand","embeddable":true,"href":"https:\/\/www.pharmacieonline.lu\/de\/wp-json\/wp\/v2\/product_brand?post=44227"},{"taxonomy":"product_cat","embeddable":true,"href":"https:\/\/www.pharmacieonline.lu\/de\/wp-json\/wp\/v2\/product_cat?post=44227"},{"taxonomy":"product_tag","embeddable":true,"href":"https:\/\/www.pharmacieonline.lu\/de\/wp-json\/wp\/v2\/product_tag?post=44227"}],"curies":[{"name":"wp","href":"https:\/\/api.w.org\/{rel}","templated":true}]}}