{"id":44244,"date":"2024-04-12T11:33:13","date_gmt":"2024-04-12T09:33:13","guid":{"rendered":"https:\/\/www.pharmacieonline.lu\/?post_type=product&#038;p=44244"},"modified":"2026-04-10T04:25:32","modified_gmt":"2026-04-10T02:25:32","slug":"barinutrics-calcium-k2-cerise-90cpr","status":"publish","type":"product","link":"https:\/\/www.pharmacieonline.lu\/de\/produit\/barinutrics-calcium-k2-cerise-90cpr\/","title":{"rendered":"BARINUTRICS CALCIUM + K2 CERISE 90CPR"},"content":{"rendered":"<p>Allgemeine Beschreibung<\/p>\n<p>**Amerikanische Gesellschaft f\u00fcr metabolische und bariatrische Chirurgie.<\/p>\n<p>BariNutrics\u00ae\u00a0Calciumcitrat enth\u00e4lt Vitamin D3 zur F\u00f6rderung der Kalziumaufnahme und zur Unterst\u00fctzung der Knochen sowie Kalzium, das zur Erhaltung starker Knochen beitr\u00e4gt. Vitamin K2 unterst\u00fctzt die Aufnahme von Kalzium durch die Knochen und tr\u00e4gt zur Erhaltung starker Knochen bei.<\/p>\n<p>BariNutrics Calciumcitrat Vit D &amp; Vit K2 ist in Kautabletten mit k\u00f6stlichem Kirsch- oder Pfirsich-Mango-Geschmack erh\u00e4ltlich.<\/p>\n<p>Indikation<\/p>\n<p>Mikroern\u00e4hrung vor und nach einer bariatrischen Operation<\/p>\n<p>Verwenden<\/p>\n<p>2-3 Kautabletten pro Tag.<br \/>\nF\u00fcr eine optimale Aufnahme ist es besser, die Kautablette \u00fcber den Tag verteilt einzunehmen.<\/p>\n<p>Komposition<\/p>\n<p>Zutaten<\/p>\n<p>Inhaltsstoffform Menge % RI<br \/>\nKalzium<br \/>\n1000 mg 125 %*<\/p>\n<p>Calciumcitrat 4762 mg<\/p>\n<p>Vitamin K2 Menachinon 30 \u00b5g 40 %*<br \/>\nVitamin D Cholecalciferol 25 \u00b5g 500 %*<\/p>\n<p>Hilfsstoffe<\/p>\n<p>Xylit<br \/>\nSorbit<br \/>\nStearins\u00e4ure<br \/>\nKirschgeschmack<br \/>\nZitronens\u00e4ure<br \/>\nIsomaltulose<br \/>\nSiliciumdioxid<br \/>\nMagnesiumsalze von Fetts\u00e4uren<br \/>\nSteviolglykoside aus Stevia<br \/>\nAroma von Kemfe<br \/>\nSucralose<\/p>\n<p>Eigenschaften<\/p>\n<p>Gut absorbierte Form von Calcium: Calciumcitrat<br \/>\nZur Erhaltung starker Knochen und Z\u00e4hne<br \/>\nCalciumcitrat: wirkt in einem breiten pH-Spektrum und erfordert keine Dissoziation und Absorption des sauren Mageninhalts<br \/>\nVitamin D3 f\u00f6rdert die Aufnahme von Kalzium in die Knochen und unterst\u00fctzt die Knochen.<br \/>\nVitamin K2 hilft bei der Aufnahme von Kalzium in die Knochen und tr\u00e4gt zur Erhaltung starker Knochen bei<br \/>\nErf\u00fcllt die ASMBS-Richtlinien**<br \/>\nEinfache Anwendung: 2-3 Kautabletten pro Tag; Patienten sollten sie nicht mit Wasser schlucken<br \/>\nKeine Nebenwirkungen<br \/>\nGlutenfrei<br \/>\nLaktosefrei<br \/>\nSojafrei<br \/>\nGeeignet f\u00fcr Vegetarier<\/p>","protected":false},"excerpt":{"rendered":"<p>Allgemeine Beschreibung **Amerikanische Gesellschaft f\u00fcr metabolische und bariatrische Chirurgie. BariNutrics\u00ae\u00a0Calciumcitrat enth\u00e4lt Vitamin D3 zur F\u00f6rderung der Kalziumaufnahme und zur Unterst\u00fctzung der Knochen sowie Kalzium, das zur Erhaltung starker Knochen beitr\u00e4gt. Vitamin K2 unterst\u00fctzt die Aufnahme von Kalzium durch die Knochen und tr\u00e4gt zur Erhaltung starker Knochen bei. BariNutrics Calciumcitrat Vit D &amp; Vit K2 ist [&hellip;]<\/p>\n","protected":false},"featured_media":44245,"template":"","meta":{"_acf_changed":false,"footnotes":""},"product_brand":[],"product_cat":[42,953],"product_tag":[],"class_list":{"0":"post-44244","1":"product","2":"type-product","3":"status-publish","4":"has-post-thumbnail","6":"product_cat-para-pharmacie","7":"product_cat-complements-alimentaires","9":"first","10":"instock","11":"taxable","12":"shipping-taxable","13":"purchasable","14":"product-type-simple"},"acf":[],"_links":{"self":[{"href":"https:\/\/www.pharmacieonline.lu\/de\/wp-json\/wp\/v2\/product\/44244","targetHints":{"allow":["GET"]}}],"collection":[{"href":"https:\/\/www.pharmacieonline.lu\/de\/wp-json\/wp\/v2\/product"}],"about":[{"href":"https:\/\/www.pharmacieonline.lu\/de\/wp-json\/wp\/v2\/types\/product"}],"version-history":[{"count":0,"href":"https:\/\/www.pharmacieonline.lu\/de\/wp-json\/wp\/v2\/product\/44244\/revisions"}],"wp:featuredmedia":[{"embeddable":true,"href":"https:\/\/www.pharmacieonline.lu\/de\/wp-json\/wp\/v2\/media\/44245"}],"wp:attachment":[{"href":"https:\/\/www.pharmacieonline.lu\/de\/wp-json\/wp\/v2\/media?parent=44244"}],"wp:term":[{"taxonomy":"product_brand","embeddable":true,"href":"https:\/\/www.pharmacieonline.lu\/de\/wp-json\/wp\/v2\/product_brand?post=44244"},{"taxonomy":"product_cat","embeddable":true,"href":"https:\/\/www.pharmacieonline.lu\/de\/wp-json\/wp\/v2\/product_cat?post=44244"},{"taxonomy":"product_tag","embeddable":true,"href":"https:\/\/www.pharmacieonline.lu\/de\/wp-json\/wp\/v2\/product_tag?post=44244"}],"curies":[{"name":"wp","href":"https:\/\/api.w.org\/{rel}","templated":true}]}}