{"id":44250,"date":"2024-04-12T12:58:55","date_gmt":"2024-04-12T10:58:55","guid":{"rendered":"https:\/\/www.pharmacieonline.lu\/?post_type=product&#038;p=44250"},"modified":"2026-04-02T15:55:15","modified_gmt":"2026-04-02T13:55:15","slug":"barinutrics-hair-90-gelules","status":"publish","type":"product","link":"https:\/\/www.pharmacieonline.lu\/de\/produit\/barinutrics-hair-90-gelules\/","title":{"rendered":"BARINUTRICS HAIR 90 GELULES"},"content":{"rendered":"<p>Allgemeine Beschreibung<\/p>\n<p>Serenoa repens tr\u00e4gt zur Haarerhaltung bei und kann bei Haarausfall und vermindertem Haarwachstum eingesetzt werden. Keranat\u00a0f\u00fcr Volumen, Glanz und Sch\u00f6nheit des Haares. Zink und Biotin tragen zu einem normalen Haarwachstum bei und helfen, die Haarst\u00e4rke zu erhalten. Kupfer tr\u00e4gt zu einer normalen Haarpigmentierung bei.<\/p>\n<p>Indikation<\/p>\n<p>F\u00fcr die Erhaltung gesunder Haare.<\/p>\n<p>Bei Haarausfall \/ Bei vermindertem Haarwuchs.<\/p>\n<p>Kontraindikationen<\/p>\n<p>Fragen Sie Ihren Arzt und\/oder Apotheker um Rat. Nicht empfohlen f\u00fcr schwangere oder stillende Frauen vor dem 12. Lebensjahr, bei Gallenstau oder anderen St\u00f6rungen der Gallenfunktion.<\/p>\n<p>Verwenden<\/p>\n<p>1 Kapsel pro Tag (w\u00e4hrend einer Mahlzeit).<\/p>\n<p>Magenverkleinerung? Verwenden Sie dieses Produkt zus\u00e4tzlich zu Ihrer t\u00e4glichen Einnahme von Nahrungserg\u00e4nzungsmitteln.<\/p>\n<p>Komposition<\/p>\n<p>Zutaten<\/p>\n<p>Inhaltsstoffform Menge % RI<br \/>\nKeranat<br \/>\n300 mg<\/p>\n<p>Sabal-Extrakt (Serenoa repens)<br \/>\n160 mg<\/p>\n<p>Zink Zinkbisglycinat 10 mg 100 %*<br \/>\nKupfer Kupfergluconat 1 mg 100 %*<br \/>\nBiotin<br \/>\n50 \u00b5g 100 %*<\/p>\n<p>Hilfsstoffe<\/p>\n<p>Gelatine<br \/>\nGlycerin<br \/>\nSorbit<br \/>\nWasser<br \/>\nEisenoxide und -hydroxide<br \/>\nBienenwachs<br \/>\nSonnenblumenlecithin<\/p>\n<p>Eigenschaften<\/p>\n<p>Innovative Formel mit nat\u00fcrlichen Inhaltsstoffen, die direkt auf die Haarwurzel wirken<br \/>\nBietet Unterst\u00fctzung bei den h\u00e4ufigsten Arten von Haarausfall bei Frauen und M\u00e4nnern<br \/>\nF\u00fcr gesundes und kr\u00e4ftiges Haar \u2013 sorgt f\u00fcr Volumen und Glanz<br \/>\nKlinisch nachgewiesene, GEZIELTE WIRKUNG auf die Haarwurzeln<br \/>\nGlutenfrei<br \/>\nLaktosefrei<br \/>\nSojafrei<\/p>","protected":false},"excerpt":{"rendered":"<p>Allgemeine Beschreibung Serenoa repens tr\u00e4gt zur Haarerhaltung bei und kann bei Haarausfall und vermindertem Haarwachstum eingesetzt werden. Keranat\u00a0f\u00fcr Volumen, Glanz und Sch\u00f6nheit des Haares. Zink und Biotin tragen zu einem normalen Haarwachstum bei und helfen, die Haarst\u00e4rke zu erhalten. Kupfer tr\u00e4gt zu einer normalen Haarpigmentierung bei. Indikation F\u00fcr die Erhaltung gesunder Haare. Bei Haarausfall \/ [&hellip;]<\/p>\n","protected":false},"featured_media":44251,"template":"","meta":{"_acf_changed":false,"footnotes":""},"product_brand":[],"product_cat":[802,42,53,953],"product_tag":[],"class_list":{"0":"post-44250","1":"product","2":"type-product","3":"status-publish","4":"has-post-thumbnail","6":"product_cat-vitamines-cheveux-et-ongles","7":"product_cat-para-pharmacie","8":"product_cat-cheveux","9":"product_cat-complements-alimentaires","11":"first","12":"instock","13":"taxable","14":"shipping-taxable","15":"purchasable","16":"product-type-simple"},"acf":[],"_links":{"self":[{"href":"https:\/\/www.pharmacieonline.lu\/de\/wp-json\/wp\/v2\/product\/44250","targetHints":{"allow":["GET"]}}],"collection":[{"href":"https:\/\/www.pharmacieonline.lu\/de\/wp-json\/wp\/v2\/product"}],"about":[{"href":"https:\/\/www.pharmacieonline.lu\/de\/wp-json\/wp\/v2\/types\/product"}],"version-history":[{"count":0,"href":"https:\/\/www.pharmacieonline.lu\/de\/wp-json\/wp\/v2\/product\/44250\/revisions"}],"wp:featuredmedia":[{"embeddable":true,"href":"https:\/\/www.pharmacieonline.lu\/de\/wp-json\/wp\/v2\/media\/44251"}],"wp:attachment":[{"href":"https:\/\/www.pharmacieonline.lu\/de\/wp-json\/wp\/v2\/media?parent=44250"}],"wp:term":[{"taxonomy":"product_brand","embeddable":true,"href":"https:\/\/www.pharmacieonline.lu\/de\/wp-json\/wp\/v2\/product_brand?post=44250"},{"taxonomy":"product_cat","embeddable":true,"href":"https:\/\/www.pharmacieonline.lu\/de\/wp-json\/wp\/v2\/product_cat?post=44250"},{"taxonomy":"product_tag","embeddable":true,"href":"https:\/\/www.pharmacieonline.lu\/de\/wp-json\/wp\/v2\/product_tag?post=44250"}],"curies":[{"name":"wp","href":"https:\/\/api.w.org\/{rel}","templated":true}]}}