{"id":44253,"date":"2024-04-12T13:18:19","date_gmt":"2024-04-12T11:18:19","guid":{"rendered":"https:\/\/www.pharmacieonline.lu\/?post_type=product&#038;p=44253"},"modified":"2026-04-10T04:25:47","modified_gmt":"2026-04-10T02:25:47","slug":"barinutrics-multi-citron-90cpr-a-macher","status":"publish","type":"product","link":"https:\/\/www.pharmacieonline.lu\/de\/produit\/barinutrics-multi-citron-90cpr-a-macher\/","title":{"rendered":"BARINUTRICS MULTI CITRON 90CPR A MACHER"},"content":{"rendered":"<p>Allgemeine Beschreibung<\/p>\n<p>**Amerikanische Gesellschaft f\u00fcr metabolische und bariatrische Chirurgie.<\/p>\n<p>BariNutrics Multi enth\u00e4lt die Vitamine B1, B2, B3, B5, B6 und B12, die das Energieniveau unterst\u00fctzen. Auch die Vitamine B6 und B12 tragen zusammen mit Fols\u00e4ure zur Verringerung der M\u00fcdigkeit bei. BariNutrics Multi enth\u00e4lt au\u00dferdem die Vitamine C, D, Zink und Selen, die die normale Funktion des Immunsystems unterst\u00fctzen, sowie Vitamin E, das zusammen mit Selen und Zink dazu beitr\u00e4gt, die Zellen vor oxidativem Stress zu sch\u00fctzen.<\/p>\n<p>BariNutrics Multi ist in Kapseln und Kautabletten mit k\u00f6stlichem Zitronen- oder Kirschgeschmack erh\u00e4ltlich.<\/p>\n<p>Indikation<\/p>\n<p>Mikroern\u00e4hrung vor und nach einer bariatrischen Operation<\/p>\n<p>Verwenden<\/p>\n<p>1 Kautablette pro Tag<\/p>\n<p>Komposition<\/p>\n<p>Zutaten<\/p>\n<p>Inhaltsstoffform Menge % RI<br \/>\nVitamin A<br \/>\n800 \u00b5g 100 %*<\/p>\n<p>Retinylpalmitat<\/p>\n<p>&nbsp;<\/p>\n<p>Beta-Carotin<\/p>\n<p>Vitamin B1 Thiaminmononitrat 25 mg 2273 %*<br \/>\nVitamin B2 Riboflavin 2,8 mg 200 %*<br \/>\nVitamin B3 \u2013 Niacin Niacinamid 32 mg 200 %*<br \/>\nVitamin B5 \u2013 Pantothens\u00e4ure Calciumpantothenat 12 mg 200 %*<br \/>\nVitamin B6 Pyridoxal-5-phosphat 2,8 mg 200 %*<br \/>\nVitamin B12 Methylcobalamin 500 \u00b5g 20000 %*<br \/>\nVitamin C Ascorbins\u00e4ure 160 mg 200 %*<br \/>\nVitamin D Cholecalciferol 75 \u00b5g 1500 %*<br \/>\nVitamin E<br \/>\n24 mg 200 %*<\/p>\n<p>D-alpha-Tocopherylacetat<\/p>\n<p>&nbsp;<\/p>\n<p>Tocopherol-Mischung<\/p>\n<p>Vitamin K1 Phytomenadion 90 \u00b5g 120 %*<br \/>\nFolat Calcium-L-methylfolat (Metafolin\u00ae) 400 \u00b5g 200 %*<br \/>\nBiotin<br \/>\n100 \u00b5g 200 %*<br \/>\nEisen Eisenfumarat 18 mg 129 %*<br \/>\nChrom Chrompicolinat 80 \u00b5g 200 %*<br \/>\nKupfer Kupfercitrat 1 mg 100 %*<br \/>\nJod Kaliumiodid 150 \u00b5g 100 %*<br \/>\nMangan Mangancitrat 1 mg 50 %*<br \/>\nMagnesium Magnesiumbisglycinat 60 mg 16 %*<br \/>\nMolybd\u00e4n Natriummolybdat 100 \u00b5g 200 %*<br \/>\nSelen L-Selenomethionin 100 \u00b5g 182 %*<br \/>\nZink Zinkbisglycinat 10 mg 100 %*<br \/>\nCholin Cholinbitartrat 5 mg<\/p>\n<p>Inosit<br \/>\n5 mg<\/p>\n<p>Hilfsstoffe<\/p>\n<p>Xylit<br \/>\nSorbit<br \/>\nHydroxypropylcellulose<br \/>\nStearins\u00e4ure<br \/>\nZitronengeschmack<br \/>\nZitronens\u00e4ure<br \/>\nIsomaltulose<br \/>\nSiliciumdioxid<br \/>\nMagnesiumsalze von Fetts\u00e4uren<br \/>\nSucralose<br \/>\nSteviolglykoside aus Stevia<br \/>\nAroma von Kemfe<br \/>\nMagnesiumcarbonat<br \/>\nDicalciumphosphat<\/p>\n<p>Eigenschaften<\/p>\n<p>Einzigartige Mischung aus Vitaminen in aktiver Form und gut absorbierbaren Mineralien<br \/>\nErf\u00fcllt den t\u00e4glichen Vitamin- und Mineralstoffbedarf, um in Form zu bleiben<br \/>\nUnterst\u00fctzt 3 verschiedene Wirkungsbereiche: Energie und Vitalit\u00e4t \u2013 Immunit\u00e4t \u2013 Schutz vor oxidativem Stress<br \/>\nErf\u00fcllt die neuesten ASMBS-Richtlinien**<br \/>\nVitamin B6, B9 (Folat, Metafolin\u00ae) und B12 in ihrer aktiven Form: zur direkten Aufnahme<br \/>\nMineralsalze mit hoher Bioverf\u00fcgbarkeit (Bisglycinate, Citrate, Fumarate): optimale Aufnahme<br \/>\nEinfache Anwendung: 1 Kautablette pro Tag<br \/>\nKeine Nebenwirkungen<br \/>\nGeeignet beim Stillen<br \/>\nGlutenfrei<br \/>\nLaktosefrei<br \/>\nGeeignet w\u00e4hrend der Schwangerschaft<br \/>\nSojafrei<br \/>\nGeeignet f\u00fcr Vegetarier<\/p>","protected":false},"excerpt":{"rendered":"<p>Allgemeine Beschreibung **Amerikanische Gesellschaft f\u00fcr metabolische und bariatrische Chirurgie. BariNutrics Multi enth\u00e4lt die Vitamine B1, B2, B3, B5, B6 und B12, die das Energieniveau unterst\u00fctzen. Auch die Vitamine B6 und B12 tragen zusammen mit Fols\u00e4ure zur Verringerung der M\u00fcdigkeit bei. BariNutrics Multi enth\u00e4lt au\u00dferdem die Vitamine C, D, Zink und Selen, die die normale Funktion [&hellip;]<\/p>\n","protected":false},"featured_media":44254,"template":"","meta":{"_acf_changed":false,"footnotes":""},"product_brand":[],"product_cat":[42,953],"product_tag":[],"class_list":{"0":"post-44253","1":"product","2":"type-product","3":"status-publish","4":"has-post-thumbnail","6":"product_cat-para-pharmacie","7":"product_cat-complements-alimentaires","9":"first","10":"instock","11":"taxable","12":"shipping-taxable","13":"purchasable","14":"product-type-simple"},"acf":[],"_links":{"self":[{"href":"https:\/\/www.pharmacieonline.lu\/de\/wp-json\/wp\/v2\/product\/44253","targetHints":{"allow":["GET"]}}],"collection":[{"href":"https:\/\/www.pharmacieonline.lu\/de\/wp-json\/wp\/v2\/product"}],"about":[{"href":"https:\/\/www.pharmacieonline.lu\/de\/wp-json\/wp\/v2\/types\/product"}],"version-history":[{"count":0,"href":"https:\/\/www.pharmacieonline.lu\/de\/wp-json\/wp\/v2\/product\/44253\/revisions"}],"wp:featuredmedia":[{"embeddable":true,"href":"https:\/\/www.pharmacieonline.lu\/de\/wp-json\/wp\/v2\/media\/44254"}],"wp:attachment":[{"href":"https:\/\/www.pharmacieonline.lu\/de\/wp-json\/wp\/v2\/media?parent=44253"}],"wp:term":[{"taxonomy":"product_brand","embeddable":true,"href":"https:\/\/www.pharmacieonline.lu\/de\/wp-json\/wp\/v2\/product_brand?post=44253"},{"taxonomy":"product_cat","embeddable":true,"href":"https:\/\/www.pharmacieonline.lu\/de\/wp-json\/wp\/v2\/product_cat?post=44253"},{"taxonomy":"product_tag","embeddable":true,"href":"https:\/\/www.pharmacieonline.lu\/de\/wp-json\/wp\/v2\/product_tag?post=44253"}],"curies":[{"name":"wp","href":"https:\/\/api.w.org\/{rel}","templated":true}]}}