{"id":44259,"date":"2024-04-12T13:26:13","date_gmt":"2024-04-12T11:26:13","guid":{"rendered":"https:\/\/www.pharmacieonline.lu\/?post_type=product&#038;p=44259"},"modified":"2026-04-02T15:55:14","modified_gmt":"2026-04-02T13:55:14","slug":"barinutrics-prenatal-v2-60-gelules","status":"publish","type":"product","link":"https:\/\/www.pharmacieonline.lu\/de\/produit\/barinutrics-prenatal-v2-60-gelules\/","title":{"rendered":"BARINUTRICS PRENATAL V2 60 GELULES"},"content":{"rendered":"<p>Allgemeine Beschreibung<\/p>\n<p>BariNutrics Prenatal enth\u00e4lt Folat, das zum Wachstum des fetalen Gewebes w\u00e4hrend der Schwangerschaft beitr\u00e4gt.<\/p>\n<p>Indikation<\/p>\n<p>Spezifisches Multivitaminpr\u00e4parat f\u00fcr die postbariatrische Schwangerschaft<\/p>\n<p>Kontraindikationen<\/p>\n<p>Nicht geeignet f\u00fcr Personen, die eine gerinnungshemmende Behandlung mit Cumarin einnehmen.<\/p>\n<p>Verwenden<\/p>\n<p>2 Kapseln pro Tag (vorzugsweise 1 zum Mittagessen und 1 zum Abendessen)<\/p>\n<p>Komposition<\/p>\n<p>Zutaten<\/p>\n<p>Inhaltsstoffform Menge % RI<br \/>\nVitamin A Beta-Carotin 800 \u00b5g 100 %*<br \/>\nVitamin B1 Thiaminmononitrat 12 mg 1092 %*<br \/>\nVitamin B2 Riboflavin 2,8 mg 200 %*<br \/>\nVitamin B3 \u2013 Niacin Niacinamid 24 mg 150 %*<br \/>\nVitamin B5 \u2013 Pantothens\u00e4ure Calciumpantothenat 12 mg 200 %*<br \/>\nVitamin B6 Pyridoxal-5-phosphat 2,8 mg 200 %*<br \/>\nVitamin B12 Methylcobalamin 1000 \u00b5g 40000 %*<br \/>\nVitamin C Calciumascorbat 160 mg 200 %*<br \/>\nVitamin D Cholecalciferol 50 \u00b5g 1000 %*<br \/>\nVitamin-E-Tocopherol-Mischung 12 mg 100 %*<br \/>\nVitamin K1 Phytomenadion 90 \u00b5g 120 %*<br \/>\nFolat Calcium-L-methylfolat (Metafolin\u00ae) 400 \u00b5g 200 %*<br \/>\nBiotin Biotin 100 \u00b5g 200 %*<br \/>\nEisen Eisenbisglycinat 45 mg 321 %*<br \/>\nJod Kaliumiodid 150 \u00b5g 100 %*<br \/>\nKupfer Kupfercitrat 1 mg 100 %*<br \/>\nMangan Mangancitrat 1 mg 50 %*<br \/>\nMagnesium Magnesiumglycerophosphat 60 mg 16 %*<br \/>\nSelen L-Selenomethionin 100 \u00b5g 182 %*<br \/>\nZink Zinkbisglycinat 10 mg 100 %*<br \/>\nInosit<br \/>\n5 mg<\/p>\n<p>Hilfsstoffe<\/p>\n<p>Hydroxypropylmethylcellulose<br \/>\nMikrokristalline Cellulose<br \/>\nMagnesiumsalze von Fetts\u00e4uren<br \/>\nSiliciumdioxid<br \/>\nMagnesiumcarbonat<br \/>\nDicalciumphosphat<\/p>\n<p>Eigenschaften<\/p>\n<p>Von dem Moment an, in dem Sie schwanger werden m\u00f6chten, bis zum Ende der Stillzeit<br \/>\nWichtige Vitamine und Mineralien<br \/>\nHochdosierte B-Vitamine sowie die Vitamine B6, B9 und B12 in ihrer aktiven Form: reich an Folat (5-MTHF)<br \/>\nMineralien mit hoher Bioverf\u00fcgbarkeit<br \/>\nEntspricht den europ\u00e4ischen Richtlinien<br \/>\nGeeignet beim Stillen<br \/>\nGlutenfrei<br \/>\nLaktosefrei<br \/>\nGeeignet w\u00e4hrend der Schwangerschaft<br \/>\nSojafrei<br \/>\nGeeignet f\u00fcr Vegetarier<\/p>","protected":false},"excerpt":{"rendered":"<p>Allgemeine Beschreibung BariNutrics Prenatal enth\u00e4lt Folat, das zum Wachstum des fetalen Gewebes w\u00e4hrend der Schwangerschaft beitr\u00e4gt. Indikation Spezifisches Multivitaminpr\u00e4parat f\u00fcr die postbariatrische Schwangerschaft Kontraindikationen Nicht geeignet f\u00fcr Personen, die eine gerinnungshemmende Behandlung mit Cumarin einnehmen. Verwenden 2 Kapseln pro Tag (vorzugsweise 1 zum Mittagessen und 1 zum Abendessen) Komposition Zutaten Inhaltsstoffform Menge % RI Vitamin [&hellip;]<\/p>\n","protected":false},"featured_media":44260,"template":"","meta":{"_acf_changed":false,"footnotes":""},"product_brand":[],"product_cat":[42,138,111],"product_tag":[],"class_list":{"0":"post-44259","1":"product","2":"type-product","3":"status-publish","4":"has-post-thumbnail","6":"product_cat-para-pharmacie","7":"product_cat-complements-grosses-et-conception","8":"product_cat-maman-grossesse","10":"first","11":"instock","12":"taxable","13":"shipping-taxable","14":"purchasable","15":"product-type-simple"},"acf":[],"_links":{"self":[{"href":"https:\/\/www.pharmacieonline.lu\/de\/wp-json\/wp\/v2\/product\/44259","targetHints":{"allow":["GET"]}}],"collection":[{"href":"https:\/\/www.pharmacieonline.lu\/de\/wp-json\/wp\/v2\/product"}],"about":[{"href":"https:\/\/www.pharmacieonline.lu\/de\/wp-json\/wp\/v2\/types\/product"}],"version-history":[{"count":0,"href":"https:\/\/www.pharmacieonline.lu\/de\/wp-json\/wp\/v2\/product\/44259\/revisions"}],"wp:featuredmedia":[{"embeddable":true,"href":"https:\/\/www.pharmacieonline.lu\/de\/wp-json\/wp\/v2\/media\/44260"}],"wp:attachment":[{"href":"https:\/\/www.pharmacieonline.lu\/de\/wp-json\/wp\/v2\/media?parent=44259"}],"wp:term":[{"taxonomy":"product_brand","embeddable":true,"href":"https:\/\/www.pharmacieonline.lu\/de\/wp-json\/wp\/v2\/product_brand?post=44259"},{"taxonomy":"product_cat","embeddable":true,"href":"https:\/\/www.pharmacieonline.lu\/de\/wp-json\/wp\/v2\/product_cat?post=44259"},{"taxonomy":"product_tag","embeddable":true,"href":"https:\/\/www.pharmacieonline.lu\/de\/wp-json\/wp\/v2\/product_tag?post=44259"}],"curies":[{"name":"wp","href":"https:\/\/api.w.org\/{rel}","templated":true}]}}