{"id":44262,"date":"2024-04-12T13:35:30","date_gmt":"2024-04-12T11:35:30","guid":{"rendered":"https:\/\/www.pharmacieonline.lu\/?post_type=product&#038;p=44262"},"modified":"2026-04-10T06:25:13","modified_gmt":"2026-04-10T04:25:13","slug":"basenpulver-verla-purkaps-60-kaps","status":"publish","type":"product","link":"https:\/\/www.pharmacieonline.lu\/de\/produit\/basenpulver-verla-purkaps-60-kaps\/","title":{"rendered":"BASENPULVER VERLA PURKAPS 60 KAPS"},"content":{"rendered":"<p>Wirkstoffe<br \/>\nChrom(III)-chlorid<br \/>\nKaliumhydrogencarbonat<br \/>\nNatriumselenat<br \/>\nMagnesiumcarbonat<br \/>\nZinkcitrat<br \/>\nTrimagnesiumdicitrat<br \/>\nD-Glucons\u00e4ure, Kupfer(II)-Salz<br \/>\nWasserfreies Natriummolybdat<br \/>\nKalziumkarbonat<br \/>\nHilfsstoffe<br \/>\nHypromellose<br \/>\nFetts\u00e4uren, Magnesiumsalze<\/p>\n<p>Nahrungserg\u00e4nzungsmittel sind kein Ersatz f\u00fcr eine ausgewogene und abwechslungsreiche Ern\u00e4hrung und eine gesunde Lebensweise.<\/p>\n<p>Verla\u00ae purKaps Basenpulver<br \/>\nNahrungserg\u00e4nzungsmittel mit Mineralien<\/p>\n<p>Verla\u00ae purKaps Basenpulver ist eine ausgewogene Kombination aus Mineralien und Spurenelementen. Alle Stoffwechselvorg\u00e4nge und K\u00f6rperfunktionen sind auf ein ausgewogenes Verh\u00e4ltnis von S\u00e4uren und Basen angewiesen.<\/p>\n<p>Um dieses Gleichgewicht aufrechtzuerhalten, verf\u00fcgt der K\u00f6rper unter anderem \u00fcber Puffersysteme, die \u00fcbersch\u00fcssige S\u00e4uren oder Basen neutralisieren k\u00f6nnen. Bei der \u00fcblichen Ern\u00e4hrung wird ein \u00dcberschuss an s\u00e4uernden Stoffen zugef\u00fchrt.<\/p>\n<p>Dabei handelt es sich \u00fcberwiegend um Lebensmittel tierischen Ursprungs wie Fleisch, Wurstwaren, Milch und Milchprodukte, aber auch Getreideprodukte. Die wichtigsten Grundquellen sind Obst und Gem\u00fcse. Weitere m\u00f6gliche Gr\u00fcnde f\u00fcr einen S\u00e4ure\u00fcberschuss sind schlechte Essgewohnheiten (zu schnell, zu sp\u00e4t abends oder zu viel auf einmal), zu wenig Bewegung oder Fastenkuren und Di\u00e4ten.<\/p>\n<p>Verla\u00ae purKaps basisches Nahrungserg\u00e4nzungsmittel in Pulverform enth\u00e4lt eine ausgewogene Kombination aus Mineralstoffen und Spurenelementen, darunter Zink, das unter anderem f\u00fcr die Regulierung des S\u00e4ure-Basen-Haushalts notwendig ist.<\/p>\n<p>Zutaten :<br \/>\nKaliumbicarbonat; Kalziumkarbonat; Magnesiumcitrat; \u00dcberzugsmittel Hydroxypropylmethylcellulose (Kapselh\u00fclle) 11 %; Magnesiumcarbonat; F\u00fcllstoff mikrokristalline Cellulose, Cellulosegel; Trennmittel, Magnesiumsalze von Speisefetts\u00e4uren; Zinkcitrat; Kupfergluconat; Natriumselenat; Natriummolybdat; Chrom(III)-chlorid. Gluten- und laktosefrei.<\/p>\n<p>Mineralien nach Empfehlung<br \/>\nt\u00e4glich (2 Kapseln)<br \/>\nKalzium 200,0 mg<br \/>\nMagnesium 100,0 mg<br \/>\nKalium 300,0 mg<br \/>\nChrom 20,0 \u03bcg<br \/>\nKupfer 0,5 mg<br \/>\nZink 5,0 mg<br \/>\nMolybd\u00e4n 25,0 \u03bcg<br \/>\nSelen 27,5 \u03bcg<\/p>\n<p>Empfohlene Nutzung:<br \/>\nNehmen Sie einmal t\u00e4glich 2 Kapseln mit etwas Fl\u00fcssigkeit ein.<\/p>\n<p>Die Kapseln k\u00f6nnen ge\u00f6ffnet werden. Es besteht die M\u00f6glichkeit, den Inhalt der Kapsel beispielsweise in ein Getr\u00e4nk, Brei oder Joghurt einzuarbeiten.<\/p>\n<p>Bemerkte :<br \/>\n\u00dcberschreiten Sie nicht die empfohlene Tagesmenge.<\/p>\n<p>Erhaltung:<br \/>\nAn einem k\u00fchlen, lichtgesch\u00fctzten Ort (6\u201325 \u00b0C) lagern. Au\u00dferhalb der Reichweite von Kindern aufbewahren.<\/p>\n<p>Nettomenge:<br \/>\n60 Kapseln = 63,2 g<\/p>","protected":false},"excerpt":{"rendered":"<p>Wirkstoffe Chrom(III)-chlorid Kaliumhydrogencarbonat Natriumselenat Magnesiumcarbonat Zinkcitrat Trimagnesiumdicitrat D-Glucons\u00e4ure, Kupfer(II)-Salz Wasserfreies Natriummolybdat Kalziumkarbonat Hilfsstoffe Hypromellose Fetts\u00e4uren, Magnesiumsalze Nahrungserg\u00e4nzungsmittel sind kein Ersatz f\u00fcr eine ausgewogene und abwechslungsreiche Ern\u00e4hrung und eine gesunde Lebensweise. Verla\u00ae purKaps Basenpulver Nahrungserg\u00e4nzungsmittel mit Mineralien Verla\u00ae purKaps Basenpulver ist eine ausgewogene Kombination aus Mineralien und Spurenelementen. Alle Stoffwechselvorg\u00e4nge und K\u00f6rperfunktionen sind auf ein ausgewogenes [&hellip;]<\/p>\n","protected":false},"featured_media":44263,"template":"","meta":{"_acf_changed":false,"footnotes":""},"product_brand":[],"product_cat":[42,953],"product_tag":[],"class_list":{"0":"post-44262","1":"product","2":"type-product","3":"status-publish","4":"has-post-thumbnail","6":"product_cat-para-pharmacie","7":"product_cat-complements-alimentaires","9":"first","10":"instock","11":"taxable","12":"shipping-taxable","13":"purchasable","14":"product-type-simple"},"acf":[],"_links":{"self":[{"href":"https:\/\/www.pharmacieonline.lu\/de\/wp-json\/wp\/v2\/product\/44262","targetHints":{"allow":["GET"]}}],"collection":[{"href":"https:\/\/www.pharmacieonline.lu\/de\/wp-json\/wp\/v2\/product"}],"about":[{"href":"https:\/\/www.pharmacieonline.lu\/de\/wp-json\/wp\/v2\/types\/product"}],"version-history":[{"count":0,"href":"https:\/\/www.pharmacieonline.lu\/de\/wp-json\/wp\/v2\/product\/44262\/revisions"}],"wp:featuredmedia":[{"embeddable":true,"href":"https:\/\/www.pharmacieonline.lu\/de\/wp-json\/wp\/v2\/media\/44263"}],"wp:attachment":[{"href":"https:\/\/www.pharmacieonline.lu\/de\/wp-json\/wp\/v2\/media?parent=44262"}],"wp:term":[{"taxonomy":"product_brand","embeddable":true,"href":"https:\/\/www.pharmacieonline.lu\/de\/wp-json\/wp\/v2\/product_brand?post=44262"},{"taxonomy":"product_cat","embeddable":true,"href":"https:\/\/www.pharmacieonline.lu\/de\/wp-json\/wp\/v2\/product_cat?post=44262"},{"taxonomy":"product_tag","embeddable":true,"href":"https:\/\/www.pharmacieonline.lu\/de\/wp-json\/wp\/v2\/product_tag?post=44262"}],"curies":[{"name":"wp","href":"https:\/\/api.w.org\/{rel}","templated":true}]}}