{"id":44265,"date":"2024-04-12T14:30:34","date_gmt":"2024-04-12T12:30:34","guid":{"rendered":"https:\/\/www.pharmacieonline.lu\/?post_type=product&#038;p=44265"},"modified":"2026-04-07T18:25:24","modified_gmt":"2026-04-07T16:25:24","slug":"bayers-diastix-a-50","status":"publish","type":"product","link":"https:\/\/www.pharmacieonline.lu\/de\/produit\/bayers-diastix-a-50\/","title":{"rendered":"BAYERS DIASTIX A 50"},"content":{"rendered":"<p>Zur Bestimmung der Glukosemenge im Urin.<\/p>\n<p>Diastix-Teststreifen bestimmen die Glukosemenge im Urin. Sie informieren Sie und Ihren Arzt \u00fcber Ver\u00e4nderungen Ihres Gesundheitszustands, die m\u00f6glicherweise eine Anpassung Ihrer Ern\u00e4hrung und\/oder Ihrer medikament\u00f6sen Behandlung erforderlich machen. Sind f\u00fcr die \u00dcberwachung des Glukosespiegels im Urin durch Diabetiker selbst und durch medizinisches Fachpersonal bestimmt. Der Teststreifen ist spezifisch und kann nur zur Bestimmung der Glukosemenge im Urin verwendet werden. Das Testfeld des Diastix-Teststreifens ist direkt aus der Flasche einsatzbereit. Es ist wichtig, dass Sie den von Ihrem Arzt oder Fachlehrer f\u00fcr Sie festgelegten Testplan sorgf\u00e4ltig befolgen.<\/p>\n<p>&nbsp;<\/p>\n<p>Zur \u00dcberwachung des Uringlukosespiegels bestimmt.<\/p>","protected":false},"excerpt":{"rendered":"<p>Zur Bestimmung der Glukosemenge im Urin. Diastix-Teststreifen bestimmen die Glukosemenge im Urin. Sie informieren Sie und Ihren Arzt \u00fcber Ver\u00e4nderungen Ihres Gesundheitszustands, die m\u00f6glicherweise eine Anpassung Ihrer Ern\u00e4hrung und\/oder Ihrer medikament\u00f6sen Behandlung erforderlich machen. Sind f\u00fcr die \u00dcberwachung des Glukosespiegels im Urin durch Diabetiker selbst und durch medizinisches Fachpersonal bestimmt. Der Teststreifen ist spezifisch und [&hellip;]<\/p>\n","protected":false},"featured_media":44266,"template":"","meta":{"_acf_changed":false,"footnotes":""},"product_brand":[],"product_cat":[45],"product_tag":[],"class_list":{"0":"post-44265","1":"product","2":"type-product","3":"status-publish","4":"has-post-thumbnail","6":"product_cat-materiel-medical","8":"first","9":"outofstock","10":"taxable","11":"shipping-taxable","12":"purchasable","13":"product-type-simple"},"acf":[],"_links":{"self":[{"href":"https:\/\/www.pharmacieonline.lu\/de\/wp-json\/wp\/v2\/product\/44265","targetHints":{"allow":["GET"]}}],"collection":[{"href":"https:\/\/www.pharmacieonline.lu\/de\/wp-json\/wp\/v2\/product"}],"about":[{"href":"https:\/\/www.pharmacieonline.lu\/de\/wp-json\/wp\/v2\/types\/product"}],"version-history":[{"count":0,"href":"https:\/\/www.pharmacieonline.lu\/de\/wp-json\/wp\/v2\/product\/44265\/revisions"}],"wp:featuredmedia":[{"embeddable":true,"href":"https:\/\/www.pharmacieonline.lu\/de\/wp-json\/wp\/v2\/media\/44266"}],"wp:attachment":[{"href":"https:\/\/www.pharmacieonline.lu\/de\/wp-json\/wp\/v2\/media?parent=44265"}],"wp:term":[{"taxonomy":"product_brand","embeddable":true,"href":"https:\/\/www.pharmacieonline.lu\/de\/wp-json\/wp\/v2\/product_brand?post=44265"},{"taxonomy":"product_cat","embeddable":true,"href":"https:\/\/www.pharmacieonline.lu\/de\/wp-json\/wp\/v2\/product_cat?post=44265"},{"taxonomy":"product_tag","embeddable":true,"href":"https:\/\/www.pharmacieonline.lu\/de\/wp-json\/wp\/v2\/product_tag?post=44265"}],"curies":[{"name":"wp","href":"https:\/\/api.w.org\/{rel}","templated":true}]}}