{"id":44268,"date":"2024-04-12T15:08:21","date_gmt":"2024-04-12T13:08:21","guid":{"rendered":"https:\/\/www.pharmacieonline.lu\/?post_type=product&#038;p=44268"},"modified":"2026-04-10T08:25:18","modified_gmt":"2026-04-10T06:25:18","slug":"bcaa-synergy-plus-120-caps","status":"publish","type":"product","link":"https:\/\/www.pharmacieonline.lu\/de\/produit\/bcaa-synergy-plus-120-caps\/","title":{"rendered":"BCAA SYNERGY PLUS 120 CAPS"},"content":{"rendered":"<p>Das BCAA Synergy + von STC Nutrition ist ein Nahrungserg\u00e4nzungsmittel zur Reduzierung von Muskelerm\u00fcdung. Ideal bei Schmerzen, in der Vorfreude und\/oder nach dem Sport.<\/p>\n<p>Zielsetzung :<br \/>\nVersorgen Sie den K\u00f6rper mit den essentiellen N\u00e4hrstoffen, die er f\u00fcr das reibungslose Funktionieren des Stoffwechsels ben\u00f6tigt, der an der Widerstandskraft des K\u00f6rpers gegen k\u00f6rperliche Bet\u00e4tigung beteiligt ist (Energie, Muskel-, Gelenk-, Immunfunktionen usw.).<\/p>\n<p>Begrenzen Sie Schmerzen, die nach dem Training auftreten und auf den Abbau von Muskelfasern w\u00e4hrend des Trainings zur\u00fcckzuf\u00fchren sind.<\/p>\n<p>Es besteht aus: Leucin, Valin, Isoleucin, Glutamin und Vitamin B<\/p>\n<p>Verzweigte Aminos\u00e4uren (BCAA), Hauptbestandteile der Muskeln: L-Leucin, L-Valin und L-Isoleucin; sowie Glutamin.<br \/>\nReich an den Vitaminen B2, B6 und B12, die: dazu beitragen, M\u00fcdigkeit, wie sie beispielsweise durch Sport entsteht, zu reduzieren.<\/p>\n<p>Das + Produkt:<br \/>\n\u2022 Muskelregeneration<br \/>\n\u2022 Ideal gegen Schmerzen<br \/>\n\u2022 120 pflanzliche Kapseln<br \/>\n\u2022 Vegan<\/p>\n<p>Komposition<\/p>\n<p>Durchschnittliche N\u00e4hrwertangaben f\u00fcr 4 Kapseln:<\/p>\n<p>Durchschnittliche N\u00e4hrwertangaben f\u00fcr 4 Kapseln<br \/>\nBCAA (verzweigte Aminos\u00e4uren)<br \/>\nEinschlie\u00dflich L-Leucin<br \/>\nEinschlie\u00dflich L-Valin<br \/>\nEinschlie\u00dflich L-Isoleucin 1200 mg<br \/>\n600 mg<br \/>\n300 mg<br \/>\n300 mg<br \/>\nL-Glutamin 600 mg<br \/>\nVitamin B6 1,4 mg (100 % AR)<br \/>\nVitamin B2 1,4 mg (100 % AR)<br \/>\nVitamin B12 2,5 \u03bcg (100 % AR)<\/p>\n<p>AR: Referenzeinnahmen<\/p>\n<p>Zutaten: Aminos\u00e4uren (L-Glutamin, L-Leucin, L-Valin, L-Isoleucin), pflanzliche Kapsel (HPMC, Farbstoff: Kupferkomplex von Chlorophyllinen), Emulgator: Magnesiumstearat, Vitamine B2-B6-B12.<\/p>\n<p>Anwendungstipps<\/p>\n<p>Ideal bei Schmerzen, in der Vorfreude und\/oder nach dem Sport. 4 Kapseln pro Tag, vorzugsweise abends vor dem Schlafengehen mit einem Glas Wasser, oder an Trainingstagen 2 Kapseln 1 Stunde vor dem Training und 2 Kapseln maximal 30 Minuten nach dem Training. 30-Tage-Kur.<\/p>\n<p>Empfehlungen: Au\u00dferhalb der Reichweite von Kindern, Hitze und Feuchtigkeit aufbewahren. Im Rahmen einer abwechslungsreichen und ausgewogenen Ern\u00e4hrung und eines gesunden Lebensstils zu verzehren. Es wird empfohlen, die empfohlene Dosierung nicht zu \u00fcberschreiten<\/p>","protected":false},"excerpt":{"rendered":"<p>Das BCAA Synergy + von STC Nutrition ist ein Nahrungserg\u00e4nzungsmittel zur Reduzierung von Muskelerm\u00fcdung. Ideal bei Schmerzen, in der Vorfreude und\/oder nach dem Sport. Zielsetzung : Versorgen Sie den K\u00f6rper mit den essentiellen N\u00e4hrstoffen, die er f\u00fcr das reibungslose Funktionieren des Stoffwechsels ben\u00f6tigt, der an der Widerstandskraft des K\u00f6rpers gegen k\u00f6rperliche Bet\u00e4tigung beteiligt ist (Energie, [&hellip;]<\/p>\n","protected":false},"featured_media":44269,"template":"","meta":{"_acf_changed":false,"footnotes":""},"product_brand":[],"product_cat":[42,953],"product_tag":[],"class_list":{"0":"post-44268","1":"product","2":"type-product","3":"status-publish","4":"has-post-thumbnail","6":"product_cat-para-pharmacie","7":"product_cat-complements-alimentaires","9":"first","10":"outofstock","11":"taxable","12":"shipping-taxable","13":"purchasable","14":"product-type-simple"},"acf":[],"_links":{"self":[{"href":"https:\/\/www.pharmacieonline.lu\/de\/wp-json\/wp\/v2\/product\/44268","targetHints":{"allow":["GET"]}}],"collection":[{"href":"https:\/\/www.pharmacieonline.lu\/de\/wp-json\/wp\/v2\/product"}],"about":[{"href":"https:\/\/www.pharmacieonline.lu\/de\/wp-json\/wp\/v2\/types\/product"}],"version-history":[{"count":0,"href":"https:\/\/www.pharmacieonline.lu\/de\/wp-json\/wp\/v2\/product\/44268\/revisions"}],"wp:featuredmedia":[{"embeddable":true,"href":"https:\/\/www.pharmacieonline.lu\/de\/wp-json\/wp\/v2\/media\/44269"}],"wp:attachment":[{"href":"https:\/\/www.pharmacieonline.lu\/de\/wp-json\/wp\/v2\/media?parent=44268"}],"wp:term":[{"taxonomy":"product_brand","embeddable":true,"href":"https:\/\/www.pharmacieonline.lu\/de\/wp-json\/wp\/v2\/product_brand?post=44268"},{"taxonomy":"product_cat","embeddable":true,"href":"https:\/\/www.pharmacieonline.lu\/de\/wp-json\/wp\/v2\/product_cat?post=44268"},{"taxonomy":"product_tag","embeddable":true,"href":"https:\/\/www.pharmacieonline.lu\/de\/wp-json\/wp\/v2\/product_tag?post=44268"}],"curies":[{"name":"wp","href":"https:\/\/api.w.org\/{rel}","templated":true}]}}