{"id":44274,"date":"2024-04-12T15:23:42","date_gmt":"2024-04-12T13:23:42","guid":{"rendered":"https:\/\/www.pharmacieonline.lu\/?post_type=product&#038;p=44274"},"modified":"2026-04-19T07:55:11","modified_gmt":"2026-04-19T05:55:11","slug":"becozyme-60-cpr","status":"publish","type":"product","link":"https:\/\/www.pharmacieonline.lu\/de\/produit\/becozyme-60-cpr\/","title":{"rendered":"BECOZYME 60 CPR"},"content":{"rendered":"<p>Die in Becozyme Brausetabletten enthaltenen Wirkstoffe sind die 8 B-Vitamine, Vitamin C, Calcium, Magnesium und Zink. Becozyme Brausetabletten werden zur Behandlung eines Mangels oder erh\u00f6hten Bedarfs an Vitamin B und C sowie Zink eingesetzt.<\/p>\n<p>Becozyme-Zutaten<\/p>\n<p>Die Wirkstoffe sind:<\/p>\n<p>Ascorbins\u00e4ure (Vitamin C) 500 mg<br \/>\nThiaminhydrochlorid (Vitamin B1) 15 mg<br \/>\nRiboflavin (Vitamin B2) 15 mg<br \/>\nNicotinamid (Vitamin B3) 50 mg<br \/>\nCalciumpantothenat entsprechend Pantothens\u00e4ure (Vitamin B5) 23 mg<br \/>\nPyridoxinhydrochlorid (Vitamin B6) 10 mg<br \/>\nCyanocobalamin (Vitamin B12) 0,01 mg<br \/>\nBiotin 0,15 mg<br \/>\nFols\u00e4ure 0,4 mg<br \/>\nCalciumcarbonat 244 mg (Gesamtcalcium 100 mg)<br \/>\nMagnesiumcarbonat 195 mg<br \/>\nMagnesiumsulfat-Dihydrat 328 mg (Gesamtmagnesium 100 mg)<br \/>\nZinkcitrat-Trihydrat 32 mg (Gesamtzink 10 mg)<\/p>\n<p>Die anderen Komponenten sind:<\/p>\n<p>Zitronens\u00e4ure, Natriumbicarbonat, Natriumchlorid, Acesulfam K (20 mg), Aspartam E951 (25 mg), Mannitol E421 (276 mg), Polysorbat 60, Natriumcarbonat, Beta-Carotin-Farbstoffe 1 % SD und Rote-Bete-Extrakt, Natriumcitrat und Maltodextrin und ein Aroma, PERMASEAL Orangenaroma PHS-131987.<\/p>\n<p>Beta-Carotin 1 % SD enth\u00e4lt Beta-Carotin, Natriumascorbat, Alphatocopherol, Akaziengummi, Kokosnuss\u00f6l, Saccharose und Maltodextrin. PERMASEAL PHS-131987 Orangengeschmack enth\u00e4lt Aromen, nat\u00fcrliche Aromen, Maltodextrin und Gummi arabicum.<\/p>\n<p>Die empfohlene Dosis f\u00fcr Erwachsene und Kinder \u00fcber 11 Jahre betr\u00e4gt 1 Brausetablette pro Tag. Die Brausetablette sollte in einem Glas Wasser aufgel\u00f6st werden.<\/p>\n<p>\u00dcberschreiten Sie nicht die empfohlene Tagesdosis.<\/p>","protected":false},"excerpt":{"rendered":"<p>Die in Becozyme Brausetabletten enthaltenen Wirkstoffe sind die 8 B-Vitamine, Vitamin C, Calcium, Magnesium und Zink. Becozyme Brausetabletten werden zur Behandlung eines Mangels oder erh\u00f6hten Bedarfs an Vitamin B und C sowie Zink eingesetzt. Becozyme-Zutaten Die Wirkstoffe sind: Ascorbins\u00e4ure (Vitamin C) 500 mg Thiaminhydrochlorid (Vitamin B1) 15 mg Riboflavin (Vitamin B2) 15 mg Nicotinamid (Vitamin [&hellip;]<\/p>\n","protected":false},"featured_media":44275,"template":"","meta":{"_acf_changed":false,"footnotes":""},"product_brand":[],"product_cat":[42,766],"product_tag":[],"class_list":{"0":"post-44274","1":"product","2":"type-product","3":"status-publish","4":"has-post-thumbnail","6":"product_cat-para-pharmacie","7":"product_cat-vitamines","9":"first","10":"outofstock","11":"taxable","12":"shipping-taxable","13":"purchasable","14":"product-type-simple"},"acf":[],"_links":{"self":[{"href":"https:\/\/www.pharmacieonline.lu\/de\/wp-json\/wp\/v2\/product\/44274","targetHints":{"allow":["GET"]}}],"collection":[{"href":"https:\/\/www.pharmacieonline.lu\/de\/wp-json\/wp\/v2\/product"}],"about":[{"href":"https:\/\/www.pharmacieonline.lu\/de\/wp-json\/wp\/v2\/types\/product"}],"version-history":[{"count":0,"href":"https:\/\/www.pharmacieonline.lu\/de\/wp-json\/wp\/v2\/product\/44274\/revisions"}],"wp:featuredmedia":[{"embeddable":true,"href":"https:\/\/www.pharmacieonline.lu\/de\/wp-json\/wp\/v2\/media\/44275"}],"wp:attachment":[{"href":"https:\/\/www.pharmacieonline.lu\/de\/wp-json\/wp\/v2\/media?parent=44274"}],"wp:term":[{"taxonomy":"product_brand","embeddable":true,"href":"https:\/\/www.pharmacieonline.lu\/de\/wp-json\/wp\/v2\/product_brand?post=44274"},{"taxonomy":"product_cat","embeddable":true,"href":"https:\/\/www.pharmacieonline.lu\/de\/wp-json\/wp\/v2\/product_cat?post=44274"},{"taxonomy":"product_tag","embeddable":true,"href":"https:\/\/www.pharmacieonline.lu\/de\/wp-json\/wp\/v2\/product_tag?post=44274"}],"curies":[{"name":"wp","href":"https:\/\/api.w.org\/{rel}","templated":true}]}}