{"id":44282,"date":"2024-04-12T15:45:26","date_gmt":"2024-04-12T13:45:26","guid":{"rendered":"https:\/\/www.pharmacieonline.lu\/?post_type=product&#038;p=44282"},"modified":"2026-04-10T06:25:40","modified_gmt":"2026-04-10T04:25:40","slug":"belene-collagen-a-age-beauty-drink-1025","status":"publish","type":"product","link":"https:\/\/www.pharmacieonline.lu\/de\/produit\/belene-collagen-a-age-beauty-drink-1025\/","title":{"rendered":"BELENE COLLAGEN A\/AGE BEAUTY DRINK 10*25"},"content":{"rendered":"<p>Mimikfalten, beginnende F\u00e4ltchen, Kr\u00e4henf\u00fc\u00dfe&#8230; So viele Naturph\u00e4nomene, die zum Altern dazugeh\u00f6ren, aber nicht ins Sch\u00f6nheitsideal passen. Bel\u00e8nes Collagen Anti-Aging Beauty Drink ist eine propriet\u00e4re Formel, die marine Kollagenpeptide, hochdosierte Hyalurons\u00e4ure und einen Komplex aus Vitaminen und Mineralstoffen enth\u00e4lt. Vitamin C tr\u00e4gt zur normalen Kollagenbildung bei und unterst\u00fctzt so die normale Funktion der Haut.<\/p>\n<p>Die Wirksamkeit der Wirkung der im Collagen Anti-Aging Beauty Drink enthaltenen Inhaltsstoffe ist durch mehrere wissenschaftliche Studien klinisch belegt.<\/p>\n<p>Alle Inhaltsstoffe des Collagen Anti-Aging Beauty Drinks wurden von Forschern sorgf\u00e4ltig ausgew\u00e4hlt. Dieses Kollagengetr\u00e4nk enth\u00e4lt weder Zucker noch k\u00fcnstliche Farbstoffe.<\/p>\n<p>&nbsp;<\/p>\n<p>Arbeit<\/p>\n<p>Empfohlene Tagesdosis:<br \/>\n25 ml pro Tag. Der Collagen Anti-Aging Beauty Drink hat einen angenehmen Geschmack (Zitrusaroma) und kann unverd\u00fcnnt getrunken werden. Es ist nicht n\u00f6tig, die Flaschen im K\u00fchlschrank aufzubewahren, aber f\u00fcr einen noch erfrischenderen Geschmack spricht nichts dagegen.<\/p>\n<p>F\u00fcr optimale Ergebnisse wird empfohlen, Collagen Anti-Aging Beauty Drink \u00fcber einen Zeitraum von mindestens 30 Tagen und idealerweise \u00fcber einen Zeitraum von 90 Tagen zu konsumieren.<\/p>\n<p>Zutaten<\/p>\n<p>Wasser, marine Kollagenpeptide (Fisch), Feuchthaltemittel (Glycerin), S\u00e4uerungsmittel (Zitronens\u00e4ure), Aroma (Zitrusfrucht), Hyalurons\u00e4ure, L-Ascorbins\u00e4ure, Zinkgluconat, Konservierungsmittel (Kaliumsorbat, Natriumbenzoat), Acetat DL-alpha- Tocopheryl, S\u00fc\u00dfstoff (Steviolglykoside), Riboflavin.<\/p>\n<p>Zusammensetzung pro 25 ml<\/p>\n<p>Meereskollagenpeptide 5000 mg &#8211;<br \/>\nHyalurons\u00e4ure 120 mg &#8211;<br \/>\nVitamin C 100 mg 125 % AR<br \/>\nVitamin E 10 mg 83 % AR<br \/>\nVitamin B2 2 mg 143 % AR<br \/>\nZink 5 mg 50 % AR<\/p>\n<p>AR = Referenzaufnahme<\/p>\n<p>Warnung<\/p>\n<p>Dieses Nahrungserg\u00e4nzungsmittel ersetzt weder eine abwechslungsreiche und ausgewogene Ern\u00e4hrung noch eine gesunde Lebensweise.<br \/>\nAn einem k\u00fchlen, trockenen Ort \u00fcber 25 \u00b0C lagern.<br \/>\nAu\u00dferhalb der Reichweite von Kindern aufbewahren.<br \/>\n\u00dcberschreiten Sie nicht die empfohlene Dosis.<br \/>\nVor direkter Sonneneinstrahlung sch\u00fctzen.<br \/>\nPlastikflaschen bestehen aus recycelbaren Materialien und k\u00f6nnen in PMC-Beuteln verpackt und wieder recycelt werden.<\/p>","protected":false},"excerpt":{"rendered":"<p>Mimikfalten, beginnende F\u00e4ltchen, Kr\u00e4henf\u00fc\u00dfe&#8230; So viele Naturph\u00e4nomene, die zum Altern dazugeh\u00f6ren, aber nicht ins Sch\u00f6nheitsideal passen. Bel\u00e8nes Collagen Anti-Aging Beauty Drink ist eine propriet\u00e4re Formel, die marine Kollagenpeptide, hochdosierte Hyalurons\u00e4ure und einen Komplex aus Vitaminen und Mineralstoffen enth\u00e4lt. Vitamin C tr\u00e4gt zur normalen Kollagenbildung bei und unterst\u00fctzt so die normale Funktion der Haut. Die Wirksamkeit [&hellip;]<\/p>\n","protected":false},"featured_media":44283,"template":"","meta":{"_acf_changed":false,"footnotes":""},"product_brand":[],"product_cat":[42,953],"product_tag":[],"class_list":{"0":"post-44282","1":"product","2":"type-product","3":"status-publish","4":"has-post-thumbnail","6":"product_cat-para-pharmacie","7":"product_cat-complements-alimentaires","9":"first","10":"outofstock","11":"taxable","12":"shipping-taxable","13":"purchasable","14":"product-type-simple"},"acf":[],"_links":{"self":[{"href":"https:\/\/www.pharmacieonline.lu\/de\/wp-json\/wp\/v2\/product\/44282","targetHints":{"allow":["GET"]}}],"collection":[{"href":"https:\/\/www.pharmacieonline.lu\/de\/wp-json\/wp\/v2\/product"}],"about":[{"href":"https:\/\/www.pharmacieonline.lu\/de\/wp-json\/wp\/v2\/types\/product"}],"version-history":[{"count":0,"href":"https:\/\/www.pharmacieonline.lu\/de\/wp-json\/wp\/v2\/product\/44282\/revisions"}],"wp:featuredmedia":[{"embeddable":true,"href":"https:\/\/www.pharmacieonline.lu\/de\/wp-json\/wp\/v2\/media\/44283"}],"wp:attachment":[{"href":"https:\/\/www.pharmacieonline.lu\/de\/wp-json\/wp\/v2\/media?parent=44282"}],"wp:term":[{"taxonomy":"product_brand","embeddable":true,"href":"https:\/\/www.pharmacieonline.lu\/de\/wp-json\/wp\/v2\/product_brand?post=44282"},{"taxonomy":"product_cat","embeddable":true,"href":"https:\/\/www.pharmacieonline.lu\/de\/wp-json\/wp\/v2\/product_cat?post=44282"},{"taxonomy":"product_tag","embeddable":true,"href":"https:\/\/www.pharmacieonline.lu\/de\/wp-json\/wp\/v2\/product_tag?post=44282"}],"curies":[{"name":"wp","href":"https:\/\/api.w.org\/{rel}","templated":true}]}}