{"id":44291,"date":"2024-04-12T16:24:59","date_gmt":"2024-04-12T14:24:59","guid":{"rendered":"https:\/\/www.pharmacieonline.lu\/?post_type=product&#038;p=44291"},"modified":"2026-04-10T06:25:46","modified_gmt":"2026-04-10T04:25:46","slug":"belene-hyaluronic-ac-hyd-beauty-pill-90","status":"publish","type":"product","link":"https:\/\/www.pharmacieonline.lu\/de\/produit\/belene-hyaluronic-ac-hyd-beauty-pill-90\/","title":{"rendered":"BELENE HYALURONIC AC HYD BEAUTY PILL 90"},"content":{"rendered":"<p>Die Haut ist nach 3 Wochen um 15 % besser mit Feuchtigkeit versorgt<br \/>\nEine organische Substanz, die das 1000-fache ihres Gewichts an Wasser aufnehmen kann.<br \/>\nSorgt f\u00fcr eine gute Wasserspeicherung und Hydratation der Haut.<br \/>\nJe \u00e4lter wir werden, desto weniger Hyalurons\u00e4ure produzieren wir. Ergebnis: Unsere Haut wird trockener und die ersten Mimikfalten entstehen.<br \/>\nDie Einnahme eines Hyalurons\u00e4urepr\u00e4parats n\u00e4hrt die Haut von innen.<\/p>\n<p>Bel\u00e8ne\u00ae Hyaluronic Acid Hydrating Beauty Pill enth\u00e4lt 120 mg Hyalurons\u00e4ure (in Form von Natriumhyaluronat) und einen Vitamin- und Mineralstoffkomplex f\u00fcr eine jugendliche, gut hydratisierte Haut. Vitamin B3, Biotin und Zink tragen zur Erhaltung normaler Haut bei. Vitamin C tr\u00e4gt zu einer normalen Kollagenproduktion bei. Zink, Kupfer und Vitamin C tragen dazu bei, die Zellen vor oxidativem Stress zu sch\u00fctzen und so eine gesunde Haut zu erhalten.<\/p>\n<p>1 Kapsel enth\u00e4lt:<\/p>\n<p>Hyalurons\u00e4ure (Natriumhyaluronat) 120 mg<br \/>\nVitamin C 40 mg<br \/>\nVitamin B3 8 mg<br \/>\nBiotin 25 \u00b5g<br \/>\nZink 2,5 mg<br \/>\nKupfer 0,25 mg<\/p>\n<p>1 Kapsel pro Tag mit einem Glas Wasser. Sichtbare Ergebnisse nach 1 Monat.<\/p>","protected":false},"excerpt":{"rendered":"<p>Die Haut ist nach 3 Wochen um 15 % besser mit Feuchtigkeit versorgt Eine organische Substanz, die das 1000-fache ihres Gewichts an Wasser aufnehmen kann. Sorgt f\u00fcr eine gute Wasserspeicherung und Hydratation der Haut. Je \u00e4lter wir werden, desto weniger Hyalurons\u00e4ure produzieren wir. Ergebnis: Unsere Haut wird trockener und die ersten Mimikfalten entstehen. Die Einnahme [&hellip;]<\/p>\n","protected":false},"featured_media":44292,"template":"","meta":{"_acf_changed":false,"footnotes":""},"product_brand":[],"product_cat":[42,953],"product_tag":[],"class_list":{"0":"post-44291","1":"product","2":"type-product","3":"status-publish","4":"has-post-thumbnail","6":"product_cat-para-pharmacie","7":"product_cat-complements-alimentaires","9":"first","10":"instock","11":"taxable","12":"shipping-taxable","13":"purchasable","14":"product-type-simple"},"acf":[],"_links":{"self":[{"href":"https:\/\/www.pharmacieonline.lu\/de\/wp-json\/wp\/v2\/product\/44291","targetHints":{"allow":["GET"]}}],"collection":[{"href":"https:\/\/www.pharmacieonline.lu\/de\/wp-json\/wp\/v2\/product"}],"about":[{"href":"https:\/\/www.pharmacieonline.lu\/de\/wp-json\/wp\/v2\/types\/product"}],"version-history":[{"count":0,"href":"https:\/\/www.pharmacieonline.lu\/de\/wp-json\/wp\/v2\/product\/44291\/revisions"}],"wp:featuredmedia":[{"embeddable":true,"href":"https:\/\/www.pharmacieonline.lu\/de\/wp-json\/wp\/v2\/media\/44292"}],"wp:attachment":[{"href":"https:\/\/www.pharmacieonline.lu\/de\/wp-json\/wp\/v2\/media?parent=44291"}],"wp:term":[{"taxonomy":"product_brand","embeddable":true,"href":"https:\/\/www.pharmacieonline.lu\/de\/wp-json\/wp\/v2\/product_brand?post=44291"},{"taxonomy":"product_cat","embeddable":true,"href":"https:\/\/www.pharmacieonline.lu\/de\/wp-json\/wp\/v2\/product_cat?post=44291"},{"taxonomy":"product_tag","embeddable":true,"href":"https:\/\/www.pharmacieonline.lu\/de\/wp-json\/wp\/v2\/product_tag?post=44291"}],"curies":[{"name":"wp","href":"https:\/\/api.w.org\/{rel}","templated":true}]}}