{"id":44324,"date":"2024-04-16T16:45:14","date_gmt":"2024-04-16T14:45:14","guid":{"rendered":"https:\/\/www.pharmacieonline.lu\/?post_type=product&#038;p=44324"},"modified":"2026-04-04T21:55:09","modified_gmt":"2026-04-04T19:55:09","slug":"nuxe-hair-le-shampooing-200ml","status":"publish","type":"product","link":"https:\/\/www.pharmacieonline.lu\/de\/produit\/nuxe-hair-le-shampooing-200ml\/","title":{"rendered":"NUXE HAIR LE SHAMPOOING 200ML"},"content":{"rendered":"<p>Hair Prodigieux \u2013 Fangen Sie das Licht ein<\/p>\n<p>Verwandeln Sie Ihr Haar mit der st\u00e4rkenden Kraft von fermentiertem rosa Kamelien\u00f6l!<br \/>\nDas Brilliance Mirror Shampoo basiert auf der Expertise des Nuxe-Labors \u00fcber Pflanzen\u00f6le und reinigt das Haar sanft und parf\u00fcmiert es. Dieses Shampoo ohne Silikone und Sulfate* mit fermentiertem rosa Kamelien\u00f6l pflegt, ohne die Haarfaser zu beschweren. Seine milchige Textur mit dem legend\u00e4ren Duft von Huile Prodigieuse\u00ae umh\u00fcllt das Haar f\u00fcr ein unglaubliches Sinnesritual. Das Haar strahlt vor Glanz und f\u00fchlt sich s\u00fcchtig machend seidig an.<\/p>\n<p>Ab der 1. Bewerbung:<br \/>\n&#8211; Bei 95 % der Benutzer wird das Haar schonend gewaschen.<br \/>\n&#8211; Bei 91 % der Anwender ist das Haar geschmeidig.<br \/>\n&#8211; Bei 95 % der Anwender wird das Haar nicht beschwert.<br \/>\n&#8211; Bei 95 % der Benutzer ist das Haar angenehm duftend.<\/p>\n<p>Tragen Sie Hair Prodigieux\u00ae Shampoo auf Ihr nasses Haar auf, massieren Sie die Kopfhaut und sp\u00fclen Sie es dann aus.<\/p>\n<p>Bei Kontakt mit den Augen aussp\u00fclen.<\/p>\n<p>&#8211; Fermentiertes rosa Kamelien\u00f6l: Dank seines Fermentierungsprozesses verf\u00fcgt Kamelien\u00f6l \u00fcber erh\u00f6hte Reparatur- und N\u00e4hreigenschaften.<\/p>\n<p>&#8211; Reinigungsbasis nat\u00fcrlichen Ursprungs: Enth\u00e4lt 4 Tenside nat\u00fcrlichen Ursprungs und unterschiedlicher Art, um eine gute Reinigungswirkung und eine gute Vertr\u00e4glichkeit zu kombinieren.<\/p>\n<p>&nbsp;<\/p>\n<p>Zutatenliste<\/p>\n<p>Die Listen der Inhaltsstoffe, aus denen die Produkte unserer Marke bestehen, werden regelm\u00e4\u00dfig aktualisiert. Bevor Sie ein Produkt unserer Marke verwenden, lesen Sie bitte die Zutatenliste auf der Verpackung, um sicherzustellen, dass die Inhaltsstoffe f\u00fcr Ihren pers\u00f6nlichen Gebrauch geeignet sind. ZUTATEN: AQUA\/WASSER, COCAMIDOPROPYLBETAIN, NATRIUMMETHYLCOCOYLTAURAT, NATRIUMCOCOYLISETHIONAT, NATRIUMCHLORID, LAURYLGLUCOSID, GLYKOLDISTEARAT, PARFUM\/DUFTSTOFF, GLYCERIN, NATRIUMBENZOAT, KAMELIEN-JAPONICA-SAMEN\u00d6L, ZITRONENS\u00c4URE, GUAR HY. DROXY PROPYLTRIMONIUMCHLORID, ZELLULOSE , ZELLULOSEGUMMI, KARAMELL, BENZOS\u00c4URE, CANDIDA BOMBICOLA\/GLUKOSE\/METHYLRAPSFERMENT, LINALOOL, CITRONELLOL, LIMONEN, GERANIOL [N5402\/A].<\/p>","protected":false},"excerpt":{"rendered":"<p>Hair Prodigieux \u2013 Fangen Sie das Licht ein Verwandeln Sie Ihr Haar mit der st\u00e4rkenden Kraft von fermentiertem rosa Kamelien\u00f6l! Das Brilliance Mirror Shampoo basiert auf der Expertise des Nuxe-Labors \u00fcber Pflanzen\u00f6le und reinigt das Haar sanft und parf\u00fcmiert es. Dieses Shampoo ohne Silikone und Sulfate* mit fermentiertem rosa Kamelien\u00f6l pflegt, ohne die Haarfaser zu [&hellip;]<\/p>\n","protected":false},"featured_media":44325,"template":"","meta":{"_acf_changed":false,"footnotes":""},"product_brand":[],"product_cat":[47,42,756,53],"product_tag":[],"class_list":{"0":"post-44324","1":"product","2":"type-product","3":"status-publish","4":"has-post-thumbnail","6":"product_cat-dermocosmetique","7":"product_cat-para-pharmacie","8":"product_cat-shampoing-cheveux","9":"product_cat-cheveux","11":"first","12":"outofstock","13":"taxable","14":"shipping-taxable","15":"purchasable","16":"product-type-simple"},"acf":[],"_links":{"self":[{"href":"https:\/\/www.pharmacieonline.lu\/de\/wp-json\/wp\/v2\/product\/44324","targetHints":{"allow":["GET"]}}],"collection":[{"href":"https:\/\/www.pharmacieonline.lu\/de\/wp-json\/wp\/v2\/product"}],"about":[{"href":"https:\/\/www.pharmacieonline.lu\/de\/wp-json\/wp\/v2\/types\/product"}],"version-history":[{"count":0,"href":"https:\/\/www.pharmacieonline.lu\/de\/wp-json\/wp\/v2\/product\/44324\/revisions"}],"wp:featuredmedia":[{"embeddable":true,"href":"https:\/\/www.pharmacieonline.lu\/de\/wp-json\/wp\/v2\/media\/44325"}],"wp:attachment":[{"href":"https:\/\/www.pharmacieonline.lu\/de\/wp-json\/wp\/v2\/media?parent=44324"}],"wp:term":[{"taxonomy":"product_brand","embeddable":true,"href":"https:\/\/www.pharmacieonline.lu\/de\/wp-json\/wp\/v2\/product_brand?post=44324"},{"taxonomy":"product_cat","embeddable":true,"href":"https:\/\/www.pharmacieonline.lu\/de\/wp-json\/wp\/v2\/product_cat?post=44324"},{"taxonomy":"product_tag","embeddable":true,"href":"https:\/\/www.pharmacieonline.lu\/de\/wp-json\/wp\/v2\/product_tag?post=44324"}],"curies":[{"name":"wp","href":"https:\/\/api.w.org\/{rel}","templated":true}]}}